{"id":52009,"date":"2020-06-22T16:30:12","date_gmt":"2020-06-22T14:30:12","guid":{"rendered":"https:\/\/norway.eramet.com\/?page_id=52009"},"modified":"2025-08-05T12:21:01","modified_gmt":"2025-08-05T10:21:01","slug":"personvernerklaering","status":"publish","type":"page","link":"https:\/\/norway.eramet.com\/no\/personvernerklaering\/","title":{"rendered":"Personvernerkl\u00e6ring"},"content":{"rendered":"<div class=\"fusion-fullwidth fullwidth-box fusion-builder-row-1 fusion-flex-container nonhundred-percent-fullwidth non-hundred-percent-height-scrolling\" style=\"--awb-border-radius-top-left:0px;--awb-border-radius-top-right:0px;--awb-border-radius-bottom-right:0px;--awb-border-radius-bottom-left:0px;--awb-flex-wrap:wrap;\" ><div class=\"fusion-builder-row fusion-row fusion-flex-align-items-flex-start fusion-flex-content-wrap\" style=\"max-width:1468.8px;margin-left: calc(-2% \/ 2 );margin-right: calc(-2% \/ 2 );\"><div class=\"fusion-layout-column fusion_builder_column fusion-builder-column-0 fusion_builder_column_1_1 1_1 fusion-flex-column\" style=\"--awb-bg-size:cover;--awb-width-large:100%;--awb-margin-top-large:0px;--awb-spacing-right-large:0.98%;--awb-margin-bottom-large:0px;--awb-spacing-left-large:0.98%;--awb-width-medium:100%;--awb-spacing-right-medium:0.98%;--awb-spacing-left-medium:0.98%;--awb-width-small:100%;--awb-spacing-right-small:0.98%;--awb-spacing-left-small:0.98%;\"><div class=\"fusion-column-wrapper fusion-flex-justify-content-flex-start fusion-content-layout-column\"><div class=\"fusion-text fusion-text-1\"><h2 class=\"fusion-responsive-typography-calculated\" style=\"--fontsize: 30;line-height: 1.2\" data-fontsize=\"30\" data-lineheight=\"36px\">Konfidensialitet og integritet<\/h2>\n<p>Konfidensialiteten og integriteten til informasjon kan ikke garanteres p\u00e5 Internett. F\u00f8lgelig kan meldinger du sender oss elektronisk bli fanget opp og\/eller endret, b\u00e5de i innhold og opprinnelse. Eramet Norway p\u00e5tar seg intet ansvar i denne forbindelse. Hvis du ikke \u00f8nsker \u00e5 sende personopplysninger over Internett, kan du sende dem til oss via post.<\/p>\n<h2 class=\"fusion-responsive-typography-calculated\" style=\"--fontsize: 30;line-height: 1.2\" data-fontsize=\"30\" data-lineheight=\"36px\">Personopplysninger<\/h2>\n<p>Eramet Norway er sv\u00e6rt n\u00f8ye med hvordan vi bruker personopplysninger. Vi \u00f8nsker \u00e5 v\u00e6re \u00e5pne om v\u00e5re retningslinjer for innsamling, bruk og utlevering av personopplysninger som du gir oss. Dette gjelder ogs\u00e5 alle typer data som kan samles inn ved hjelp av informasjonskapsler eller andre teknologier som brukes p\u00e5 nettstedet.<\/p>\n<h2 class=\"fusion-responsive-typography-calculated\" style=\"--fontsize: 30;line-height: 1.2\" data-fontsize=\"30\" data-lineheight=\"36px\">Innsamling og bruk av personopplysninger<\/h2>\n<p>Vi kan samle inn personopplysninger som du frivillig gir oss n\u00e5r:<\/p>\n<ul>\n<li>du ber om informasjon om v\u00e5re produkter og\/eller tjenester;<\/li>\n<li>du sender oss sp\u00f8rsm\u00e5l<\/li>\n<li>du abonnerer p\u00e5 tjenestene v\u00e5re;<\/li>\n<li>du sender inn CV-en din direkte eller som svar p\u00e5 en stillingsannonse som er lagt ut p\u00e5 nettstedet v\u00e5rt.<\/li>\n<\/ul>\n<p>Disse personopplysningene inkluderer:<\/p>\n<ul>\n<li>kontaktopplysninger, for eksempel navn, e-postadresse, postadresse og telefonnummer;<\/li>\n<li>opplysninger for \u00e5 logge inn p\u00e5 nettstedet v\u00e5rt, for eksempel brukernavn og passord;<\/li>\n<li>andre opplysninger om registrering av konto og brukerprofil, for eksempel yrke, utdanning, kvalifikasjoner og et bilde;<\/li>\n<li>kommentarer og annen informasjon du oppgir, inkludert s\u00f8k, sp\u00f8rsm\u00e5l og informasjon du sender til kundeservice;<\/li>\n<li>og\/eller kommunikasjonsmidler og kommunikasjonspreferanser, inkludert foretrukket spr\u00e5k.<\/li>\n<\/ul>\n<p>Vi kan ogs\u00e5 samle inn personopplysninger fra sosiale medier n\u00e5r du gir Eramet Norway tillatelse til \u00e5 f\u00e5 tilgang til opplysningene dine p\u00e5 et nettsted for sosiale medier.<\/p>\n<p>Disse opplysningene kan brukes til \u00e5:<\/p>\n<ul>\n<li>kommunisere med deg for \u00e5 svare p\u00e5 dine henvendelser;<\/li>\n<li>fortsette med abonnementene dine;<\/li>\n<li>evaluere profilen din for ansettelsesform\u00e5l;<\/li>\n<li>overholde gjeldende lovgivning eller andre juridiske forpliktelser.<\/li>\n<\/ul>\n<p>Opplysningene vil bli lagret s\u00e5 lenge det er n\u00f8dvendig ut fra den legitime interessen de ble samlet inn for, og for andre viktige form\u00e5l, for eksempel overholdelse av v\u00e5re juridiske forpliktelser, f\u00f8ring av kommersielle og \u00f8konomiske registre, tvistel\u00f8sning, sikkerhet og forebygging og avdekking av misbruk\/svindel. Personopplysninger vil alltid bare bli lagret s\u00e5 lenge det er tillatt i henhold til loven.<\/p>\n<h2 class=\"fusion-responsive-typography-calculated\" style=\"--fontsize: 30;line-height: 1.2\" data-fontsize=\"30\" data-lineheight=\"36px\">Utlevering av data<\/h2>\n<p>Vi kan bli p\u00e5lagt \u00e5 utlevere personopplysninger til tredjeparter hvis det er n\u00f8dvendig for \u00e5:<\/p>\n<p>overholde en lov, forskrift, rettsprosess eller annen juridisk forpliktelse;<br \/>\noppdage, unders\u00f8ke og forhindre sikkerhetsproblemer, svindel eller tekniske problemer;<br \/>\nbeskytte Eramet Norways, dets brukeres, ansattes og andre personers rettigheter, eiendom og sikkerhet.<\/p>\n<p>Hvis personopplysninger utleveres til tredjeparter av disse grunnene, skal Eramet Norway iverksette n\u00f8dvendige sikkerhetstiltak for \u00e5 beskytte personopplysningene dine.<\/p>\n<p>Personopplysninger kan bli overf\u00f8rt utenfor ditt bostedsland til tilknyttede selskaper i Eramet Norway-konsernet som har ansvar for \u00e5 behandle foresp\u00f8rsler, abonnementer eller s\u00f8knader.<\/p>\n<p>I slike tilfeller har Eramet Norway interne retningslinjer og prosedyrer for personvern p\u00e5 plass for \u00e5 garantere et h\u00f8yt niv\u00e5 av databeskyttelse hos alle sine tilknyttede selskaper, uavhengig av hvor personopplysningene kommer fra eller hvor de behandles.<\/p>\n<p>Vi kan ogs\u00e5 dele personopplysningene dine med tjenesteleverand\u00f8rer som har f\u00e5tt i oppdrag \u00e5 utf\u00f8re tjenester p\u00e5 v\u00e5re vegne. Disse leverand\u00f8rene vil v\u00e6re kontraktsmessig forhindret fra \u00e5 bruke eller utlevere opplysningene, med mindre det er n\u00f8dvendig for \u00e5 levere tjenestene eller overholde loven. Vi kan ogs\u00e5 utlevere personopplysningene dine n\u00e5r loven krever eller tillater det.<\/p>\n<h2>Sikkerhet<\/h2>\n<p>Vi iverksetter egnede fysiske, tekniske og administrative sikkerhetstiltak for \u00e5 hindre uautorisert tilgang til personopplysninger du oppgir frivillig, og for \u00e5 hindre uautorisert bruk eller utlevering av opplysningene.<\/p>\n<p>I tilfelle uautorisert tredjeparts tilgang til personopplysninger, vil vi informere deg og varsle Commission de Protection des Donn\u00e9es Personnelles (CDP &#8211; senegalesisk datatilsynsmyndighet).<\/p>\n<ul>\n<li>Rettigheter og valgmuligheter<\/li>\n<li>Du har rett til \u00e5 f\u00e5 tilgang til personopplysningene dine for \u00e5 f\u00e5 vite hvilken informasjon som er lagret om deg;<\/li>\n<li>du har rett til \u00e5 korrigere personopplysningene dine, og kan be oss om \u00e5 rette eventuelle feil;<\/li>\n<li>du har rett til \u00e5 bli glemt, og kan be oss om \u00e5 slette alle personopplysninger som ikke er n\u00f8dvendige for \u00e5 behandle foresp\u00f8rsler fra deg;<\/li>\n<li>du har rett til dataportabilitet, og kan motta alle personopplysningene dine i et standard, maskinlesbart format ved \u00e5 kontakte v\u00e5rt personvernombud.<\/li>\n<li>Til slutt kan du sende inn en klage til Commission de Protection des Donn\u00e9es Personnelles (CDP) hvis du mener at personopplysningene dine har blitt behandlet i strid med loven.<\/li>\n<\/ul>\n<p>Eramet Norway er behandlingsansvarlig og har utnevnt et personvernombud (DPO). Personvernombudet kan kontaktes p\u00e5: dpo@eramet.com.<\/p>\n<p>Endringer<br \/>\nVi vil oppdatere denne personvernerkl\u00e6ringen med jevne mellomrom. Eventuelle endringer vil bli lagt ut p\u00e5 denne siden med en revisjonsdato.<\/p>\n<h2>Hva er en informasjonskapsel?<\/h2>\n<p>En informasjonskapsel er en liten tekstfil som lagres p\u00e5 nettleserens enhet (datamaskin, nettbrett, smarttelefon). Informasjonskapsler gj\u00f8r det mulig for utviklere av nettsteder \u00e5 lagre brukerdata for \u00e5 gj\u00f8re det lettere \u00e5 surfe og aktivere visse funksjoner.<\/p>\n<h2>Om informasjonskapslene v\u00e5re<\/h2>\n<p>Dette nettstedet (<a href=\"http:\/\/norway.eramet.com\">norway.eramet.com<\/a>) bruker informasjonskapsler for \u00e5:<\/p>\n<ul>\n<li>vise et banner under ditt f\u00f8rste bes\u00f8k p\u00e5 nettstedet for \u00e5 informere deg om bruken av informasjonskapsler og din mulighet til \u00e5 godta eller avvise dem;<\/li>\n<li>optimalisere dine surfepreferanser og gj\u00f8re det enklere for deg \u00e5 surfe i l\u00f8pet av en \u00f8kt;<\/li>\n<li>produsere bruks- og bes\u00f8ksstatistikk for \u00e5 forbedre brukeropplevelsen, navigasjonen og funksjonene.<\/li>\n<\/ul>\n<h2>Tredjeparts informasjonskapsler<\/h2>\n<p>Nettstedet <a href=\"http:\/\/norway.eramet.com\">norway.eramet.com<\/a> inneholder funksjoner som gj\u00f8r at du kan dele innhold, sp\u00f8rsm\u00e5l og meninger. Disse inkluderer &laquo;del&raquo;-funksjonene p\u00e5 LinkedIn, Facebook, Twitter og Google+.<\/p>\n<p>Sosiale medier kan identifisere deg gjennom disse funksjonene. Vi har ingen kontroll over prosessen som brukes av sosiale medier for \u00e5 samle inn informasjon om din bruk av <a href=\"http:\/\/norway.eramet.com\">norway.eramet.com<\/a>. Vi anbefaler deg \u00e5 lese vilk\u00e5rene for bruk av disse sosiale mediene for \u00e5 f\u00e5 vite hvilke form\u00e5l de bruker personopplysningene dine til, s\u00e6rlig til markedsf\u00f8ring.<\/p>\n<h2>Slik sletter eller deaktiverer du informasjonskapsler<\/h2>\n<p>Du kan stille inn nettleseren slik at den advarer deg om informasjonskapsler og sp\u00f8r om du \u00f8nsker \u00e5 godta dem. Du kan godta eller avvise informasjonskapsler for hvert enkelt nettsted, eller du kan angi at nettleseren alltid skal avvise dem. Hvis nettleseren din er konfigurert til alltid \u00e5 avvise informasjonskapsler, vil du ikke kunne bruke noen av tjenestene p\u00e5 nettstedet v\u00e5rt.<\/p>\n<p>Hver nettleser har forskjellige innstillinger. Du finner mer informasjon p\u00e5 f\u00f8lgende lenker:<\/p>\n<p>Internet Explorer : <a href=\"https:\/\/support.microsoft.com\/fr-fr\/products\/internet-explorer\" target=\"_blank\" rel=\"noopener noreferrer nofollow\" aria-label=\"https:\/\/support.microsoft.com\/fr-fr\/products\/internet-explorer (nouvelle fen\u00eatre)\">https:\/\/support.microsoft.com\/fr-fr\/products\/internet-explorer<\/a><br \/>\nFirefox : <a href=\"https:\/\/support.mozilla.org\/fr\/\" target=\"_blank\" rel=\"noopener noreferrer nofollow\" aria-label=\"https:\/\/support.mozilla.org\/fr\/ (nouvelle fen\u00eatre)\">https:\/\/support.mozilla.org\/fr\/<\/a><br \/>\nChrome : <a href=\"https:\/\/support.google.com\/chrome\/#topic=7438008\" target=\"_blank\" rel=\"noopener noreferrer nofollow\" aria-label=\"https:\/\/support.google.com\/chrome\/#topic=7438008 (nouvelle fen\u00eatre)\">https:\/\/support.google.com\/chrome\/#topic=7438008<\/a><br \/>\nSafari : <a href=\"https:\/\/support.apple.com\/safari\" target=\"_blank\" rel=\"noopener\">https:\/\/support.apple.com\/safari<\/a><br \/>\nOpera : <a href=\"http:\/\/help.opera.com\/Windows\/10.20\/fr\/cookies.html\" target=\"_blank\" rel=\"noopener noreferrer nofollow\" aria-label=\"http:\/\/help.opera.com\/Windows\/10.20\/fr\/cookies.html (nouvelle fen\u00eatre)\">http:\/\/help.opera.com\/Windows\/10.20\/fr\/cookies.html<\/a><\/p>\n<h2>Informasjon\/Kontakt<\/h2>\n<p>Hvis du har sp\u00f8rsm\u00e5l, vennligst fyll ut dette skjemaet eller kontakt oss via e-post p\u00e5<\/p>\n<blockquote>\n<p><strong>Eramet<\/strong><br \/>\nDirection g\u00e9n\u00e9rale \u2013 Direction de la Communication \u2013 Gestion site Web<br \/>\n10, boulevard de Grenelle<br \/>\nCS 63205<br \/>\n75015 Paris<br \/>\nFrance<\/p>\n<\/blockquote>\n<\/div><\/div><\/div><\/div><\/div>\n","protected":false},"excerpt":{"rendered":"","protected":false},"author":4,"featured_media":0,"parent":0,"menu_order":110,"comment_status":"closed","ping_status":"closed","template":"","meta":{"footnotes":""},"class_list":["post-52009","page","type-page","status-publish","hentry"],"yoast_head":"<!-- This site is optimized with the Yoast SEO plugin v26.8 - https:\/\/yoast.com\/product\/yoast-seo-wordpress\/ -->\n<title>Personvernerkl\u00e6ring - Eramet Norway<\/title>\n<meta name=\"robots\" content=\"index, follow, max-snippet:-1, max-image-preview:large, max-video-preview:-1\" \/>\n<link rel=\"canonical\" href=\"https:\/\/norway.eramet.com\/no\/personvernerklaering\/\" \/>\n<meta property=\"og:locale\" content=\"nb_NO\" \/>\n<meta property=\"og:type\" content=\"article\" \/>\n<meta property=\"og:title\" content=\"Personvernerkl\u00e6ring - Eramet Norway\" \/>\n<meta property=\"og:url\" content=\"https:\/\/norway.eramet.com\/no\/personvernerklaering\/\" \/>\n<meta property=\"og:site_name\" content=\"Eramet Norway\" \/>\n<meta property=\"article:modified_time\" content=\"2025-08-05T10:21:01+00:00\" \/>\n<meta property=\"og:image\" content=\"https:\/\/norway.eramet.com\/wp-content\/uploads\/sites\/19\/2025\/04\/Eramet-logo.png\" \/>\n\t<meta property=\"og:image:width\" content=\"800\" \/>\n\t<meta property=\"og:image:height\" content=\"316\" \/>\n\t<meta property=\"og:image:type\" content=\"image\/png\" \/>\n<meta name=\"twitter:card\" content=\"summary_large_image\" \/>\n<script type=\"application\/ld+json\" class=\"yoast-schema-graph\">{\"@context\":\"https:\/\/schema.org\",\"@graph\":[{\"@type\":\"WebPage\",\"@id\":\"https:\/\/norway.eramet.com\/no\/personvernerklaering\/\",\"url\":\"https:\/\/norway.eramet.com\/no\/personvernerklaering\/\",\"name\":\"Personvernerkl\u00e6ring - Eramet Norway\",\"isPartOf\":{\"@id\":\"https:\/\/norway.eramet.com\/no\/#website\"},\"datePublished\":\"2020-06-22T14:30:12+00:00\",\"dateModified\":\"2025-08-05T10:21:01+00:00\",\"breadcrumb\":{\"@id\":\"https:\/\/norway.eramet.com\/no\/personvernerklaering\/#breadcrumb\"},\"inLanguage\":\"nb-NO\",\"potentialAction\":[{\"@type\":\"ReadAction\",\"target\":[\"https:\/\/norway.eramet.com\/no\/personvernerklaering\/\"]}]},{\"@type\":\"BreadcrumbList\",\"@id\":\"https:\/\/norway.eramet.com\/no\/personvernerklaering\/#breadcrumb\",\"itemListElement\":[{\"@type\":\"ListItem\",\"position\":1,\"name\":\"Eramet Norway\",\"item\":\"https:\/\/norway.eramet.com\/no\/\"},{\"@type\":\"ListItem\",\"position\":2,\"name\":\"Personvernerkl\u00e6ring\"}]},{\"@type\":\"WebSite\",\"@id\":\"https:\/\/norway.eramet.com\/no\/#website\",\"url\":\"https:\/\/norway.eramet.com\/no\/\",\"name\":\"Eramet Norway\",\"description\":\"\",\"publisher\":{\"@id\":\"https:\/\/norway.eramet.com\/no\/#organization\"},\"potentialAction\":[{\"@type\":\"SearchAction\",\"target\":{\"@type\":\"EntryPoint\",\"urlTemplate\":\"https:\/\/norway.eramet.com\/no\/?s={search_term_string}\"},\"query-input\":{\"@type\":\"PropertyValueSpecification\",\"valueRequired\":true,\"valueName\":\"search_term_string\"}}],\"inLanguage\":\"nb-NO\"},{\"@type\":\"Organization\",\"@id\":\"https:\/\/norway.eramet.com\/no\/#organization\",\"name\":\"Eramet Norway\",\"url\":\"https:\/\/norway.eramet.com\/no\/\",\"logo\":{\"@type\":\"ImageObject\",\"inLanguage\":\"nb-NO\",\"@id\":\"https:\/\/norway.eramet.com\/no\/#\/schema\/logo\/image\/\",\"url\":\"https:\/\/norway.eramet.com\/wp-content\/uploads\/sites\/19\/2025\/04\/Eramet-logo.png\",\"contentUrl\":\"https:\/\/norway.eramet.com\/wp-content\/uploads\/sites\/19\/2025\/04\/Eramet-logo.png\",\"width\":800,\"height\":316,\"caption\":\"Eramet Norway\"},\"image\":{\"@id\":\"https:\/\/norway.eramet.com\/no\/#\/schema\/logo\/image\/\"}}]}<\/script>\n<!-- \/ Yoast SEO plugin. -->","yoast_head_json":{"title":"Personvernerkl\u00e6ring - Eramet Norway","robots":{"index":"index","follow":"follow","max-snippet":"max-snippet:-1","max-image-preview":"max-image-preview:large","max-video-preview":"max-video-preview:-1"},"canonical":"https:\/\/norway.eramet.com\/no\/personvernerklaering\/","og_locale":"nb_NO","og_type":"article","og_title":"Personvernerkl\u00e6ring - Eramet Norway","og_url":"https:\/\/norway.eramet.com\/no\/personvernerklaering\/","og_site_name":"Eramet Norway","article_modified_time":"2025-08-05T10:21:01+00:00","og_image":[{"width":800,"height":316,"url":"https:\/\/norway.eramet.com\/wp-content\/uploads\/sites\/19\/2025\/04\/Eramet-logo.png","type":"image\/png"}],"twitter_card":"summary_large_image","schema":{"@context":"https:\/\/schema.org","@graph":[{"@type":"WebPage","@id":"https:\/\/norway.eramet.com\/no\/personvernerklaering\/","url":"https:\/\/norway.eramet.com\/no\/personvernerklaering\/","name":"Personvernerkl\u00e6ring - Eramet Norway","isPartOf":{"@id":"https:\/\/norway.eramet.com\/no\/#website"},"datePublished":"2020-06-22T14:30:12+00:00","dateModified":"2025-08-05T10:21:01+00:00","breadcrumb":{"@id":"https:\/\/norway.eramet.com\/no\/personvernerklaering\/#breadcrumb"},"inLanguage":"nb-NO","potentialAction":[{"@type":"ReadAction","target":["https:\/\/norway.eramet.com\/no\/personvernerklaering\/"]}]},{"@type":"BreadcrumbList","@id":"https:\/\/norway.eramet.com\/no\/personvernerklaering\/#breadcrumb","itemListElement":[{"@type":"ListItem","position":1,"name":"Eramet Norway","item":"https:\/\/norway.eramet.com\/no\/"},{"@type":"ListItem","position":2,"name":"Personvernerkl\u00e6ring"}]},{"@type":"WebSite","@id":"https:\/\/norway.eramet.com\/no\/#website","url":"https:\/\/norway.eramet.com\/no\/","name":"Eramet Norway","description":"","publisher":{"@id":"https:\/\/norway.eramet.com\/no\/#organization"},"potentialAction":[{"@type":"SearchAction","target":{"@type":"EntryPoint","urlTemplate":"https:\/\/norway.eramet.com\/no\/?s={search_term_string}"},"query-input":{"@type":"PropertyValueSpecification","valueRequired":true,"valueName":"search_term_string"}}],"inLanguage":"nb-NO"},{"@type":"Organization","@id":"https:\/\/norway.eramet.com\/no\/#organization","name":"Eramet Norway","url":"https:\/\/norway.eramet.com\/no\/","logo":{"@type":"ImageObject","inLanguage":"nb-NO","@id":"https:\/\/norway.eramet.com\/no\/#\/schema\/logo\/image\/","url":"https:\/\/norway.eramet.com\/wp-content\/uploads\/sites\/19\/2025\/04\/Eramet-logo.png","contentUrl":"https:\/\/norway.eramet.com\/wp-content\/uploads\/sites\/19\/2025\/04\/Eramet-logo.png","width":800,"height":316,"caption":"Eramet Norway"},"image":{"@id":"https:\/\/norway.eramet.com\/no\/#\/schema\/logo\/image\/"}}]}},"acf":[],"_links":{"self":[{"href":"https:\/\/norway.eramet.com\/no\/wp-json\/wp\/v2\/pages\/52009","targetHints":{"allow":["GET"]}}],"collection":[{"href":"https:\/\/norway.eramet.com\/no\/wp-json\/wp\/v2\/pages"}],"about":[{"href":"https:\/\/norway.eramet.com\/no\/wp-json\/wp\/v2\/types\/page"}],"author":[{"embeddable":true,"href":"https:\/\/norway.eramet.com\/no\/wp-json\/wp\/v2\/users\/4"}],"replies":[{"embeddable":true,"href":"https:\/\/norway.eramet.com\/no\/wp-json\/wp\/v2\/comments?post=52009"}],"version-history":[{"count":5,"href":"https:\/\/norway.eramet.com\/no\/wp-json\/wp\/v2\/pages\/52009\/revisions"}],"predecessor-version":[{"id":52429,"href":"https:\/\/norway.eramet.com\/no\/wp-json\/wp\/v2\/pages\/52009\/revisions\/52429"}],"wp:attachment":[{"href":"https:\/\/norway.eramet.com\/no\/wp-json\/wp\/v2\/media?parent=52009"}],"curies":[{"name":"wp","href":"https:\/\/api.w.org\/{rel}","templated":true}]}}