{"id":52007,"date":"2020-06-22T16:42:21","date_gmt":"2020-06-22T14:42:21","guid":{"rendered":"https:\/\/norway.eramet.com\/?page_id=52007"},"modified":"2025-04-17T16:38:59","modified_gmt":"2025-04-17T14:38:59","slug":"juridisk","status":"publish","type":"page","link":"https:\/\/norway.eramet.com\/no\/juridisk\/","title":{"rendered":"Juridisk"},"content":{"rendered":"<div class=\"fusion-fullwidth fullwidth-box fusion-builder-row-1 fusion-flex-container nonhundred-percent-fullwidth non-hundred-percent-height-scrolling\" style=\"--awb-border-radius-top-left:0px;--awb-border-radius-top-right:0px;--awb-border-radius-bottom-right:0px;--awb-border-radius-bottom-left:0px;--awb-flex-wrap:wrap;\" ><div class=\"fusion-builder-row fusion-row fusion-flex-align-items-flex-start fusion-flex-content-wrap\" style=\"max-width:1468.8px;margin-left: calc(-2% \/ 2 );margin-right: calc(-2% \/ 2 );\"><div class=\"fusion-layout-column fusion_builder_column fusion-builder-column-0 fusion_builder_column_1_1 1_1 fusion-flex-column\" style=\"--awb-bg-size:cover;--awb-width-large:100%;--awb-margin-top-large:0px;--awb-spacing-right-large:0.98%;--awb-margin-bottom-large:0px;--awb-spacing-left-large:0.98%;--awb-width-medium:100%;--awb-spacing-right-medium:0.98%;--awb-spacing-left-medium:0.98%;--awb-width-small:100%;--awb-spacing-right-small:0.98%;--awb-spacing-left-small:0.98%;\"><div class=\"fusion-column-wrapper fusion-flex-justify-content-flex-start fusion-content-layout-column\"><div class=\"fusion-text fusion-text-1\"><p>Fransk aksjeselskap (SA) med aksjekapital p\u00e5 87.702.893,35 euro registrert i selskapsregisteret i Paris under nummer B 632 045 381.<\/p>\n<p>Adresse til Eramets hovedkontor:<br \/>10, Boulevard de Grenelle<br \/>CS 63205<br \/>75015 Paris<br \/>Frankrike<\/p>\n<p>Forlagsdirekt\u00f8r: Christel Bories<\/p>\n<h2>Opprettelse og drift av nettstedet<\/h2>\n<p>Selskapet Eramet (heretter kalt &laquo;Eramet&raquo;) tilbyr bes\u00f8kende og brukere (heretter kalt &laquo;bes\u00f8kende&raquo;) av nettstedet &#8211; <a href=\"https:\/\/norway.eramet.com\/\">norway.eramet.com<\/a> &#8211; tilgang til dette nettstedet p\u00e5 grunnlag av (og i tillit til) at du samtykker i alle de f\u00f8lgende bruksvilk\u00e5rene:<\/p>\n<h2>Eierskap til nettstedet og immaterielle rettigheter<\/h2>\n<p>Eramet og selskapene i Eramet-konsernet er eiere av dette nettstedet og administrerer det. Eramet vil bestrebe seg p\u00e5 \u00e5 sikre at dette nettstedet oppdateres ved hjelp av egnede prosedyrer.<\/p>\n<p>Elementer som tilh\u00f8rer Eramet og\/eller selskaper i Eramet-konsernet, slik som nettstedet, varemerker, tegninger, modeller, bilder, tekster, fotografier, logoer, interne grafiske stiler, programvare, s\u00f8kemotorer og databaser, selv om denne listen ikke er utt\u00f8mmende, er Eramet eller selskaper i Eramet-konsernet sin eksklusive eiendom. Disse bruksvilk\u00e5rene skal ikke tolkes som en uttrykkelig eller underforst\u00e5tt tildeling av noen lisens, uttrykkelig eller underforst\u00e5tt, til den bes\u00f8kende eller noen tredjepart, eller noen rett, eiendomsrett eller interesse i forhold til noen av elementene som er representert p\u00e5 nettstedet. Eramet og\/eller selskaper i Eramet-konsernet skal v\u00e6re den eneste og eksklusive eieren av alle immaterielle rettigheter knyttet til disse. Enhver representasjon, helt eller delvis, av nettstedet uten uttrykkelig tillatelse fra Eramet er forbudt og vil utgj\u00f8re en overtredelse som er sanksjonert i artikkel L.335-2 og f\u00f8lgende i den franske \u00e5ndsverksloven. Varemerkene til utgiveren av nettstedet og dets partnere, samt logoene som vises p\u00e5 nettstedet, er registrerte varemerker (halvfigurative eller andre).<\/p>\n<h2>Hypertekstlenker og virus<\/h2>\n<p>Nettstedet kan inneholde lenker til andre nettsteder eller andre kilder p\u00e5 Internett. I den grad Eramet ikke kan kontrollere disse nettstedene og eksterne kildene, kan Eramet ikke holdes ansvarlig for tilgjengeligheten av disse eksterne nettstedene og kildene, og fraskriver seg ethvert ansvar med hensyn til innhold, reklame, produkter, tjenester eller annet materiale som er tilgjengelig p\u00e5 eller fra slike nettsteder eller eksterne kilder. Beslutningen om \u00e5 aktivere lenkene ligger utelukkende hos deg. Det er ogs\u00e5 ditt ansvar \u00e5 ta de n\u00f8dvendige forholdsregler for \u00e5 sikre at nettstedet du velger, ikke inneholder virus eller andre destruktive parasitter.<\/p>\n<h2>Frav\u00e6r av ansvar og garanti<\/h2>\n<p>Det gis ingen garanti for at informasjonen p\u00e5 dette nettstedet er n\u00f8yaktig, relevant og fullstendig. Denne informasjonen kan ikke tolkes som et tilbud, en invitasjon eller en oppfordring til \u00e5 kj\u00f8pe eller selge produkter eller tjenester som er beskrevet her. Bruk av informasjon og\/eller data p\u00e5 dette nettstedet skjer p\u00e5 den bes\u00f8kendes egen risiko. Informasjonen p\u00e5 dette nettstedet er kun ment som informasjon. Selv om Eramet bestreber seg p\u00e5 \u00e5 tilby p\u00e5litelig innhold p\u00e5 nettstedet, kan Eramet ikke garantere at innholdet er fritt for un\u00f8yaktigheter og utelatelser, og Eramet kan ikke holdes ansvarlig for feil eller utelatelser eller manglende tilgjengelighet av informasjon og tjenester. Eramet forbeholder seg retten til n\u00e5r som helst og uten varsel \u00e5 gj\u00f8re forbedringer og\/eller endringer i innholdet p\u00e5 nettstedet.<\/p>\n<p>Eramet og selskapene i Eramet-konsernet kan ikke holdes ansvarlig for direkte eller indirekte tap som kan oppst\u00e5 som f\u00f8lge av tilgang til nettstedet eller bruk av nettstedet og\/eller informasjon, herunder utilgjengelighet, tap av data, skade, \u00f8deleggelse eller virus som kan infisere den bes\u00f8kendes datautstyr og\/eller tilstedev\u00e6relse av virus p\u00e5 nettstedet.<\/p>\n<p>F\u00f8lgelig samtykker brukeren i \u00e5 bruke denne informasjonen p\u00e5 eget ansvar.<\/p>\n<p>Gjeldende lov &#8211; jurisdiksjon<\/p>\n<p>Disse vilk\u00e5rene trer i kraft s\u00e5 snart de er lagt ut p\u00e5 nettet og er bindende fra datoen da den bes\u00f8kende bruker nettstedet for f\u00f8rste gang. Disse vilk\u00e5rene er underlagt fransk lov. Enhver tvist som oppst\u00e5r som f\u00f8lge av eller i forbindelse med bruken av dette nettstedet, skal v\u00e6re underlagt de franske domstolenes eksklusive jurisdiksjon.<\/p>\n<p>Det gj\u00f8res oppmerksom p\u00e5 at Eramet-nettstedet ikke er beregnet p\u00e5 personer som er underlagt en jurisdiksjon der (p\u00e5 grunn av personens nasjonalitet, bosted eller p\u00e5 annen m\u00e5te) tilgang til dette nettstedet er forbudt. Personer som er underlagt slike restriksjoner, skal ikke ha tilgang til Eramet-nettstedet.<\/p>\n<p>Informasjon \/ kontakt<\/p>\n<p>Du kan kontakte oss for ethvert sp\u00f8rsm\u00e5l via e-post <a href=\"mailto:webmaster@eramet.com\">webmaster@eramet.com<\/a> eller via post p\u00e5:<\/p>\n<p>Eramet<br \/>Direction g\u00e9n\u00e9rale &#8211; Direction de la Communication &#8211; Gestion site Web<br \/>10, boulevard de Grenelle<br \/>CS 63205<br \/>75015 Paris<br \/>Frankrike<\/p>\n<\/div><\/div><\/div><\/div><\/div>\n","protected":false},"excerpt":{"rendered":"","protected":false},"author":4,"featured_media":0,"parent":0,"menu_order":110,"comment_status":"closed","ping_status":"closed","template":"","meta":{"footnotes":""},"class_list":["post-52007","page","type-page","status-publish","hentry"],"yoast_head":"<!-- This site is optimized with the Yoast SEO plugin v26.8 - https:\/\/yoast.com\/product\/yoast-seo-wordpress\/ -->\n<title>Juridisk - Eramet Norway<\/title>\n<meta name=\"robots\" content=\"index, follow, max-snippet:-1, max-image-preview:large, max-video-preview:-1\" \/>\n<link rel=\"canonical\" href=\"https:\/\/norway.eramet.com\/no\/juridisk\/\" \/>\n<meta property=\"og:locale\" content=\"nb_NO\" \/>\n<meta property=\"og:type\" content=\"article\" \/>\n<meta property=\"og:title\" content=\"Juridisk - Eramet Norway\" \/>\n<meta property=\"og:url\" content=\"https:\/\/norway.eramet.com\/no\/juridisk\/\" \/>\n<meta property=\"og:site_name\" content=\"Eramet Norway\" \/>\n<meta property=\"article:modified_time\" content=\"2025-04-17T14:38:59+00:00\" \/>\n<meta property=\"og:image\" content=\"https:\/\/norway.eramet.com\/wp-content\/uploads\/sites\/19\/2025\/04\/Eramet-logo.png\" \/>\n\t<meta property=\"og:image:width\" content=\"800\" \/>\n\t<meta property=\"og:image:height\" content=\"316\" \/>\n\t<meta property=\"og:image:type\" content=\"image\/png\" \/>\n<meta name=\"twitter:card\" content=\"summary_large_image\" \/>\n<meta name=\"twitter:label1\" content=\"Ansl. lesetid\" \/>\n\t<meta name=\"twitter:data1\" content=\"4 minutter\" \/>\n<script type=\"application\/ld+json\" class=\"yoast-schema-graph\">{\"@context\":\"https:\/\/schema.org\",\"@graph\":[{\"@type\":\"WebPage\",\"@id\":\"https:\/\/norway.eramet.com\/no\/juridisk\/\",\"url\":\"https:\/\/norway.eramet.com\/no\/juridisk\/\",\"name\":\"Juridisk - Eramet Norway\",\"isPartOf\":{\"@id\":\"https:\/\/norway.eramet.com\/no\/#website\"},\"datePublished\":\"2020-06-22T14:42:21+00:00\",\"dateModified\":\"2025-04-17T14:38:59+00:00\",\"breadcrumb\":{\"@id\":\"https:\/\/norway.eramet.com\/no\/juridisk\/#breadcrumb\"},\"inLanguage\":\"nb-NO\",\"potentialAction\":[{\"@type\":\"ReadAction\",\"target\":[\"https:\/\/norway.eramet.com\/no\/juridisk\/\"]}]},{\"@type\":\"BreadcrumbList\",\"@id\":\"https:\/\/norway.eramet.com\/no\/juridisk\/#breadcrumb\",\"itemListElement\":[{\"@type\":\"ListItem\",\"position\":1,\"name\":\"Eramet Norway\",\"item\":\"https:\/\/norway.eramet.com\/no\/\"},{\"@type\":\"ListItem\",\"position\":2,\"name\":\"Juridisk\"}]},{\"@type\":\"WebSite\",\"@id\":\"https:\/\/norway.eramet.com\/no\/#website\",\"url\":\"https:\/\/norway.eramet.com\/no\/\",\"name\":\"Eramet Norway\",\"description\":\"\",\"publisher\":{\"@id\":\"https:\/\/norway.eramet.com\/no\/#organization\"},\"potentialAction\":[{\"@type\":\"SearchAction\",\"target\":{\"@type\":\"EntryPoint\",\"urlTemplate\":\"https:\/\/norway.eramet.com\/no\/?s={search_term_string}\"},\"query-input\":{\"@type\":\"PropertyValueSpecification\",\"valueRequired\":true,\"valueName\":\"search_term_string\"}}],\"inLanguage\":\"nb-NO\"},{\"@type\":\"Organization\",\"@id\":\"https:\/\/norway.eramet.com\/no\/#organization\",\"name\":\"Eramet Norway\",\"url\":\"https:\/\/norway.eramet.com\/no\/\",\"logo\":{\"@type\":\"ImageObject\",\"inLanguage\":\"nb-NO\",\"@id\":\"https:\/\/norway.eramet.com\/no\/#\/schema\/logo\/image\/\",\"url\":\"https:\/\/norway.eramet.com\/wp-content\/uploads\/sites\/19\/2025\/04\/Eramet-logo.png\",\"contentUrl\":\"https:\/\/norway.eramet.com\/wp-content\/uploads\/sites\/19\/2025\/04\/Eramet-logo.png\",\"width\":800,\"height\":316,\"caption\":\"Eramet Norway\"},\"image\":{\"@id\":\"https:\/\/norway.eramet.com\/no\/#\/schema\/logo\/image\/\"}}]}<\/script>\n<!-- \/ Yoast SEO plugin. -->","yoast_head_json":{"title":"Juridisk - Eramet Norway","robots":{"index":"index","follow":"follow","max-snippet":"max-snippet:-1","max-image-preview":"max-image-preview:large","max-video-preview":"max-video-preview:-1"},"canonical":"https:\/\/norway.eramet.com\/no\/juridisk\/","og_locale":"nb_NO","og_type":"article","og_title":"Juridisk - Eramet Norway","og_url":"https:\/\/norway.eramet.com\/no\/juridisk\/","og_site_name":"Eramet Norway","article_modified_time":"2025-04-17T14:38:59+00:00","og_image":[{"width":800,"height":316,"url":"https:\/\/norway.eramet.com\/wp-content\/uploads\/sites\/19\/2025\/04\/Eramet-logo.png","type":"image\/png"}],"twitter_card":"summary_large_image","twitter_misc":{"Ansl. lesetid":"4 minutter"},"schema":{"@context":"https:\/\/schema.org","@graph":[{"@type":"WebPage","@id":"https:\/\/norway.eramet.com\/no\/juridisk\/","url":"https:\/\/norway.eramet.com\/no\/juridisk\/","name":"Juridisk - Eramet Norway","isPartOf":{"@id":"https:\/\/norway.eramet.com\/no\/#website"},"datePublished":"2020-06-22T14:42:21+00:00","dateModified":"2025-04-17T14:38:59+00:00","breadcrumb":{"@id":"https:\/\/norway.eramet.com\/no\/juridisk\/#breadcrumb"},"inLanguage":"nb-NO","potentialAction":[{"@type":"ReadAction","target":["https:\/\/norway.eramet.com\/no\/juridisk\/"]}]},{"@type":"BreadcrumbList","@id":"https:\/\/norway.eramet.com\/no\/juridisk\/#breadcrumb","itemListElement":[{"@type":"ListItem","position":1,"name":"Eramet Norway","item":"https:\/\/norway.eramet.com\/no\/"},{"@type":"ListItem","position":2,"name":"Juridisk"}]},{"@type":"WebSite","@id":"https:\/\/norway.eramet.com\/no\/#website","url":"https:\/\/norway.eramet.com\/no\/","name":"Eramet Norway","description":"","publisher":{"@id":"https:\/\/norway.eramet.com\/no\/#organization"},"potentialAction":[{"@type":"SearchAction","target":{"@type":"EntryPoint","urlTemplate":"https:\/\/norway.eramet.com\/no\/?s={search_term_string}"},"query-input":{"@type":"PropertyValueSpecification","valueRequired":true,"valueName":"search_term_string"}}],"inLanguage":"nb-NO"},{"@type":"Organization","@id":"https:\/\/norway.eramet.com\/no\/#organization","name":"Eramet Norway","url":"https:\/\/norway.eramet.com\/no\/","logo":{"@type":"ImageObject","inLanguage":"nb-NO","@id":"https:\/\/norway.eramet.com\/no\/#\/schema\/logo\/image\/","url":"https:\/\/norway.eramet.com\/wp-content\/uploads\/sites\/19\/2025\/04\/Eramet-logo.png","contentUrl":"https:\/\/norway.eramet.com\/wp-content\/uploads\/sites\/19\/2025\/04\/Eramet-logo.png","width":800,"height":316,"caption":"Eramet Norway"},"image":{"@id":"https:\/\/norway.eramet.com\/no\/#\/schema\/logo\/image\/"}}]}},"acf":[],"_links":{"self":[{"href":"https:\/\/norway.eramet.com\/no\/wp-json\/wp\/v2\/pages\/52007","targetHints":{"allow":["GET"]}}],"collection":[{"href":"https:\/\/norway.eramet.com\/no\/wp-json\/wp\/v2\/pages"}],"about":[{"href":"https:\/\/norway.eramet.com\/no\/wp-json\/wp\/v2\/types\/page"}],"author":[{"embeddable":true,"href":"https:\/\/norway.eramet.com\/no\/wp-json\/wp\/v2\/users\/4"}],"replies":[{"embeddable":true,"href":"https:\/\/norway.eramet.com\/no\/wp-json\/wp\/v2\/comments?post=52007"}],"version-history":[{"count":3,"href":"https:\/\/norway.eramet.com\/no\/wp-json\/wp\/v2\/pages\/52007\/revisions"}],"predecessor-version":[{"id":52088,"href":"https:\/\/norway.eramet.com\/no\/wp-json\/wp\/v2\/pages\/52007\/revisions\/52088"}],"wp:attachment":[{"href":"https:\/\/norway.eramet.com\/no\/wp-json\/wp\/v2\/media?parent=52007"}],"curies":[{"name":"wp","href":"https:\/\/api.w.org\/{rel}","templated":true}]}}