{"id":51996,"date":"2024-08-08T18:27:14","date_gmt":"2024-08-08T16:27:14","guid":{"rendered":"https:\/\/norway.eramet.com\/?page_id=51996"},"modified":"2025-07-04T17:51:11","modified_gmt":"2025-07-04T15:51:11","slug":"leverandorer","status":"publish","type":"page","link":"https:\/\/norway.eramet.com\/no\/leverandorer\/","title":{"rendered":"Leverand\u00f8rer"},"content":{"rendered":"<p><div class=\"fusion-fullwidth fullwidth-box fusion-builder-row-1 fusion-flex-container has-pattern-background has-mask-background nonhundred-percent-fullwidth non-hundred-percent-height-scrolling\" style=\"--awb-border-radius-top-left:0px;--awb-border-radius-top-right:0px;--awb-border-radius-bottom-right:0px;--awb-border-radius-bottom-left:0px;--awb-flex-wrap:wrap;\" ><div class=\"fusion-builder-row fusion-row fusion-flex-align-items-flex-start fusion-flex-content-wrap\" style=\"max-width:1468.8px;margin-left: calc(-2% \/ 2 );margin-right: calc(-2% \/ 2 );\"><div class=\"fusion-layout-column fusion_builder_column fusion-builder-column-0 fusion_builder_column_1_1 1_1 fusion-flex-column\" style=\"--awb-padding-right:20%;--awb-padding-right-medium:30px;--awb-padding-bottom-medium:50px;--awb-bg-size:cover;--awb-width-large:100%;--awb-margin-top-large:0px;--awb-spacing-right-large:0.98%;--awb-margin-bottom-large:20px;--awb-spacing-left-large:0.98%;--awb-width-medium:100%;--awb-order-medium:0;--awb-spacing-right-medium:0.98%;--awb-spacing-left-medium:0.98%;--awb-width-small:100%;--awb-order-small:0;--awb-spacing-right-small:0.98%;--awb-spacing-left-small:0.98%;\"><div class=\"fusion-column-wrapper fusion-column-has-shadow fusion-flex-justify-content-flex-start fusion-content-layout-column\"><div class=\"fusion-text fusion-text-1\"><p>Eramet Norway er en global akt\u00f8r med h\u00f8y nasjonal verdiskaping. Selv om r\u00e5varene v\u00e5re hovedsakelig kommer fra utenlandske leverand\u00f8rer, kj\u00f8pte Eramet Norway varer og tjenester i Norge for n\u00e6rmere 229 millioner euro og i v\u00e5re regioner for ca. 75 millioner euro i 2024. Alle er \u00e5 betrakte som partnere.<\/p>\n<p>N\u00e6rhet til h\u00f8yt kvalifiserte leverand\u00f8rer innen ulike fagomr\u00e5der er viktig for \u00e5 opprettholde en sikker og stabil produksjon ved smelteverkene v\u00e5re, i tillegg til \u00e5 planlegge og gjennomf\u00f8re store utviklingsprosjekter.<\/p>\n<p>At Eramet we work under a <a href=\"https:\/\/www.eramet.com\/en\/eramet-group\/governance\/charter-and-policies\/\" target=\"_blank\" rel=\"noopener\">Human Rights policy<\/a>, <a href=\"https:\/\/www.eramet.com\/en\/group\/governance\/ethics-compliance\/ethics-charter\/\" target=\"_blank\" rel=\"noopener\">Ethics code<\/a> and a <a href=\"https:\/\/www.eramet.com\/en\/eramet-group\/governance\/charter-and-policies\/\" target=\"_blank\" rel=\"noopener\">Responsible Procurement Policy<\/a> that apply to all our stakeholders, as well as all our others Policies and Standards.<\/p>\n<p>Hos Eramet arbeider vi i henhold til en policy for <a href=\"https:\/\/www.eramet.com\/en\/eramet-group\/governance\/charter-and-policies\/\" target=\"_blank\" rel=\"noopener noreferrer\">menneskerettigheter<\/a>, <a href=\"https:\/\/www.eramet.com\/en\/group\/governance\/ethics-compliance\/ethics-charter\/\" target=\"_blank\" rel=\"noopener noreferrer\">etiske retningslinjer<\/a> og en <a href=\"https:\/\/www.eramet.com\/en\/group\/governance\/ethics-compliance\/ethics-charter\/\" target=\"_blank\" rel=\"noopener noreferrer\">policy for ansvarlige innkj\u00f8p<\/a> som gjelder for alle v\u00e5re interessenter, i tillegg til alle v\u00e5re andre policyer og standarder.<\/p>\n<\/div><\/div><\/div><\/div><\/div><div class=\"fusion-fullwidth fullwidth-box fusion-builder-row-2 fusion-flex-container has-pattern-background has-mask-background nonhundred-percent-fullwidth non-hundred-percent-height-scrolling\" style=\"--awb-border-radius-top-left:0px;--awb-border-radius-top-right:0px;--awb-border-radius-bottom-right:0px;--awb-border-radius-bottom-left:0px;--awb-flex-wrap:wrap;\" ><div class=\"fusion-builder-row fusion-row fusion-flex-align-items-stretch fusion-flex-justify-content-center fusion-flex-content-wrap\" style=\"max-width:1468.8px;margin-left: calc(-2% \/ 2 );margin-right: calc(-2% \/ 2 );\"><div class=\"fusion-layout-column fusion_builder_column fusion-builder-column-1 fusion_builder_column_1_1 1_1 fusion-flex-column\" style=\"--awb-padding-top:30px;--awb-padding-right:20%;--awb-padding-bottom:30px;--awb-padding-left:30px;--awb-padding-right-medium:30px;--awb-overflow:hidden;--awb-bg-color:var(--awb-color1);--awb-bg-color-hover:var(--awb-color1);--awb-bg-size:cover;--awb-border-radius:10px 10px 10px 10px;--awb-width-large:100%;--awb-margin-top-large:0px;--awb-spacing-right-large:0.98%;--awb-margin-bottom-large:50px;--awb-spacing-left-large:0.98%;--awb-width-medium:100%;--awb-order-medium:0;--awb-spacing-right-medium:0.98%;--awb-spacing-left-medium:0.98%;--awb-width-small:100%;--awb-order-small:0;--awb-spacing-right-small:0.98%;--awb-spacing-left-small:0.98%;\"><div class=\"fusion-column-wrapper fusion-column-has-shadow fusion-flex-justify-content-flex-start fusion-content-layout-column\"><div class=\"fusion-title title fusion-title-1 fusion-sep-none fusion-title-text fusion-title-size-two\" style=\"--awb-text-color:var(--awb-custom_color_3);--awb-margin-top:0px;--awb-margin-right-small:0px;--awb-margin-left-small:0px;\"><h2 class=\"fusion-title-heading title-heading-left\" style=\"margin:0;\"><h2>Krav om b\u00e6rekraftige leverand\u00f8rer<\/h2><\/h2><\/div><div class=\"fusion-text fusion-text-2 fusion-text-no-margin\" style=\"--awb-text-color:var(--awb-custom_color_3);--awb-margin-bottom:40px;\"><p>Eramet-konsernet er en ansvarlig \u00f8konomisk akt\u00f8r, og det stilles strenge krav til all virksomhet p\u00e5 alle niv\u00e5er, b\u00e5de gjennom interne retningslinjer og nasjonal lovgivning i de landene vi opererer i.<\/p>\n<p>Alle former for korrupsjon er uakseptable.<\/p>\n<p>Konsernet har nulltoleranse for enhver oppf\u00f8rsel som strider mot de h\u00f8yeste internasjonale og nasjonale standarder. Hvis du blir offer for eller vitne til uetisk atferd, for eksempel diskriminering, urettferdig behandling, trakassering, bedrageri, bestikkelser eller brudd p\u00e5 menneskerettighetene, ber vi deg rapportere dette.<\/p>\n<\/div><div style=\"text-align:left;\"><a class=\"fusion-button button-flat fusion-button-default-size button-custom fusion-button-default button-1 fusion-button-default-span fusion-button-default-type CTA-arrow-white fusion-has-button-gradient\" style=\"--button_accent_color:var(--awb-custom_color_3);--button_accent_hover_color:var(--awb-color3);--button_border_hover_color:var(--awb-color7);--button_border_width-top:0;--button_border_width-right:0;--button_border_width-bottom:0;--button_border_width-left:0;--button-border-radius-top-left:0;--button-border-radius-top-right:0;--button-border-radius-bottom-right:0;--button-border-radius-bottom-left:0;--button_gradient_angle:180deg;--button_gradient_top_color:var(--awb-custom_color_7);--button_gradient_bottom_color:var(--awb-custom_color_7);--button_gradient_top_color_hover:rgba(226,226,226,0);--button_gradient_bottom_color_hover:var(--awb-custom_color_3);--button_font_size:16px;--button_padding-right:70px;--button_padding-left:0px;--button_margin-top:30px;\" target=\"_blank\" rel=\"noopener noreferrer\" href=\"https:\/\/ethicline.eramet.com\/\"><span class=\"fusion-button-text\">Varsle oss<\/span><\/a><\/div><\/div><\/div><div class=\"fusion-layout-column fusion_builder_column fusion-builder-column-2 fusion_builder_column_2_3 2_3 fusion-flex-column\" style=\"--awb-padding-right:30px;--awb-padding-bottom:30px;--awb-padding-left:30px;--awb-overflow:hidden;--awb-bg-size:cover;--awb-border-color:var(--awb-color7);--awb-border-top:1px;--awb-border-right:1px;--awb-border-bottom:1px;--awb-border-left:1px;--awb-border-style:solid;--awb-border-radius:10px 10px 10px 10px;--awb-width-large:66.666666666667%;--awb-margin-top-large:0px;--awb-spacing-right-large:1.47%;--awb-margin-bottom-large:20px;--awb-spacing-left-large:1.47%;--awb-width-medium:66.666666666667%;--awb-order-medium:0;--awb-spacing-right-medium:1.47%;--awb-spacing-left-medium:1.47%;--awb-width-small:100%;--awb-order-small:0;--awb-spacing-right-small:0.98%;--awb-spacing-left-small:0.98%;\"><div class=\"fusion-column-wrapper fusion-column-has-shadow fusion-flex-justify-content-flex-start fusion-content-layout-column\"><div style=\"text-align:left;\"><a class=\"fusion-button button-flat fusion-button-default-size button-custom fusion-button-default button-2 fusion-button-default-span fusion-button-default-type CTA-arrow fusion-has-button-gradient\" style=\"--button_accent_color:var(--awb-color7);--button_accent_hover_color:var(--awb-color3);--button_border_hover_color:var(--awb-color7);--button_border_width-top:0;--button_border_width-right:0;--button_border_width-bottom:0;--button_border_width-left:0;--button-border-radius-top-left:0;--button-border-radius-top-right:0;--button-border-radius-bottom-right:0;--button-border-radius-bottom-left:0;--button_gradient_angle:180deg;--button_gradient_top_color:var(--awb-custom_color_7);--button_gradient_bottom_color:var(--awb-custom_color_7);--button_gradient_top_color_hover:rgba(226,226,226,0);--button_gradient_bottom_color_hover:var(--awb-custom_color_3);--button_font_size:16px;--button_padding-right:70px;--button_padding-left:0px;--button_margin-top:30px;\" target=\"_blank\" rel=\"noopener noreferrer\" href=\"https:\/\/www.eramet.com\/en\/activities\/suppliers\/\"><span class=\"fusion-button-text\">Charter for ansvarlige innkj\u00f8p<\/span><\/a><\/div><div style=\"text-align:left;\"><a class=\"fusion-button button-flat fusion-button-default-size button-custom fusion-button-default button-3 fusion-button-default-span fusion-button-default-type CTA-arrow fusion-has-button-gradient\" style=\"--button_accent_color:var(--awb-color7);--button_accent_hover_color:var(--awb-color3);--button_border_hover_color:var(--awb-color7);--button_border_width-top:0;--button_border_width-right:0;--button_border_width-bottom:0;--button_border_width-left:0;--button-border-radius-top-left:0;--button-border-radius-top-right:0;--button-border-radius-bottom-right:0;--button-border-radius-bottom-left:0;--button_gradient_angle:180deg;--button_gradient_top_color:var(--awb-custom_color_7);--button_gradient_bottom_color:var(--awb-custom_color_7);--button_gradient_top_color_hover:rgba(226,226,226,0);--button_gradient_bottom_color_hover:var(--awb-custom_color_3);--button_font_size:16px;--button_padding-right:70px;--button_padding-left:0px;--button_margin-top:30px;\" target=\"_blank\" rel=\"noopener noreferrer\" href=\"https:\/\/www.eramet.com\/en\/group\/governance\/ethics-compliance\/ethics-charter\/\"><span class=\"fusion-button-text\">Eramet-konsernets etiske retningslinjer<\/span><\/a><\/div><div style=\"text-align:left;\"><a class=\"fusion-button button-flat fusion-button-default-size button-custom fusion-button-default button-4 fusion-button-default-span fusion-button-default-type CTA-arrow fusion-has-button-gradient\" style=\"--button_accent_color:var(--awb-color7);--button_accent_hover_color:var(--awb-color3);--button_border_hover_color:var(--awb-color7);--button_border_width-top:0;--button_border_width-right:0;--button_border_width-bottom:0;--button_border_width-left:0;--button-border-radius-top-left:0;--button-border-radius-top-right:0;--button-border-radius-bottom-right:0;--button-border-radius-bottom-left:0;--button_gradient_angle:180deg;--button_gradient_top_color:var(--awb-custom_color_7);--button_gradient_bottom_color:var(--awb-custom_color_7);--button_gradient_top_color_hover:rgba(226,226,226,0);--button_gradient_bottom_color_hover:var(--awb-custom_color_3);--button_font_size:16px;--button_padding-right:70px;--button_padding-left:0px;--button_margin-top:30px;\" target=\"_blank\" rel=\"noopener noreferrer\" href=\"https:\/\/www.eramet.com\/en\/activities\/suppliers\/#supplier-doc\"><span class=\"fusion-button-text\">Eramet-konsernets etiske retningslinjer for leverand\u00f8rer<\/span><\/a><\/div><div style=\"text-align:left;\"><a class=\"fusion-button button-flat fusion-button-default-size button-custom fusion-button-default button-5 fusion-button-default-span fusion-button-default-type CTA-arrow fusion-has-button-gradient\" style=\"--button_accent_color:var(--awb-color7);--button_accent_hover_color:var(--awb-color3);--button_border_hover_color:var(--awb-color7);--button_border_width-top:0;--button_border_width-right:0;--button_border_width-bottom:0;--button_border_width-left:0;--button-border-radius-top-left:0;--button-border-radius-top-right:0;--button-border-radius-bottom-right:0;--button-border-radius-bottom-left:0;--button_gradient_angle:180deg;--button_gradient_top_color:var(--awb-custom_color_7);--button_gradient_bottom_color:var(--awb-custom_color_7);--button_gradient_top_color_hover:rgba(226,226,226,0);--button_gradient_bottom_color_hover:var(--awb-custom_color_3);--button_font_size:16px;--button_padding-right:70px;--button_padding-left:0px;--button_margin-top:30px;\" target=\"_blank\" rel=\"noopener noreferrer\" href=\"https:\/\/www.eramet.com\/en\/activities\/suppliers\/\"><span class=\"fusion-button-text\">Eramet-konsernets generelle vilk\u00e5r og betingelser for kj\u00f8p av tjenester eller leveranser<\/span><\/a><\/div><div style=\"text-align:left;\"><a class=\"fusion-button button-flat fusion-button-default-size button-custom fusion-button-default button-6 fusion-button-default-span fusion-button-default-type CTA-arrow fusion-has-button-gradient\" style=\"--button_accent_color:var(--awb-color7);--button_accent_hover_color:var(--awb-color3);--button_border_hover_color:var(--awb-color7);--button_border_width-top:0;--button_border_width-right:0;--button_border_width-bottom:0;--button_border_width-left:0;--button-border-radius-top-left:0;--button-border-radius-top-right:0;--button-border-radius-bottom-right:0;--button-border-radius-bottom-left:0;--button_gradient_angle:180deg;--button_gradient_top_color:var(--awb-custom_color_7);--button_gradient_bottom_color:var(--awb-custom_color_7);--button_gradient_top_color_hover:rgba(226,226,226,0);--button_gradient_bottom_color_hover:var(--awb-custom_color_3);--button_font_size:16px;--button_padding-right:70px;--button_padding-left:0px;--button_margin-top:30px;\" target=\"_blank\" rel=\"noopener noreferrer\" href=\"https:\/\/www.eramet.com\/en\/group\/governance\/ethics-compliance\/anti-corruption-policy-code-of-conduct\/\"><span class=\"fusion-button-text\">Antikorrupsjonspolicy og etiske retningslinjer<\/span><\/a><\/div><\/div><\/div><\/div><\/div><\/p>\n","protected":false},"excerpt":{"rendered":"","protected":false},"author":4,"featured_media":0,"parent":0,"menu_order":12,"comment_status":"closed","ping_status":"closed","template":"","meta":{"footnotes":""},"class_list":["post-51996","page","type-page","status-publish","hentry"],"yoast_head":"<!-- This site is optimized with the Yoast SEO plugin v26.8 - https:\/\/yoast.com\/product\/yoast-seo-wordpress\/ -->\n<title>Leverand\u00f8rer - Eramet Norway<\/title>\n<meta name=\"robots\" content=\"index, follow, max-snippet:-1, max-image-preview:large, max-video-preview:-1\" \/>\n<link rel=\"canonical\" href=\"https:\/\/norway.eramet.com\/no\/leverandorer\/\" \/>\n<meta property=\"og:locale\" content=\"nb_NO\" \/>\n<meta property=\"og:type\" content=\"article\" \/>\n<meta property=\"og:title\" content=\"Leverand\u00f8rer - Eramet Norway\" \/>\n<meta property=\"og:url\" content=\"https:\/\/norway.eramet.com\/no\/leverandorer\/\" \/>\n<meta property=\"og:site_name\" content=\"Eramet Norway\" \/>\n<meta property=\"article:modified_time\" content=\"2025-07-04T15:51:11+00:00\" \/>\n<meta property=\"og:image\" content=\"https:\/\/norway.eramet.com\/wp-content\/uploads\/sites\/19\/2025\/04\/Eramet-logo.png\" \/>\n\t<meta property=\"og:image:width\" content=\"800\" \/>\n\t<meta property=\"og:image:height\" content=\"316\" \/>\n\t<meta property=\"og:image:type\" content=\"image\/png\" \/>\n<meta name=\"twitter:card\" content=\"summary_large_image\" \/>\n<meta name=\"twitter:label1\" content=\"Ansl. lesetid\" \/>\n\t<meta name=\"twitter:data1\" content=\"2 minutter\" \/>\n<script type=\"application\/ld+json\" class=\"yoast-schema-graph\">{\"@context\":\"https:\/\/schema.org\",\"@graph\":[{\"@type\":\"WebPage\",\"@id\":\"https:\/\/norway.eramet.com\/no\/leverandorer\/\",\"url\":\"https:\/\/norway.eramet.com\/no\/leverandorer\/\",\"name\":\"Leverand\u00f8rer - Eramet Norway\",\"isPartOf\":{\"@id\":\"https:\/\/norway.eramet.com\/no\/#website\"},\"datePublished\":\"2024-08-08T16:27:14+00:00\",\"dateModified\":\"2025-07-04T15:51:11+00:00\",\"breadcrumb\":{\"@id\":\"https:\/\/norway.eramet.com\/no\/leverandorer\/#breadcrumb\"},\"inLanguage\":\"nb-NO\",\"potentialAction\":[{\"@type\":\"ReadAction\",\"target\":[\"https:\/\/norway.eramet.com\/no\/leverandorer\/\"]}]},{\"@type\":\"BreadcrumbList\",\"@id\":\"https:\/\/norway.eramet.com\/no\/leverandorer\/#breadcrumb\",\"itemListElement\":[{\"@type\":\"ListItem\",\"position\":1,\"name\":\"Eramet Norway\",\"item\":\"https:\/\/norway.eramet.com\/no\/\"},{\"@type\":\"ListItem\",\"position\":2,\"name\":\"Leverand\u00f8rer\"}]},{\"@type\":\"WebSite\",\"@id\":\"https:\/\/norway.eramet.com\/no\/#website\",\"url\":\"https:\/\/norway.eramet.com\/no\/\",\"name\":\"Eramet Norway\",\"description\":\"\",\"publisher\":{\"@id\":\"https:\/\/norway.eramet.com\/no\/#organization\"},\"potentialAction\":[{\"@type\":\"SearchAction\",\"target\":{\"@type\":\"EntryPoint\",\"urlTemplate\":\"https:\/\/norway.eramet.com\/no\/?s={search_term_string}\"},\"query-input\":{\"@type\":\"PropertyValueSpecification\",\"valueRequired\":true,\"valueName\":\"search_term_string\"}}],\"inLanguage\":\"nb-NO\"},{\"@type\":\"Organization\",\"@id\":\"https:\/\/norway.eramet.com\/no\/#organization\",\"name\":\"Eramet Norway\",\"url\":\"https:\/\/norway.eramet.com\/no\/\",\"logo\":{\"@type\":\"ImageObject\",\"inLanguage\":\"nb-NO\",\"@id\":\"https:\/\/norway.eramet.com\/no\/#\/schema\/logo\/image\/\",\"url\":\"https:\/\/norway.eramet.com\/wp-content\/uploads\/sites\/19\/2025\/04\/Eramet-logo.png\",\"contentUrl\":\"https:\/\/norway.eramet.com\/wp-content\/uploads\/sites\/19\/2025\/04\/Eramet-logo.png\",\"width\":800,\"height\":316,\"caption\":\"Eramet Norway\"},\"image\":{\"@id\":\"https:\/\/norway.eramet.com\/no\/#\/schema\/logo\/image\/\"}}]}<\/script>\n<!-- \/ Yoast SEO plugin. -->","yoast_head_json":{"title":"Leverand\u00f8rer - Eramet Norway","robots":{"index":"index","follow":"follow","max-snippet":"max-snippet:-1","max-image-preview":"max-image-preview:large","max-video-preview":"max-video-preview:-1"},"canonical":"https:\/\/norway.eramet.com\/no\/leverandorer\/","og_locale":"nb_NO","og_type":"article","og_title":"Leverand\u00f8rer - Eramet Norway","og_url":"https:\/\/norway.eramet.com\/no\/leverandorer\/","og_site_name":"Eramet Norway","article_modified_time":"2025-07-04T15:51:11+00:00","og_image":[{"width":800,"height":316,"url":"https:\/\/norway.eramet.com\/wp-content\/uploads\/sites\/19\/2025\/04\/Eramet-logo.png","type":"image\/png"}],"twitter_card":"summary_large_image","twitter_misc":{"Ansl. lesetid":"2 minutter"},"schema":{"@context":"https:\/\/schema.org","@graph":[{"@type":"WebPage","@id":"https:\/\/norway.eramet.com\/no\/leverandorer\/","url":"https:\/\/norway.eramet.com\/no\/leverandorer\/","name":"Leverand\u00f8rer - Eramet Norway","isPartOf":{"@id":"https:\/\/norway.eramet.com\/no\/#website"},"datePublished":"2024-08-08T16:27:14+00:00","dateModified":"2025-07-04T15:51:11+00:00","breadcrumb":{"@id":"https:\/\/norway.eramet.com\/no\/leverandorer\/#breadcrumb"},"inLanguage":"nb-NO","potentialAction":[{"@type":"ReadAction","target":["https:\/\/norway.eramet.com\/no\/leverandorer\/"]}]},{"@type":"BreadcrumbList","@id":"https:\/\/norway.eramet.com\/no\/leverandorer\/#breadcrumb","itemListElement":[{"@type":"ListItem","position":1,"name":"Eramet Norway","item":"https:\/\/norway.eramet.com\/no\/"},{"@type":"ListItem","position":2,"name":"Leverand\u00f8rer"}]},{"@type":"WebSite","@id":"https:\/\/norway.eramet.com\/no\/#website","url":"https:\/\/norway.eramet.com\/no\/","name":"Eramet Norway","description":"","publisher":{"@id":"https:\/\/norway.eramet.com\/no\/#organization"},"potentialAction":[{"@type":"SearchAction","target":{"@type":"EntryPoint","urlTemplate":"https:\/\/norway.eramet.com\/no\/?s={search_term_string}"},"query-input":{"@type":"PropertyValueSpecification","valueRequired":true,"valueName":"search_term_string"}}],"inLanguage":"nb-NO"},{"@type":"Organization","@id":"https:\/\/norway.eramet.com\/no\/#organization","name":"Eramet Norway","url":"https:\/\/norway.eramet.com\/no\/","logo":{"@type":"ImageObject","inLanguage":"nb-NO","@id":"https:\/\/norway.eramet.com\/no\/#\/schema\/logo\/image\/","url":"https:\/\/norway.eramet.com\/wp-content\/uploads\/sites\/19\/2025\/04\/Eramet-logo.png","contentUrl":"https:\/\/norway.eramet.com\/wp-content\/uploads\/sites\/19\/2025\/04\/Eramet-logo.png","width":800,"height":316,"caption":"Eramet Norway"},"image":{"@id":"https:\/\/norway.eramet.com\/no\/#\/schema\/logo\/image\/"}}]}},"acf":[],"_links":{"self":[{"href":"https:\/\/norway.eramet.com\/no\/wp-json\/wp\/v2\/pages\/51996","targetHints":{"allow":["GET"]}}],"collection":[{"href":"https:\/\/norway.eramet.com\/no\/wp-json\/wp\/v2\/pages"}],"about":[{"href":"https:\/\/norway.eramet.com\/no\/wp-json\/wp\/v2\/types\/page"}],"author":[{"embeddable":true,"href":"https:\/\/norway.eramet.com\/no\/wp-json\/wp\/v2\/users\/4"}],"replies":[{"embeddable":true,"href":"https:\/\/norway.eramet.com\/no\/wp-json\/wp\/v2\/comments?post=51996"}],"version-history":[{"count":5,"href":"https:\/\/norway.eramet.com\/no\/wp-json\/wp\/v2\/pages\/51996\/revisions"}],"predecessor-version":[{"id":52370,"href":"https:\/\/norway.eramet.com\/no\/wp-json\/wp\/v2\/pages\/51996\/revisions\/52370"}],"wp:attachment":[{"href":"https:\/\/norway.eramet.com\/no\/wp-json\/wp\/v2\/media?parent=51996"}],"curies":[{"name":"wp","href":"https:\/\/api.w.org\/{rel}","templated":true}]}}