{"id":51976,"date":"2024-02-06T18:03:36","date_gmt":"2024-02-06T17:03:36","guid":{"rendered":"https:\/\/norway.eramet.com\/?page_id=51976"},"modified":"2025-07-09T15:20:23","modified_gmt":"2025-07-09T13:20:23","slug":"miljo","status":"publish","type":"page","link":"https:\/\/norway.eramet.com\/no\/forpliktelser\/miljo\/","title":{"rendered":"Milj\u00f8"},"content":{"rendered":"<p><div class=\"fusion-fullwidth fullwidth-box fusion-builder-row-1 fusion-flex-container has-pattern-background has-mask-background nonhundred-percent-fullwidth non-hundred-percent-height-scrolling\" style=\"--awb-border-radius-top-left:0px;--awb-border-radius-top-right:0px;--awb-border-radius-bottom-right:0px;--awb-border-radius-bottom-left:0px;--awb-padding-right:20%;--awb-flex-wrap:wrap;\" ><div class=\"fusion-builder-row fusion-row fusion-flex-align-items-flex-start fusion-flex-content-wrap\" style=\"max-width:1468.8px;margin-left: calc(-2% \/ 2 );margin-right: calc(-2% \/ 2 );\"><div class=\"fusion-layout-column fusion_builder_column fusion-builder-column-0 fusion_builder_column_1_1 1_1 fusion-flex-column\" style=\"--awb-bg-size:cover;--awb-width-large:100%;--awb-margin-top-large:0px;--awb-spacing-right-large:0.98%;--awb-margin-bottom-large:20px;--awb-spacing-left-large:0.98%;--awb-width-medium:100%;--awb-order-medium:0;--awb-spacing-right-medium:0.98%;--awb-spacing-left-medium:0.98%;--awb-width-small:100%;--awb-order-small:0;--awb-spacing-right-small:0.98%;--awb-spacing-left-small:0.98%;\"><div class=\"fusion-column-wrapper fusion-column-has-shadow fusion-flex-justify-content-flex-start fusion-content-layout-column\"><div class=\"fusion-text fusion-text-1\"><p>Eramet Norway har forpliktet seg til kontinuerlig \u00e5 redusere sin p\u00e5virkning p\u00e5 naturen og planeten. Det globale milj\u00f8engasjementet er h\u00f8yt og helt i tr\u00e5d med Norges klimam\u00e5l, men ogs\u00e5 med dagens forventninger i verden.<\/p>\n<p>Biologisk mangfold og klimaendringer er ogs\u00e5 to prioriterte temaer for Eramet, med h\u00f8y p\u00e5virkningskraft og h\u00f8y \u00f8konomisk vesentlighet. Dette er grunnen til at Eramet har forpliktet seg individuelt til <a href=\"https:\/\/www.act4nature.com\/en\/\" target=\"_blank\" rel=\"noopener\"><strong>act4nature international<\/strong><\/a>.<\/p>\n<p>Eramet Norway prioriterer \u00e5 minimere sitt milj\u00f8avtrykk gjennom avanserte utslippskontroller, vannrensingssystemer og gjenvinning av biprodukter. Selskapet, som er ISO 14001-sertifisert, arbeider kontinuerlig for \u00e5 levere bedre enn de lovp\u00e5lagte standardene og for \u00e5 forbedre praksis for \u00e5 oppn\u00e5 bedre resultater. Disse tiltakene sikrer at driften sameksisterer harmonisk med lokale \u00f8kosystemer.<\/p>\n<\/div><\/div><\/div><\/div><\/div><div class=\"fusion-fullwidth fullwidth-box fusion-builder-row-2 fusion-flex-container has-pattern-background has-mask-background nonhundred-percent-fullwidth non-hundred-percent-height-scrolling\" style=\"--awb-border-radius-top-left:0px;--awb-border-radius-top-right:0px;--awb-border-radius-bottom-right:0px;--awb-border-radius-bottom-left:0px;--awb-flex-wrap:wrap;\" ><div class=\"fusion-builder-row fusion-row fusion-flex-align-items-stretch fusion-flex-justify-content-center fusion-flex-content-wrap\" style=\"max-width:1468.8px;margin-left: calc(-2% \/ 2 );margin-right: calc(-2% \/ 2 );\"><div class=\"fusion-layout-column fusion_builder_column fusion-builder-column-1 fusion_builder_column_1_4 1_4 fusion-flex-column KeyFigure\" style=\"--awb-padding-top:20px;--awb-padding-right:20px;--awb-padding-bottom:20px;--awb-padding-left:20px;--awb-overflow:hidden;--awb-bg-color:var(--awb-color1);--awb-bg-color-hover:var(--awb-color1);--awb-bg-size:cover;--awb-border-radius:10px 10px 10px 10px;--awb-width-large:25%;--awb-margin-top-large:0px;--awb-spacing-right-large:3.92%;--awb-margin-bottom-large:20px;--awb-spacing-left-large:3.92%;--awb-width-medium:33.333333333333%;--awb-order-medium:0;--awb-spacing-right-medium:2.94%;--awb-spacing-left-medium:2.94%;--awb-width-small:75%;--awb-order-small:0;--awb-spacing-right-small:1.3066666666667%;--awb-spacing-left-small:1.3066666666667%;\"><div class=\"fusion-column-wrapper fusion-column-has-shadow fusion-flex-justify-content-flex-start fusion-content-layout-column\"><i class=\"fb-icon-element-1 fb-icon-element fontawesome-icon icon-bold-eramet-frame-170 circle-no\" style=\"--awb-iconcolor:var(--awb-custom_color_3);--awb-iconcolor-hover:var(--awb-custom_color_3);--awb-font-size:50px;--awb-align-self:center;--awb-margin-top:0px;--awb-margin-right:0px;--awb-margin-bottom:10px;--awb-margin-left:0px;\"><\/i><div class=\"fusion-text fusion-text-2 fusion-text-no-margin\" style=\"--awb-content-alignment:center;--awb-text-color:var(--awb-custom_color_3);--awb-margin-bottom:0px;\"><p><strong>Klima<\/strong><\/p>\n<p>Redusere CO2-utslippene v\u00e5re med<br \/><strong>43%<\/strong><br \/>f\u00f8r 2035<br \/>(karbonn\u00f8ytralitet i 2050)<\/p>\n<\/div><\/div><\/div><div class=\"fusion-layout-column fusion_builder_column fusion-builder-column-2 fusion_builder_column_1_4 1_4 fusion-flex-column KeyFigure\" style=\"--awb-padding-top:20px;--awb-padding-right:20px;--awb-padding-bottom:20px;--awb-padding-left:20px;--awb-overflow:hidden;--awb-bg-color:var(--awb-custom_color_6);--awb-bg-color-hover:var(--awb-custom_color_6);--awb-bg-size:cover;--awb-border-radius:10px 10px 10px 10px;--awb-width-large:25%;--awb-margin-top-large:0px;--awb-spacing-right-large:3.92%;--awb-margin-bottom-large:20px;--awb-spacing-left-large:3.92%;--awb-width-medium:33.333333333333%;--awb-order-medium:0;--awb-spacing-right-medium:2.94%;--awb-spacing-left-medium:2.94%;--awb-width-small:75%;--awb-order-small:0;--awb-spacing-right-small:1.3066666666667%;--awb-spacing-left-small:1.3066666666667%;\"><div class=\"fusion-column-wrapper fusion-column-has-shadow fusion-flex-justify-content-flex-start fusion-content-layout-column\"><i class=\"fb-icon-element-2 fb-icon-element fontawesome-icon icon-bold-eramet-frame-154 circle-no\" style=\"--awb-font-size:50px;--awb-align-self:center;--awb-margin-top:0px;--awb-margin-right:0px;--awb-margin-bottom:10px;--awb-margin-left:0px;\"><\/i><div class=\"fusion-text fusion-text-3 fusion-text-no-margin\" style=\"--awb-content-alignment:center;--awb-text-color:var(--awb-color1);--awb-margin-bottom:0px;\"><p><strong>Energi<\/strong><\/p>\n<p>\u00d8kt energigjenvinning med<br \/>\n<strong>27%<\/strong><br \/>\ninnen 2030<\/p>\n<\/div><\/div><\/div><div class=\"fusion-layout-column fusion_builder_column fusion-builder-column-3 fusion_builder_column_1_4 1_4 fusion-flex-column KeyFigure\" style=\"--awb-padding-top:20px;--awb-padding-right:20px;--awb-padding-bottom:20px;--awb-padding-left:20px;--awb-overflow:hidden;--awb-bg-color:var(--awb-custom_color_6);--awb-bg-color-hover:var(--awb-custom_color_6);--awb-bg-size:cover;--awb-border-radius:10px 10px 10px 10px;--awb-width-large:25%;--awb-margin-top-large:0px;--awb-spacing-right-large:3.92%;--awb-margin-bottom-large:20px;--awb-spacing-left-large:3.92%;--awb-width-medium:33.333333333333%;--awb-order-medium:0;--awb-spacing-right-medium:2.94%;--awb-spacing-left-medium:2.94%;--awb-width-small:75%;--awb-order-small:0;--awb-spacing-right-small:1.3066666666667%;--awb-spacing-left-small:1.3066666666667%;\"><div class=\"fusion-column-wrapper fusion-column-has-shadow fusion-flex-justify-content-flex-start fusion-content-layout-column\"><i class=\"fb-icon-element-3 fb-icon-element fontawesome-icon icon-bold-eramet-Frame-73 circle-no\" style=\"--awb-font-size:50px;--awb-align-self:center;--awb-margin-top:0px;--awb-margin-right:0px;--awb-margin-bottom:10px;--awb-margin-left:0px;\"><\/i><div class=\"fusion-text fusion-text-4 fusion-text-no-margin\" style=\"--awb-content-alignment:center;--awb-text-color:var(--awb-color1);--awb-margin-bottom:0px;\"><p><strong>Sirkul\u00e6r \u00f8konomi<\/strong><\/p>\n<p>\u00d8ke ressurseffektiviteten v\u00e5r med<br \/>\n<strong>&gt;50%<\/strong><br \/>\ninnen 2030<br \/>\n(mer biprodukter, mindre avfall)<\/p>\n<\/div><\/div><\/div><\/div><\/div><\/p>\n","protected":false},"excerpt":{"rendered":"","protected":false},"author":4,"featured_media":0,"parent":51972,"menu_order":3,"comment_status":"closed","ping_status":"closed","template":"","meta":{"footnotes":""},"class_list":["post-51976","page","type-page","status-publish","hentry"],"yoast_head":"<!-- This site is optimized with the Yoast SEO plugin v26.8 - https:\/\/yoast.com\/product\/yoast-seo-wordpress\/ -->\n<title>Milj\u00f8 - Eramet Norway<\/title>\n<meta name=\"robots\" content=\"index, follow, max-snippet:-1, max-image-preview:large, max-video-preview:-1\" \/>\n<link rel=\"canonical\" href=\"https:\/\/norway.eramet.com\/no\/forpliktelser\/miljo\/\" \/>\n<meta property=\"og:locale\" content=\"nb_NO\" \/>\n<meta property=\"og:type\" content=\"article\" \/>\n<meta property=\"og:title\" content=\"Milj\u00f8 - Eramet Norway\" \/>\n<meta property=\"og:url\" content=\"https:\/\/norway.eramet.com\/no\/forpliktelser\/miljo\/\" \/>\n<meta property=\"og:site_name\" content=\"Eramet Norway\" \/>\n<meta property=\"article:modified_time\" content=\"2025-07-09T13:20:23+00:00\" \/>\n<meta property=\"og:image\" content=\"https:\/\/norway.eramet.com\/wp-content\/uploads\/sites\/19\/2025\/04\/Eramet-logo.png\" \/>\n\t<meta property=\"og:image:width\" content=\"800\" \/>\n\t<meta property=\"og:image:height\" content=\"316\" \/>\n\t<meta property=\"og:image:type\" content=\"image\/png\" \/>\n<meta name=\"twitter:card\" content=\"summary_large_image\" \/>\n<script type=\"application\/ld+json\" class=\"yoast-schema-graph\">{\"@context\":\"https:\/\/schema.org\",\"@graph\":[{\"@type\":\"WebPage\",\"@id\":\"https:\/\/norway.eramet.com\/no\/forpliktelser\/miljo\/\",\"url\":\"https:\/\/norway.eramet.com\/no\/forpliktelser\/miljo\/\",\"name\":\"Milj\u00f8 - Eramet Norway\",\"isPartOf\":{\"@id\":\"https:\/\/norway.eramet.com\/no\/#website\"},\"datePublished\":\"2024-02-06T17:03:36+00:00\",\"dateModified\":\"2025-07-09T13:20:23+00:00\",\"breadcrumb\":{\"@id\":\"https:\/\/norway.eramet.com\/no\/forpliktelser\/miljo\/#breadcrumb\"},\"inLanguage\":\"nb-NO\",\"potentialAction\":[{\"@type\":\"ReadAction\",\"target\":[\"https:\/\/norway.eramet.com\/no\/forpliktelser\/miljo\/\"]}]},{\"@type\":\"BreadcrumbList\",\"@id\":\"https:\/\/norway.eramet.com\/no\/forpliktelser\/miljo\/#breadcrumb\",\"itemListElement\":[{\"@type\":\"ListItem\",\"position\":1,\"name\":\"Eramet Norway\",\"item\":\"https:\/\/norway.eramet.com\/no\/\"},{\"@type\":\"ListItem\",\"position\":2,\"name\":\"Forpliktelser\",\"item\":\"https:\/\/norway.eramet.com\/no\/forpliktelser\/\"},{\"@type\":\"ListItem\",\"position\":3,\"name\":\"Milj\u00f8\"}]},{\"@type\":\"WebSite\",\"@id\":\"https:\/\/norway.eramet.com\/no\/#website\",\"url\":\"https:\/\/norway.eramet.com\/no\/\",\"name\":\"Eramet Norway\",\"description\":\"\",\"publisher\":{\"@id\":\"https:\/\/norway.eramet.com\/no\/#organization\"},\"potentialAction\":[{\"@type\":\"SearchAction\",\"target\":{\"@type\":\"EntryPoint\",\"urlTemplate\":\"https:\/\/norway.eramet.com\/no\/?s={search_term_string}\"},\"query-input\":{\"@type\":\"PropertyValueSpecification\",\"valueRequired\":true,\"valueName\":\"search_term_string\"}}],\"inLanguage\":\"nb-NO\"},{\"@type\":\"Organization\",\"@id\":\"https:\/\/norway.eramet.com\/no\/#organization\",\"name\":\"Eramet Norway\",\"url\":\"https:\/\/norway.eramet.com\/no\/\",\"logo\":{\"@type\":\"ImageObject\",\"inLanguage\":\"nb-NO\",\"@id\":\"https:\/\/norway.eramet.com\/no\/#\/schema\/logo\/image\/\",\"url\":\"https:\/\/norway.eramet.com\/wp-content\/uploads\/sites\/19\/2025\/04\/Eramet-logo.png\",\"contentUrl\":\"https:\/\/norway.eramet.com\/wp-content\/uploads\/sites\/19\/2025\/04\/Eramet-logo.png\",\"width\":800,\"height\":316,\"caption\":\"Eramet Norway\"},\"image\":{\"@id\":\"https:\/\/norway.eramet.com\/no\/#\/schema\/logo\/image\/\"}}]}<\/script>\n<!-- \/ Yoast SEO plugin. -->","yoast_head_json":{"title":"Milj\u00f8 - Eramet Norway","robots":{"index":"index","follow":"follow","max-snippet":"max-snippet:-1","max-image-preview":"max-image-preview:large","max-video-preview":"max-video-preview:-1"},"canonical":"https:\/\/norway.eramet.com\/no\/forpliktelser\/miljo\/","og_locale":"nb_NO","og_type":"article","og_title":"Milj\u00f8 - Eramet Norway","og_url":"https:\/\/norway.eramet.com\/no\/forpliktelser\/miljo\/","og_site_name":"Eramet Norway","article_modified_time":"2025-07-09T13:20:23+00:00","og_image":[{"width":800,"height":316,"url":"https:\/\/norway.eramet.com\/wp-content\/uploads\/sites\/19\/2025\/04\/Eramet-logo.png","type":"image\/png"}],"twitter_card":"summary_large_image","schema":{"@context":"https:\/\/schema.org","@graph":[{"@type":"WebPage","@id":"https:\/\/norway.eramet.com\/no\/forpliktelser\/miljo\/","url":"https:\/\/norway.eramet.com\/no\/forpliktelser\/miljo\/","name":"Milj\u00f8 - Eramet Norway","isPartOf":{"@id":"https:\/\/norway.eramet.com\/no\/#website"},"datePublished":"2024-02-06T17:03:36+00:00","dateModified":"2025-07-09T13:20:23+00:00","breadcrumb":{"@id":"https:\/\/norway.eramet.com\/no\/forpliktelser\/miljo\/#breadcrumb"},"inLanguage":"nb-NO","potentialAction":[{"@type":"ReadAction","target":["https:\/\/norway.eramet.com\/no\/forpliktelser\/miljo\/"]}]},{"@type":"BreadcrumbList","@id":"https:\/\/norway.eramet.com\/no\/forpliktelser\/miljo\/#breadcrumb","itemListElement":[{"@type":"ListItem","position":1,"name":"Eramet Norway","item":"https:\/\/norway.eramet.com\/no\/"},{"@type":"ListItem","position":2,"name":"Forpliktelser","item":"https:\/\/norway.eramet.com\/no\/forpliktelser\/"},{"@type":"ListItem","position":3,"name":"Milj\u00f8"}]},{"@type":"WebSite","@id":"https:\/\/norway.eramet.com\/no\/#website","url":"https:\/\/norway.eramet.com\/no\/","name":"Eramet Norway","description":"","publisher":{"@id":"https:\/\/norway.eramet.com\/no\/#organization"},"potentialAction":[{"@type":"SearchAction","target":{"@type":"EntryPoint","urlTemplate":"https:\/\/norway.eramet.com\/no\/?s={search_term_string}"},"query-input":{"@type":"PropertyValueSpecification","valueRequired":true,"valueName":"search_term_string"}}],"inLanguage":"nb-NO"},{"@type":"Organization","@id":"https:\/\/norway.eramet.com\/no\/#organization","name":"Eramet Norway","url":"https:\/\/norway.eramet.com\/no\/","logo":{"@type":"ImageObject","inLanguage":"nb-NO","@id":"https:\/\/norway.eramet.com\/no\/#\/schema\/logo\/image\/","url":"https:\/\/norway.eramet.com\/wp-content\/uploads\/sites\/19\/2025\/04\/Eramet-logo.png","contentUrl":"https:\/\/norway.eramet.com\/wp-content\/uploads\/sites\/19\/2025\/04\/Eramet-logo.png","width":800,"height":316,"caption":"Eramet Norway"},"image":{"@id":"https:\/\/norway.eramet.com\/no\/#\/schema\/logo\/image\/"}}]}},"acf":[],"_links":{"self":[{"href":"https:\/\/norway.eramet.com\/no\/wp-json\/wp\/v2\/pages\/51976","targetHints":{"allow":["GET"]}}],"collection":[{"href":"https:\/\/norway.eramet.com\/no\/wp-json\/wp\/v2\/pages"}],"about":[{"href":"https:\/\/norway.eramet.com\/no\/wp-json\/wp\/v2\/types\/page"}],"author":[{"embeddable":true,"href":"https:\/\/norway.eramet.com\/no\/wp-json\/wp\/v2\/users\/4"}],"replies":[{"embeddable":true,"href":"https:\/\/norway.eramet.com\/no\/wp-json\/wp\/v2\/comments?post=51976"}],"version-history":[{"count":5,"href":"https:\/\/norway.eramet.com\/no\/wp-json\/wp\/v2\/pages\/51976\/revisions"}],"predecessor-version":[{"id":52404,"href":"https:\/\/norway.eramet.com\/no\/wp-json\/wp\/v2\/pages\/51976\/revisions\/52404"}],"up":[{"embeddable":true,"href":"https:\/\/norway.eramet.com\/no\/wp-json\/wp\/v2\/pages\/51972"}],"wp:attachment":[{"href":"https:\/\/norway.eramet.com\/no\/wp-json\/wp\/v2\/media?parent=51976"}],"curies":[{"name":"wp","href":"https:\/\/api.w.org\/{rel}","templated":true}]}}