{"id":51972,"date":"2020-10-01T15:24:06","date_gmt":"2020-10-01T13:24:06","guid":{"rendered":"https:\/\/norway.eramet.com\/?page_id=51972"},"modified":"2025-07-07T17:04:40","modified_gmt":"2025-07-07T15:04:40","slug":"forpliktelser","status":"publish","type":"page","link":"https:\/\/norway.eramet.com\/no\/forpliktelser\/","title":{"rendered":"Forpliktelser"},"content":{"rendered":"<p><div class=\"fusion-fullwidth fullwidth-box fusion-builder-row-1 fusion-flex-container has-pattern-background has-mask-background nonhundred-percent-fullwidth non-hundred-percent-height-scrolling\" style=\"--awb-border-radius-top-left:0px;--awb-border-radius-top-right:0px;--awb-border-radius-bottom-right:0px;--awb-border-radius-bottom-left:0px;--awb-padding-right:20%;--awb-flex-wrap:wrap;\" ><div class=\"fusion-builder-row fusion-row fusion-flex-align-items-flex-start fusion-flex-content-wrap\" style=\"max-width:1468.8px;margin-left: calc(-2% \/ 2 );margin-right: calc(-2% \/ 2 );\"><div class=\"fusion-layout-column fusion_builder_column fusion-builder-column-0 fusion_builder_column_1_1 1_1 fusion-flex-column\" style=\"--awb-bg-size:cover;--awb-width-large:100%;--awb-margin-top-large:0px;--awb-spacing-right-large:0.98%;--awb-margin-bottom-large:20px;--awb-spacing-left-large:0.98%;--awb-width-medium:100%;--awb-order-medium:0;--awb-spacing-right-medium:0.98%;--awb-spacing-left-medium:0.98%;--awb-width-small:100%;--awb-order-small:0;--awb-spacing-right-small:0.98%;--awb-spacing-left-small:0.98%;\"><div class=\"fusion-column-wrapper fusion-column-has-shadow fusion-flex-justify-content-flex-start fusion-content-layout-column\"><div class=\"fusion-text fusion-text-1\"><p><strong>Eramet Norway<\/strong> har som m\u00e5l \u00e5 v\u00e6re en p\u00e5driver for sosial utvikling i lokalsamfunnene der vi opererer. Som en del av Eramet-konsernet har vi et tydelig fokus p\u00e5 alle aspekter knyttet til samfunnsansvar og b\u00e6rekraft.<\/p>\n<\/div><\/div><\/div><\/div><\/div><div class=\"fusion-fullwidth fullwidth-box fusion-builder-row-2 fusion-flex-container has-pattern-background has-mask-background nonhundred-percent-fullwidth non-hundred-percent-height-scrolling\" style=\"--awb-border-radius-top-left:0px;--awb-border-radius-top-right:0px;--awb-border-radius-bottom-right:0px;--awb-border-radius-bottom-left:0px;--awb-flex-wrap:wrap;\" ><div class=\"fusion-builder-row fusion-row fusion-flex-align-items-stretch fusion-flex-justify-content-center fusion-flex-content-wrap\" style=\"max-width:1468.8px;margin-left: calc(-2% \/ 2 );margin-right: calc(-2% \/ 2 );\"><div class=\"fusion-layout-column fusion_builder_column fusion-builder-column-1 fusion_builder_column_1_2 1_2 fusion-flex-column\" style=\"--awb-padding-top:30px;--awb-padding-right:30px;--awb-padding-bottom:30px;--awb-padding-left:30px;--awb-overflow:hidden;--awb-bg-size:cover;--awb-border-color:var(--awb-color7);--awb-border-top:1px;--awb-border-right:1px;--awb-border-bottom:1px;--awb-border-left:1px;--awb-border-style:solid;--awb-border-radius:10px 10px 10px 10px;--awb-width-large:50%;--awb-margin-top-large:0px;--awb-spacing-right-large:1.96%;--awb-margin-bottom-large:50px;--awb-spacing-left-large:1.96%;--awb-width-medium:50%;--awb-order-medium:0;--awb-spacing-right-medium:1.96%;--awb-spacing-left-medium:1.96%;--awb-width-small:100%;--awb-order-small:0;--awb-spacing-right-small:0.98%;--awb-spacing-left-small:0.98%;\"><div class=\"fusion-column-wrapper fusion-column-has-shadow fusion-flex-justify-content-flex-start fusion-content-layout-column\"><div class=\"fusion-text fusion-text-2\"><h2 class=\"fusion-responsive-typography-calculated\" style=\"--fontsize: 30; line-height: 1.2;\" data-fontsize=\"30\" data-lineheight=\"36px\"><span style=\"color: var(--awb-text-color); font-family: var(--awb-text-font-family); font-size: var(--awb-font-size); font-style: var(--awb-text-font-style); font-weight: var(--awb-text-font-weight); letter-spacing: var(--awb-letter-spacing); text-align: var(--awb-content-alignment); text-transform: var(--awb-text-transform); background-color: var(--awb-bg-color);\">V\u00e5re forpliktelser, i \u00e5penhet<\/span><\/h2>\n<p style=\"--fontsize: 30; line-height: 1.2;\">Eramet Norway har forpliktet seg til \u00e5 drive ansvarlig metallurgi ved \u00e5 f\u00f8lge h\u00f8ye internasjonale standarder og norske lover. Med utgangspunkt i Eramet-konsernets CSR-veikart Act for Positive Mining jobber vi sammen med interessenter for \u00e5 minimere negativ p\u00e5virkning og skape varig positiv verdi.<\/p>\n<\/div><div style=\"text-align:left;\"><a class=\"fusion-button button-flat fusion-button-default-size button-custom fusion-button-default button-1 fusion-button-default-span fusion-button-default-type CTA-arrow fusion-has-button-gradient\" style=\"--button_accent_color:var(--awb-color7);--button_accent_hover_color:var(--awb-color3);--button_border_hover_color:var(--awb-color7);--button_border_width-top:0;--button_border_width-right:0;--button_border_width-bottom:0;--button_border_width-left:0;--button-border-radius-top-left:0;--button-border-radius-top-right:0;--button-border-radius-bottom-right:0;--button-border-radius-bottom-left:0;--button_gradient_angle:180deg;--button_gradient_top_color:var(--awb-custom_color_7);--button_gradient_bottom_color:var(--awb-custom_color_7);--button_gradient_top_color_hover:rgba(226,226,226,0);--button_gradient_bottom_color_hover:var(--awb-custom_color_3);--button_font_size:16px;--button_padding-right:70px;--button_padding-left:0px;--button_margin-top:30px;\" target=\"_self\" href=\"https:\/\/norway.eramet.com\/no\/forpliktelser\/vare-forpliktelser-i-apenhet\/\"><span class=\"fusion-button-text\">V\u00e5re felles dokumenter<\/span><\/a><\/div><\/div><\/div><div class=\"fusion-layout-column fusion_builder_column fusion-builder-column-2 fusion_builder_column_1_2 1_2 fusion-flex-column\" style=\"--awb-padding-top:30px;--awb-padding-right:30px;--awb-padding-bottom:30px;--awb-padding-left:30px;--awb-overflow:hidden;--awb-bg-size:cover;--awb-border-color:var(--awb-color7);--awb-border-top:1px;--awb-border-right:1px;--awb-border-bottom:1px;--awb-border-left:1px;--awb-border-style:solid;--awb-border-radius:10px 10px 10px 10px;--awb-width-large:50%;--awb-margin-top-large:0px;--awb-spacing-right-large:1.96%;--awb-margin-bottom-large:50px;--awb-spacing-left-large:1.96%;--awb-width-medium:50%;--awb-order-medium:0;--awb-spacing-right-medium:1.96%;--awb-spacing-left-medium:1.96%;--awb-width-small:100%;--awb-order-small:0;--awb-spacing-right-small:0.98%;--awb-spacing-left-small:0.98%;\"><div class=\"fusion-column-wrapper fusion-column-has-shadow fusion-flex-justify-content-flex-start fusion-content-layout-column\"><div class=\"fusion-text fusion-text-3\"><h2>Et bidragsytende og ansvarlig selskap<\/h2>\n<p>Eramet Norway \u00f8nsker \u00e5 v\u00e6re en p\u00e5driver for samfunnsutviklingen i de lokalsamfunnene der vi har virksomhet.<\/p>\n<\/div><div style=\"text-align:left;\"><a class=\"fusion-button button-flat fusion-button-default-size button-custom fusion-button-default button-2 fusion-button-default-span fusion-button-default-type CTA-arrow fusion-has-button-gradient\" style=\"--button_accent_color:var(--awb-color7);--button_accent_hover_color:var(--awb-color3);--button_border_hover_color:var(--awb-color7);--button_border_width-top:0;--button_border_width-right:0;--button_border_width-bottom:0;--button_border_width-left:0;--button-border-radius-top-left:0;--button-border-radius-top-right:0;--button-border-radius-bottom-right:0;--button-border-radius-bottom-left:0;--button_gradient_angle:180deg;--button_gradient_top_color:var(--awb-custom_color_7);--button_gradient_bottom_color:var(--awb-custom_color_7);--button_gradient_top_color_hover:rgba(226,226,226,0);--button_gradient_bottom_color_hover:var(--awb-custom_color_3);--button_font_size:16px;--button_padding-right:70px;--button_padding-left:0px;--button_margin-top:30px;\" target=\"_self\" href=\"https:\/\/norway.eramet.com\/no\/forpliktelser\/et-bidragsytende-selskap\/\"><span class=\"fusion-button-text\">Dialog med sivilsamfunnet og lokal utvikling<\/span><\/a><\/div><\/div><\/div><div class=\"fusion-layout-column fusion_builder_column fusion-builder-column-3 fusion_builder_column_1_2 1_2 fusion-flex-column\" style=\"--awb-padding-top:30px;--awb-padding-right:30px;--awb-padding-bottom:30px;--awb-padding-left:30px;--awb-overflow:hidden;--awb-bg-size:cover;--awb-border-color:var(--awb-color7);--awb-border-top:1px;--awb-border-right:1px;--awb-border-bottom:1px;--awb-border-left:1px;--awb-border-style:solid;--awb-border-radius:10px 10px 10px 10px;--awb-width-large:50%;--awb-margin-top-large:0px;--awb-spacing-right-large:1.96%;--awb-margin-bottom-large:50px;--awb-spacing-left-large:1.96%;--awb-width-medium:50%;--awb-order-medium:0;--awb-spacing-right-medium:1.96%;--awb-spacing-left-medium:1.96%;--awb-width-small:100%;--awb-order-small:0;--awb-spacing-right-small:0.98%;--awb-spacing-left-small:0.98%;\"><div class=\"fusion-column-wrapper fusion-column-has-shadow fusion-flex-justify-content-flex-start fusion-content-layout-column\"><div class=\"fusion-text fusion-text-4\"><h2>Beskyttelse av naturen gjennom b\u00e6rekraftig drift<\/h2>\n<p>Eramet Norway er opptatt av \u00e5 redusere sitt milj\u00f8avtrykk gjennom streng utslippskontroll, vannrensing og resirkulering. I tr\u00e5d med Norges klimam\u00e5l og <em><strong>Act4Nature<\/strong><\/em> g\u00e5r vi lenger enn regelverket for \u00e5 beskytte det biologiske mangfoldet og bekjempe klimaendringene.<\/p>\n<\/div><div style=\"text-align:left;\"><a class=\"fusion-button button-flat fusion-button-default-size button-custom fusion-button-default button-3 fusion-button-default-span fusion-button-default-type CTA-arrow fusion-has-button-gradient\" style=\"--button_accent_color:var(--awb-color7);--button_accent_hover_color:var(--awb-color3);--button_border_hover_color:var(--awb-color7);--button_border_width-top:0;--button_border_width-right:0;--button_border_width-bottom:0;--button_border_width-left:0;--button-border-radius-top-left:0;--button-border-radius-top-right:0;--button-border-radius-bottom-right:0;--button-border-radius-bottom-left:0;--button_gradient_angle:180deg;--button_gradient_top_color:var(--awb-custom_color_7);--button_gradient_bottom_color:var(--awb-custom_color_7);--button_gradient_top_color_hover:rgba(226,226,226,0);--button_gradient_bottom_color_hover:var(--awb-custom_color_3);--button_font_size:16px;--button_padding-right:70px;--button_padding-left:0px;--button_margin-top:30px;\" target=\"_self\" href=\"https:\/\/norway.eramet.com\/no\/forpliktelser\/miljo\/\"><span class=\"fusion-button-text\">V\u00e5re forpliktelser overfor milj\u00f8et<\/span><\/a><\/div><\/div><\/div><div class=\"fusion-layout-column fusion_builder_column fusion-builder-column-4 fusion_builder_column_1_2 1_2 fusion-flex-column\" style=\"--awb-padding-top:30px;--awb-padding-right:30px;--awb-padding-bottom:30px;--awb-padding-left:30px;--awb-overflow:hidden;--awb-bg-size:cover;--awb-border-color:var(--awb-color7);--awb-border-top:1px;--awb-border-right:1px;--awb-border-bottom:1px;--awb-border-left:1px;--awb-border-style:solid;--awb-border-radius:10px 10px 10px 10px;--awb-width-large:50%;--awb-margin-top-large:0px;--awb-spacing-right-large:1.96%;--awb-margin-bottom-large:50px;--awb-spacing-left-large:1.96%;--awb-width-medium:50%;--awb-order-medium:0;--awb-spacing-right-medium:1.96%;--awb-spacing-left-medium:1.96%;--awb-width-small:100%;--awb-order-small:0;--awb-spacing-right-small:0.98%;--awb-spacing-left-small:0.98%;\"><div class=\"fusion-column-wrapper fusion-column-has-shadow fusion-flex-justify-content-flex-start fusion-content-layout-column\"><div class=\"fusion-text fusion-text-5\"><h2>\u00c5 bygge en b\u00e6rekraftig industriell modell<\/h2>\n<p>Eramet Norway gir avfall verdi gjennom innovativ gjenvinning, ressurseffektivitet og gjenbruk av biprodukter. Fra gjenbruk av ovnsst\u00f8v og Silica Green Stone til gjenvinning av metaller fra avl\u00f8psvann, minimerer vi v\u00e5rt milj\u00f8messige fotavtrykk. Med ambisi\u00f8se m\u00e5l for 2030 har vi forpliktet oss til \u00e5 skalere b\u00e6rekraftige l\u00f8sninger for en gr\u00f8nnere fremtid.<\/p>\n<\/div><div style=\"text-align:left;\"><a class=\"fusion-button button-flat fusion-button-default-size button-custom fusion-button-default button-4 fusion-button-default-span fusion-button-default-type CTA-arrow fusion-has-button-gradient\" style=\"--button_accent_color:var(--awb-color7);--button_accent_hover_color:var(--awb-color3);--button_border_hover_color:var(--awb-color7);--button_border_width-top:0;--button_border_width-right:0;--button_border_width-bottom:0;--button_border_width-left:0;--button-border-radius-top-left:0;--button-border-radius-top-right:0;--button-border-radius-bottom-right:0;--button-border-radius-bottom-left:0;--button_gradient_angle:180deg;--button_gradient_top_color:var(--awb-custom_color_7);--button_gradient_bottom_color:var(--awb-custom_color_7);--button_gradient_top_color_hover:rgba(226,226,226,0);--button_gradient_bottom_color_hover:var(--awb-custom_color_3);--button_font_size:16px;--button_padding-right:70px;--button_padding-left:0px;--button_margin-top:30px;\" target=\"_self\" href=\"https:\/\/norway.eramet.com\/no\/forpliktelser\/sirkulaer-okonomi\/\"><span class=\"fusion-button-text\">Sirkul\u00e6r \u00f8konomi<\/span><\/a><\/div><\/div><\/div><\/div><\/div><div class=\"fusion-fullwidth fullwidth-box fusion-builder-row-3 fusion-flex-container has-pattern-background has-mask-background nonhundred-percent-fullwidth non-hundred-percent-height-scrolling\" style=\"--awb-border-radius-top-left:0px;--awb-border-radius-top-right:0px;--awb-border-radius-bottom-right:0px;--awb-border-radius-bottom-left:0px;--awb-flex-wrap:wrap;\" ><div class=\"fusion-builder-row fusion-row fusion-flex-align-items-stretch fusion-flex-content-wrap\" style=\"max-width:1468.8px;margin-left: calc(-2% \/ 2 );margin-right: calc(-2% \/ 2 );\"><div class=\"fusion-layout-column fusion_builder_column fusion-builder-column-5 fusion_builder_column_2_3 2_3 fusion-flex-column\" style=\"--awb-bg-size:cover;--awb-width-large:66.666666666667%;--awb-margin-top-large:0px;--awb-spacing-right-large:1.47%;--awb-margin-bottom-large:20px;--awb-spacing-left-large:1.47%;--awb-width-medium:66.666666666667%;--awb-order-medium:0;--awb-spacing-right-medium:1.47%;--awb-spacing-left-medium:1.47%;--awb-width-small:100%;--awb-order-small:0;--awb-spacing-right-small:0.98%;--awb-spacing-left-small:0.98%;\"><div class=\"fusion-column-wrapper fusion-column-has-shadow fusion-flex-justify-content-flex-start fusion-content-layout-column\"><div class=\"fusion-video fusion-youtube\" style=\"--awb-max-width:1000px;--awb-max-height:563px;\"><div class=\"video-shortcode\"><lite-youtube videoid=\"JG4R24sTbIc\" class=\"landscape\" params=\"wmode=transparent&autoplay=1&amp;rel=0&amp;hl=en&amp;cc_load_policy=1&enablejsapi=1\" title=\"Eramet - Committed to sustainable metals\" width=\"1000\" height=\"563\" data-thumbnail-size=\"auto\"><\/lite-youtube><\/div><\/div><\/div><\/div><div class=\"fusion-layout-column fusion_builder_column fusion-builder-column-6 fusion_builder_column_1_3 1_3 fusion-flex-column fusion-flex-align-self-stretch bg-elan bg-100\" style=\"--awb-padding-top:20px;--awb-padding-right:20px;--awb-padding-bottom:50%;--awb-padding-left:20px;--awb-overflow:hidden;--awb-bg-color:var(--awb-color7);--awb-bg-color-hover:var(--awb-color7);--awb-bg-size:cover;--awb-border-radius:10px 10px 10px 10px;--awb-width-large:33.333333333333%;--awb-margin-top-large:0px;--awb-spacing-right-large:2.94%;--awb-margin-bottom-large:20px;--awb-spacing-left-large:2.94%;--awb-width-medium:33.333333333333%;--awb-order-medium:0;--awb-spacing-right-medium:2.94%;--awb-spacing-left-medium:2.94%;--awb-width-small:100%;--awb-order-small:0;--awb-spacing-right-small:0.98%;--awb-spacing-left-small:0.98%;\"><div class=\"fusion-column-wrapper fusion-column-has-shadow fusion-flex-justify-content-flex-start fusion-content-layout-column\"><div class=\"fusion-title title fusion-title-1 fusion-sep-none fusion-title-text fusion-title-size-three\" style=\"--awb-text-color:var(--awb-custom_color_3);--awb-margin-right-small:0px;--awb-margin-left-small:0px;--awb-font-size:20px;\"><h3 class=\"fusion-title-heading title-heading-left\" style=\"margin:0;font-size:1em;\">Act for Positive Mining: En bedrifts form\u00e5l<\/h3><\/div><div class=\"fusion-text fusion-text-6 fusion-text-no-margin\" style=\"--awb-text-color:var(--awb-custom_color_3);\"><p>Finn ut mer om Eramets CSR-veikart i dette intervjuet med Virginie de Chassey, Chief Sustainability and External Affairs Officer i konsernet.<\/p>\n<\/div><\/div><\/div><\/div><\/div><\/p>\n","protected":false},"excerpt":{"rendered":"","protected":false},"author":4,"featured_media":0,"parent":0,"menu_order":3,"comment_status":"closed","ping_status":"closed","template":"","meta":{"footnotes":""},"class_list":["post-51972","page","type-page","status-publish","hentry"],"yoast_head":"<!-- This site is optimized with the Yoast SEO plugin v26.8 - https:\/\/yoast.com\/product\/yoast-seo-wordpress\/ -->\n<title>Forpliktelser - Eramet Norway<\/title>\n<meta name=\"robots\" content=\"index, follow, max-snippet:-1, max-image-preview:large, max-video-preview:-1\" \/>\n<link rel=\"canonical\" href=\"https:\/\/norway.eramet.com\/no\/forpliktelser\/\" \/>\n<meta property=\"og:locale\" content=\"nb_NO\" \/>\n<meta property=\"og:type\" content=\"article\" \/>\n<meta property=\"og:title\" content=\"Forpliktelser - Eramet Norway\" \/>\n<meta property=\"og:url\" content=\"https:\/\/norway.eramet.com\/no\/forpliktelser\/\" \/>\n<meta property=\"og:site_name\" content=\"Eramet Norway\" \/>\n<meta property=\"article:modified_time\" content=\"2025-07-07T15:04:40+00:00\" \/>\n<meta property=\"og:image\" content=\"https:\/\/norway.eramet.com\/wp-content\/uploads\/sites\/19\/2025\/04\/Eramet-logo.png\" \/>\n\t<meta property=\"og:image:width\" content=\"800\" \/>\n\t<meta property=\"og:image:height\" content=\"316\" \/>\n\t<meta property=\"og:image:type\" content=\"image\/png\" \/>\n<meta name=\"twitter:card\" content=\"summary_large_image\" \/>\n<meta name=\"twitter:label1\" content=\"Ansl. lesetid\" \/>\n\t<meta name=\"twitter:data1\" content=\"2 minutter\" \/>\n<script type=\"application\/ld+json\" class=\"yoast-schema-graph\">{\"@context\":\"https:\/\/schema.org\",\"@graph\":[{\"@type\":\"WebPage\",\"@id\":\"https:\/\/norway.eramet.com\/no\/forpliktelser\/\",\"url\":\"https:\/\/norway.eramet.com\/no\/forpliktelser\/\",\"name\":\"Forpliktelser - Eramet Norway\",\"isPartOf\":{\"@id\":\"https:\/\/norway.eramet.com\/no\/#website\"},\"datePublished\":\"2020-10-01T13:24:06+00:00\",\"dateModified\":\"2025-07-07T15:04:40+00:00\",\"breadcrumb\":{\"@id\":\"https:\/\/norway.eramet.com\/no\/forpliktelser\/#breadcrumb\"},\"inLanguage\":\"nb-NO\",\"potentialAction\":[{\"@type\":\"ReadAction\",\"target\":[\"https:\/\/norway.eramet.com\/no\/forpliktelser\/\"]}]},{\"@type\":\"BreadcrumbList\",\"@id\":\"https:\/\/norway.eramet.com\/no\/forpliktelser\/#breadcrumb\",\"itemListElement\":[{\"@type\":\"ListItem\",\"position\":1,\"name\":\"Eramet Norway\",\"item\":\"https:\/\/norway.eramet.com\/no\/\"},{\"@type\":\"ListItem\",\"position\":2,\"name\":\"Forpliktelser\"}]},{\"@type\":\"WebSite\",\"@id\":\"https:\/\/norway.eramet.com\/no\/#website\",\"url\":\"https:\/\/norway.eramet.com\/no\/\",\"name\":\"Eramet Norway\",\"description\":\"\",\"publisher\":{\"@id\":\"https:\/\/norway.eramet.com\/no\/#organization\"},\"potentialAction\":[{\"@type\":\"SearchAction\",\"target\":{\"@type\":\"EntryPoint\",\"urlTemplate\":\"https:\/\/norway.eramet.com\/no\/?s={search_term_string}\"},\"query-input\":{\"@type\":\"PropertyValueSpecification\",\"valueRequired\":true,\"valueName\":\"search_term_string\"}}],\"inLanguage\":\"nb-NO\"},{\"@type\":\"Organization\",\"@id\":\"https:\/\/norway.eramet.com\/no\/#organization\",\"name\":\"Eramet Norway\",\"url\":\"https:\/\/norway.eramet.com\/no\/\",\"logo\":{\"@type\":\"ImageObject\",\"inLanguage\":\"nb-NO\",\"@id\":\"https:\/\/norway.eramet.com\/no\/#\/schema\/logo\/image\/\",\"url\":\"https:\/\/norway.eramet.com\/wp-content\/uploads\/sites\/19\/2025\/04\/Eramet-logo.png\",\"contentUrl\":\"https:\/\/norway.eramet.com\/wp-content\/uploads\/sites\/19\/2025\/04\/Eramet-logo.png\",\"width\":800,\"height\":316,\"caption\":\"Eramet Norway\"},\"image\":{\"@id\":\"https:\/\/norway.eramet.com\/no\/#\/schema\/logo\/image\/\"}}]}<\/script>\n<!-- \/ Yoast SEO plugin. -->","yoast_head_json":{"title":"Forpliktelser - Eramet Norway","robots":{"index":"index","follow":"follow","max-snippet":"max-snippet:-1","max-image-preview":"max-image-preview:large","max-video-preview":"max-video-preview:-1"},"canonical":"https:\/\/norway.eramet.com\/no\/forpliktelser\/","og_locale":"nb_NO","og_type":"article","og_title":"Forpliktelser - Eramet Norway","og_url":"https:\/\/norway.eramet.com\/no\/forpliktelser\/","og_site_name":"Eramet Norway","article_modified_time":"2025-07-07T15:04:40+00:00","og_image":[{"width":800,"height":316,"url":"https:\/\/norway.eramet.com\/wp-content\/uploads\/sites\/19\/2025\/04\/Eramet-logo.png","type":"image\/png"}],"twitter_card":"summary_large_image","twitter_misc":{"Ansl. lesetid":"2 minutter"},"schema":{"@context":"https:\/\/schema.org","@graph":[{"@type":"WebPage","@id":"https:\/\/norway.eramet.com\/no\/forpliktelser\/","url":"https:\/\/norway.eramet.com\/no\/forpliktelser\/","name":"Forpliktelser - Eramet Norway","isPartOf":{"@id":"https:\/\/norway.eramet.com\/no\/#website"},"datePublished":"2020-10-01T13:24:06+00:00","dateModified":"2025-07-07T15:04:40+00:00","breadcrumb":{"@id":"https:\/\/norway.eramet.com\/no\/forpliktelser\/#breadcrumb"},"inLanguage":"nb-NO","potentialAction":[{"@type":"ReadAction","target":["https:\/\/norway.eramet.com\/no\/forpliktelser\/"]}]},{"@type":"BreadcrumbList","@id":"https:\/\/norway.eramet.com\/no\/forpliktelser\/#breadcrumb","itemListElement":[{"@type":"ListItem","position":1,"name":"Eramet Norway","item":"https:\/\/norway.eramet.com\/no\/"},{"@type":"ListItem","position":2,"name":"Forpliktelser"}]},{"@type":"WebSite","@id":"https:\/\/norway.eramet.com\/no\/#website","url":"https:\/\/norway.eramet.com\/no\/","name":"Eramet Norway","description":"","publisher":{"@id":"https:\/\/norway.eramet.com\/no\/#organization"},"potentialAction":[{"@type":"SearchAction","target":{"@type":"EntryPoint","urlTemplate":"https:\/\/norway.eramet.com\/no\/?s={search_term_string}"},"query-input":{"@type":"PropertyValueSpecification","valueRequired":true,"valueName":"search_term_string"}}],"inLanguage":"nb-NO"},{"@type":"Organization","@id":"https:\/\/norway.eramet.com\/no\/#organization","name":"Eramet Norway","url":"https:\/\/norway.eramet.com\/no\/","logo":{"@type":"ImageObject","inLanguage":"nb-NO","@id":"https:\/\/norway.eramet.com\/no\/#\/schema\/logo\/image\/","url":"https:\/\/norway.eramet.com\/wp-content\/uploads\/sites\/19\/2025\/04\/Eramet-logo.png","contentUrl":"https:\/\/norway.eramet.com\/wp-content\/uploads\/sites\/19\/2025\/04\/Eramet-logo.png","width":800,"height":316,"caption":"Eramet Norway"},"image":{"@id":"https:\/\/norway.eramet.com\/no\/#\/schema\/logo\/image\/"}}]}},"acf":[],"_links":{"self":[{"href":"https:\/\/norway.eramet.com\/no\/wp-json\/wp\/v2\/pages\/51972","targetHints":{"allow":["GET"]}}],"collection":[{"href":"https:\/\/norway.eramet.com\/no\/wp-json\/wp\/v2\/pages"}],"about":[{"href":"https:\/\/norway.eramet.com\/no\/wp-json\/wp\/v2\/types\/page"}],"author":[{"embeddable":true,"href":"https:\/\/norway.eramet.com\/no\/wp-json\/wp\/v2\/users\/4"}],"replies":[{"embeddable":true,"href":"https:\/\/norway.eramet.com\/no\/wp-json\/wp\/v2\/comments?post=51972"}],"version-history":[{"count":8,"href":"https:\/\/norway.eramet.com\/no\/wp-json\/wp\/v2\/pages\/51972\/revisions"}],"predecessor-version":[{"id":52387,"href":"https:\/\/norway.eramet.com\/no\/wp-json\/wp\/v2\/pages\/51972\/revisions\/52387"}],"wp:attachment":[{"href":"https:\/\/norway.eramet.com\/no\/wp-json\/wp\/v2\/media?parent=51972"}],"curies":[{"name":"wp","href":"https:\/\/api.w.org\/{rel}","templated":true}]}}