{"id":51965,"date":"2024-02-06T18:03:02","date_gmt":"2024-02-06T17:03:02","guid":{"rendered":"https:\/\/norway.eramet.com\/?page_id=51965"},"modified":"2025-07-09T15:00:44","modified_gmt":"2025-07-09T13:00:44","slug":"vi-bidrar","status":"publish","type":"page","link":"https:\/\/norway.eramet.com\/no\/forpliktelser\/vi-bidrar\/","title":{"rendered":"Vi bidrar!"},"content":{"rendered":"<p><div class=\"fusion-fullwidth fullwidth-box fusion-builder-row-1 fusion-flex-container has-pattern-background has-mask-background nonhundred-percent-fullwidth non-hundred-percent-height-scrolling\" style=\"--awb-border-radius-top-left:0px;--awb-border-radius-top-right:0px;--awb-border-radius-bottom-right:0px;--awb-border-radius-bottom-left:0px;--awb-flex-wrap:wrap;\" ><div class=\"fusion-builder-row fusion-row fusion-flex-align-items-stretch fusion-flex-justify-content-center fusion-flex-content-wrap\" style=\"max-width:1468.8px;margin-left: calc(-2% \/ 2 );margin-right: calc(-2% \/ 2 );\"><div class=\"fusion-layout-column fusion_builder_column fusion-builder-column-0 fusion_builder_column_1_1 1_1 fusion-flex-column\" style=\"--awb-padding-right:20%;--awb-bg-size:cover;--awb-width-large:100%;--awb-margin-top-large:0px;--awb-spacing-right-large:0.98%;--awb-margin-bottom-large:20px;--awb-spacing-left-large:0.98%;--awb-width-medium:100%;--awb-order-medium:0;--awb-spacing-right-medium:0.98%;--awb-spacing-left-medium:0.98%;--awb-width-small:100%;--awb-order-small:0;--awb-spacing-right-small:0.98%;--awb-spacing-left-small:0.98%;\"><div class=\"fusion-column-wrapper fusion-column-has-shadow fusion-flex-justify-content-flex-start fusion-content-layout-column\"><div class=\"fusion-text fusion-text-1\"><h2>10 000 mottakere av v\u00e5re samfunnstiltak<\/h2>\n<\/div><\/div><\/div><div class=\"fusion-layout-column fusion_builder_column fusion-builder-column-1 fusion_builder_column_1_4 1_4 fusion-flex-column KeyFigure\" style=\"--awb-padding-top:20px;--awb-padding-right:20px;--awb-padding-bottom:20px;--awb-padding-left:20px;--awb-overflow:hidden;--awb-bg-color:var(--awb-color1);--awb-bg-color-hover:var(--awb-color1);--awb-bg-size:cover;--awb-border-radius:10px 10px 10px 10px;--awb-width-large:25%;--awb-margin-top-large:0px;--awb-spacing-right-large:3.92%;--awb-margin-bottom-large:20px;--awb-spacing-left-large:3.92%;--awb-width-medium:33.333333333333%;--awb-order-medium:0;--awb-spacing-right-medium:2.94%;--awb-spacing-left-medium:2.94%;--awb-width-small:75%;--awb-order-small:0;--awb-spacing-right-small:1.3066666666667%;--awb-spacing-left-small:1.3066666666667%;\"><div class=\"fusion-column-wrapper fusion-column-has-shadow fusion-flex-justify-content-flex-start fusion-content-layout-column\"><i class=\"fb-icon-element-1 fb-icon-element fontawesome-icon fa-coins fal circle-no\" style=\"--awb-iconcolor:var(--awb-custom_color_3);--awb-iconcolor-hover:var(--awb-custom_color_3);--awb-font-size:50px;--awb-align-self:center;--awb-margin-top:0px;--awb-margin-right:0px;--awb-margin-bottom:10px;--awb-margin-left:0px;\"><\/i><div class=\"fusion-text fusion-text-2 fusion-text-no-margin\" style=\"--awb-content-alignment:center;--awb-text-color:var(--awb-custom_color_3);--awb-margin-bottom:0px;\"><p>Samlet samfunnsbidrag<br \/>\n<strong>292 millioner \u20ac<\/strong><br \/>\nbrukt i Norge i 2024<\/p>\n<\/div><\/div><\/div><div class=\"fusion-layout-column fusion_builder_column fusion-builder-column-2 fusion_builder_column_1_4 1_4 fusion-flex-column KeyFigure\" style=\"--awb-padding-top:20px;--awb-padding-right:20px;--awb-padding-bottom:20px;--awb-padding-left:20px;--awb-overflow:hidden;--awb-bg-color:var(--awb-custom_color_6);--awb-bg-color-hover:var(--awb-custom_color_6);--awb-bg-size:cover;--awb-border-radius:10px 10px 10px 10px;--awb-width-large:25%;--awb-margin-top-large:0px;--awb-spacing-right-large:3.92%;--awb-margin-bottom-large:20px;--awb-spacing-left-large:3.92%;--awb-width-medium:33.333333333333%;--awb-order-medium:0;--awb-spacing-right-medium:2.94%;--awb-spacing-left-medium:2.94%;--awb-width-small:75%;--awb-order-small:0;--awb-spacing-right-small:1.3066666666667%;--awb-spacing-left-small:1.3066666666667%;\"><div class=\"fusion-column-wrapper fusion-column-has-shadow fusion-flex-justify-content-flex-start fusion-content-layout-column\"><i class=\"fb-icon-element-2 fb-icon-element fontawesome-icon fa-shopping-cart fal circle-no\" style=\"--awb-font-size:50px;--awb-align-self:center;--awb-margin-top:0px;--awb-margin-right:0px;--awb-margin-bottom:10px;--awb-margin-left:0px;\"><\/i><div class=\"fusion-text fusion-text-3 fusion-text-no-margin\" style=\"--awb-content-alignment:center;--awb-text-color:var(--awb-color1);--awb-margin-bottom:0px;\"><p><strong>75 millioner \u20ac<\/strong><br \/>euro brukt i 2024 p\u00e5 varer og tjenester i industriregionene hvor v\u00e5re smelteverk er lokaliserte<\/p>\n<\/div><\/div><\/div><div class=\"fusion-layout-column fusion_builder_column fusion-builder-column-3 fusion_builder_column_1_4 1_4 fusion-flex-column KeyFigure\" style=\"--awb-padding-top:20px;--awb-padding-right:20px;--awb-padding-bottom:20px;--awb-padding-left:20px;--awb-overflow:hidden;--awb-bg-color:var(--awb-custom_color_6);--awb-bg-color-hover:var(--awb-custom_color_6);--awb-bg-size:cover;--awb-border-radius:10px 10px 10px 10px;--awb-width-large:25%;--awb-margin-top-large:0px;--awb-spacing-right-large:3.92%;--awb-margin-bottom-large:20px;--awb-spacing-left-large:3.92%;--awb-width-medium:33.333333333333%;--awb-order-medium:0;--awb-spacing-right-medium:2.94%;--awb-spacing-left-medium:2.94%;--awb-width-small:75%;--awb-order-small:0;--awb-spacing-right-small:1.3066666666667%;--awb-spacing-left-small:1.3066666666667%;\"><div class=\"fusion-column-wrapper fusion-column-has-shadow fusion-flex-justify-content-flex-start fusion-content-layout-column\"><i class=\"fb-icon-element-3 fb-icon-element fontawesome-icon fa-graduation-cap fal circle-no\" style=\"--awb-font-size:50px;--awb-align-self:center;--awb-margin-top:0px;--awb-margin-right:0px;--awb-margin-bottom:10px;--awb-margin-left:0px;\"><\/i><div class=\"fusion-text fusion-text-4 fusion-text-no-margin\" style=\"--awb-content-alignment:center;--awb-text-color:var(--awb-color1);--awb-margin-bottom:0px;\"><p>Utdanning: oppl\u00e6ring<br \/><strong>60 l\u00e6rlinger<\/strong><br \/>til enhver tid<\/p>\n<\/div><\/div><\/div><div class=\"fusion-layout-column fusion_builder_column fusion-builder-column-4 fusion_builder_column_1_4 1_4 fusion-flex-column KeyFigure\" style=\"--awb-padding-top:20px;--awb-padding-right:20px;--awb-padding-bottom:20px;--awb-padding-left:20px;--awb-overflow:hidden;--awb-bg-color:var(--awb-custom_color_6);--awb-bg-color-hover:var(--awb-custom_color_6);--awb-bg-size:cover;--awb-border-radius:10px 10px 10px 10px;--awb-width-large:25%;--awb-margin-top-large:0px;--awb-spacing-right-large:3.92%;--awb-margin-bottom-large:20px;--awb-spacing-left-large:3.92%;--awb-width-medium:33.333333333333%;--awb-order-medium:0;--awb-spacing-right-medium:2.94%;--awb-spacing-left-medium:2.94%;--awb-width-small:75%;--awb-order-small:0;--awb-spacing-right-small:1.3066666666667%;--awb-spacing-left-small:1.3066666666667%;\"><div class=\"fusion-column-wrapper fusion-column-has-shadow fusion-flex-justify-content-flex-start fusion-content-layout-column\"><i class=\"fb-icon-element-4 fb-icon-element fontawesome-icon fa-basketball-ball fal circle-no\" style=\"--awb-iconcolor-hover:var(--awb-custom_color_3);--awb-font-size:50px;--awb-align-self:center;--awb-margin-top:0px;--awb-margin-right:0px;--awb-margin-bottom:10px;--awb-margin-left:0px;\"><\/i><div class=\"fusion-text fusion-text-5 fusion-text-no-margin\" style=\"--awb-content-alignment:center;--awb-margin-bottom:0px;\"><p>Fysisk aktivitet, kultur og ulike arrangementer<br \/><strong>\u20ac195.000<br \/><\/strong>brukt i<br \/>Sauda, Kvinesdal, Porsgrunn and Trondheim in 2024<\/p>\n<\/div><\/div><\/div><\/div><\/div><div class=\"fusion-fullwidth fullwidth-box fusion-builder-row-2 fusion-flex-container has-pattern-background has-mask-background nonhundred-percent-fullwidth non-hundred-percent-height-scrolling\" style=\"--awb-border-radius-top-left:0px;--awb-border-radius-top-right:0px;--awb-border-radius-bottom-right:0px;--awb-border-radius-bottom-left:0px;--awb-padding-bottom:0px;--awb-flex-wrap:wrap;\" ><div class=\"fusion-builder-row fusion-row fusion-flex-align-items-stretch fusion-flex-justify-content-center fusion-flex-content-wrap\" style=\"max-width:1468.8px;margin-left: calc(-2% \/ 2 );margin-right: calc(-2% \/ 2 );\"><div class=\"fusion-layout-column fusion_builder_column fusion-builder-column-5 fusion_builder_column_1_1 1_1 fusion-flex-column\" style=\"--awb-padding-right:20%;--awb-bg-size:cover;--awb-width-large:100%;--awb-margin-top-large:0px;--awb-spacing-right-large:0.98%;--awb-margin-bottom-large:20px;--awb-spacing-left-large:0.98%;--awb-width-medium:100%;--awb-order-medium:0;--awb-spacing-right-medium:0.98%;--awb-spacing-left-medium:0.98%;--awb-width-small:100%;--awb-order-small:0;--awb-spacing-right-small:0.98%;--awb-spacing-left-small:0.98%;\"><div class=\"fusion-column-wrapper fusion-column-has-shadow fusion-flex-justify-content-flex-start fusion-content-layout-column\"><div class=\"fusion-text fusion-text-6\"><h2>God dialog med v\u00e5re lokalsamfunn<\/h2>\n<p>Eramet Norway \u00f8nsker \u00e5 v\u00e6re en p\u00e5driver for samfunnsutviklingen i de lokalsamfunnene der vi opererer. Som en del av Eramet-konsernet har vi et tydelig fokus p\u00e5 alle aspekter knyttet til samfunnsansvar og b\u00e6rekraft, takket v\u00e6re konsernets CSR-veikart &laquo;<a href=\"https:\/\/www.eramet.com\/en\/commitments\/csr-roadmap\/\" target=\"_blank\" rel=\"noopener\"><strong>Act for Positive Mining<\/strong><\/a>&laquo;.<\/p>\n<\/div><div class=\"fusion-text fusion-text-7\"><p>V\u00e5rt ansvar er ikke bare \u00e5 bidra ved \u00e5 produsere metaller som er avgj\u00f8rende for det &laquo;gr\u00f8nne skiftet&raquo;, utvikle <a href=\"https:\/\/norway.eramet.com\/no\/karriere\/\">talenter<\/a> og opprettholde trygge arbeidsforhold og trivsel p\u00e5 arbeidsplassene v\u00e5re, men ogs\u00e5 ved \u00e5 bruke <a href=\"https:\/\/norway.eramet.com\/no\/forpliktelser\/miljo\/energi-og-klima\/\">fornybar energi<\/a> for \u00e5 v\u00e6re et ansvarlig selskap.<\/p>\n<p>For \u00e5 oppn\u00e5 dette har Eramet Norway utviklet et solid forhold til sine naboer, lag og organisasjoner, FoU- og utdanningsinstitusjoner, samt myndighetsinstanser b\u00e5de lokalt og nasjonalt, noe som gj\u00f8r det mulig for selskapet \u00e5 etablere en god dialog. Dette gj\u00f8r det mulig \u00e5 finne de beste l\u00f8sningene b\u00e5de for oss og samfunnet rundt oss.<\/p>\n<\/div><\/div><\/div><\/div><\/div><div class=\"fusion-fullwidth fullwidth-box fusion-builder-row-3 fusion-flex-container has-pattern-background has-mask-background nonhundred-percent-fullwidth non-hundred-percent-height-scrolling\" style=\"--awb-border-radius-top-left:0px;--awb-border-radius-top-right:0px;--awb-border-radius-bottom-right:0px;--awb-border-radius-bottom-left:0px;--awb-flex-wrap:wrap;\" ><div class=\"fusion-builder-row fusion-row fusion-flex-align-items-stretch fusion-flex-justify-content-center fusion-flex-content-wrap\" style=\"max-width:1468.8px;margin-left: calc(-2% \/ 2 );margin-right: calc(-2% \/ 2 );\"><div class=\"fusion-layout-column fusion_builder_column fusion-builder-column-6 fusion_builder_column_1_1 1_1 fusion-flex-column\" style=\"--awb-padding-right:20%;--awb-bg-size:cover;--awb-width-large:100%;--awb-margin-top-large:0px;--awb-spacing-right-large:0.98%;--awb-margin-bottom-large:20px;--awb-spacing-left-large:0.98%;--awb-width-medium:100%;--awb-order-medium:0;--awb-spacing-right-medium:0.98%;--awb-spacing-left-medium:0.98%;--awb-width-small:100%;--awb-order-small:0;--awb-spacing-right-small:0.98%;--awb-spacing-left-small:0.98%;\"><div class=\"fusion-column-wrapper fusion-column-has-shadow fusion-flex-justify-content-flex-start fusion-content-layout-column\"><div class=\"fusion-text fusion-text-8\"><h2>Vi bidrar ved \u00e5 drive lokal utvikling<\/h2>\n<p>Som et ansvarlig og b\u00e6rekraftig metallurgisk selskap er Eramet Norway forpliktet til \u00e5 maksimere det lokale innholdet i Norge og i de omr\u00e5dene der selskapet driver virksomhet. Selskapets CSR-tiltak er forankret i Eramets veikart &laquo;<a href=\"https:\/\/www.eramet.com\/en\/commitments\/csr-roadmap\/\" target=\"_blank\" rel=\"noopener\">Act for Positive Mining<\/a>&laquo;. Programmene utvikles i samarbeid med lokale myndigheter og lokalsamfunn.<\/p>\n<\/div><\/div><\/div><div class=\"fusion-layout-column fusion_builder_column fusion-builder-column-7 fusion_builder_column_1_2 1_2 fusion-flex-column\" style=\"--awb-bg-size:cover;--awb-width-large:50%;--awb-margin-top-large:0px;--awb-spacing-right-large:1.96%;--awb-margin-bottom-large:50px;--awb-spacing-left-large:1.96%;--awb-width-medium:50%;--awb-order-medium:0;--awb-spacing-right-medium:1.96%;--awb-spacing-left-medium:1.96%;--awb-width-small:100%;--awb-order-small:0;--awb-spacing-right-small:0.98%;--awb-spacing-left-small:0.98%;\"><div class=\"fusion-column-wrapper fusion-column-has-shadow fusion-flex-justify-content-flex-start fusion-content-layout-column\"><div class=\"fusion-text fusion-text-9\"><p>I 2023 st\u00f8ttet Eramet Norway lokale kultur- og idrettsarrangementer gjennom en \u00e5rlig samfunnsinvestering p\u00e5 147 000 euro, til fordel for mer enn 10 000 mennesker i regionen der selskapet driver virksomhet. Selskapet st\u00f8tter idrettslag, organisasjoner og arrangementer i lokalsamfunnene. Selskapet er ogs\u00e5 aktivt involvert i utviklingen av utdanningssystemet, og st\u00f8tter n\u00e6ringsutvikling og infrastrukturforbedringer i de omr\u00e5dene der det har virksomhet.<\/p>\n<p>Totalt utgjorde Eramets bidrag til norsk \u00f8konomi nesten 271 millioner euro i 2023. De lokale innkj\u00f8pene utgjorde 206 millioner euro, mens selskapet betalte 12 millioner euro i skatt i 2023.<\/p>\n<p>Disse bidragene gjenspeiler v\u00e5rt engasjement for \u00e5 styrke den lokale \u00f8konomien og forbedre livskvaliteten i lokalsamfunnene v\u00e5re. Vi er fast bestemt p\u00e5 \u00e5 bygge videre p\u00e5 dette momentumet, i tr\u00e5d med v\u00e5r ambisjon om \u00e5 behandle mineralressurser p\u00e5 en ansvarlig m\u00e5te og bli en ledende akt\u00f8r innen samfunnsansvar i metallurgisektoren.<\/p>\n<\/div><\/div><\/div><div class=\"fusion-layout-column fusion_builder_column fusion-builder-column-8 fusion_builder_column_1_2 1_2 fusion-flex-column block-16-9\" style=\"--awb-bg-size:cover;--awb-width-large:50%;--awb-margin-top-large:0px;--awb-spacing-right-large:1.96%;--awb-margin-bottom-large:50px;--awb-spacing-left-large:1.96%;--awb-width-medium:50%;--awb-order-medium:0;--awb-spacing-right-medium:1.96%;--awb-spacing-left-medium:1.96%;--awb-width-small:100%;--awb-order-small:0;--awb-spacing-right-small:0.98%;--awb-spacing-left-small:0.98%;\"><div class=\"fusion-column-wrapper fusion-column-has-shadow fusion-flex-justify-content-flex-start fusion-content-layout-column\"><div class=\"fusion-image-element \" style=\"--awb-caption-title-font-family:var(--h2_typography-font-family);--awb-caption-title-font-weight:var(--h2_typography-font-weight);--awb-caption-title-font-style:var(--h2_typography-font-style);--awb-caption-title-size:var(--h2_typography-font-size);--awb-caption-title-transform:var(--h2_typography-text-transform);--awb-caption-title-line-height:var(--h2_typography-line-height);--awb-caption-title-letter-spacing:var(--h2_typography-letter-spacing);\"><span class=\" fusion-imageframe imageframe-none imageframe-1 hover-type-none\"><img decoding=\"async\" width=\"1920\" height=\"1080\" title=\"Eramet-Norway.jpg\" src=\"https:\/\/norway.eramet.com\/wp-content\/uploads\/sites\/19\/revslider\/hp-slider-en\/Eramet-Norway.jpg\" data-orig-src=\"https:\/\/norway.eramet.com\/wp-content\/uploads\/sites\/19\/revslider\/hp-slider-en\/Eramet-Norway.jpg\" alt class=\"lazyload img-responsive wp-image-51191\" srcset=\"data:image\/svg+xml,%3Csvg%20xmlns%3D%27http%3A%2F%2Fwww.w3.org%2F2000%2Fsvg%27%20width%3D%271920%27%20height%3D%271080%27%20viewBox%3D%270%200%201920%201080%27%3E%3Crect%20width%3D%271920%27%20height%3D%271080%27%20fill-opacity%3D%220%22%2F%3E%3C%2Fsvg%3E\" data-srcset=\"https:\/\/norway.eramet.com\/wp-content\/uploads\/sites\/19\/revslider\/hp-slider-en\/Eramet-Norway-200x113.jpg 200w, https:\/\/norway.eramet.com\/wp-content\/uploads\/sites\/19\/revslider\/hp-slider-en\/Eramet-Norway-400x225.jpg 400w, https:\/\/norway.eramet.com\/wp-content\/uploads\/sites\/19\/revslider\/hp-slider-en\/Eramet-Norway-600x338.jpg 600w, https:\/\/norway.eramet.com\/wp-content\/uploads\/sites\/19\/revslider\/hp-slider-en\/Eramet-Norway-800x450.jpg 800w, https:\/\/norway.eramet.com\/wp-content\/uploads\/sites\/19\/revslider\/hp-slider-en\/Eramet-Norway-1200x675.jpg 1200w, https:\/\/norway.eramet.com\/wp-content\/uploads\/sites\/19\/revslider\/hp-slider-en\/Eramet-Norway.jpg 1920w\" data-sizes=\"auto\" data-orig-sizes=\"(max-width: 640px) 100vw, 800px\" \/><\/span><\/div><\/div><\/div><\/div><\/div><\/p>\n","protected":false},"excerpt":{"rendered":"","protected":false},"author":4,"featured_media":0,"parent":51972,"menu_order":2,"comment_status":"closed","ping_status":"closed","template":"","meta":{"footnotes":""},"class_list":["post-51965","page","type-page","status-publish","hentry"],"yoast_head":"<!-- This site is optimized with the Yoast SEO plugin v26.8 - https:\/\/yoast.com\/product\/yoast-seo-wordpress\/ -->\n<title>Vi bidrar! - Eramet Norway<\/title>\n<meta name=\"robots\" content=\"index, follow, max-snippet:-1, max-image-preview:large, max-video-preview:-1\" \/>\n<link rel=\"canonical\" href=\"https:\/\/norway.eramet.com\/no\/forpliktelser\/vi-bidrar\/\" \/>\n<meta property=\"og:locale\" content=\"nb_NO\" \/>\n<meta property=\"og:type\" content=\"article\" \/>\n<meta property=\"og:title\" content=\"Vi bidrar! - Eramet Norway\" \/>\n<meta property=\"og:url\" content=\"https:\/\/norway.eramet.com\/no\/forpliktelser\/vi-bidrar\/\" \/>\n<meta property=\"og:site_name\" content=\"Eramet Norway\" \/>\n<meta property=\"article:modified_time\" content=\"2025-07-09T13:00:44+00:00\" \/>\n<meta property=\"og:image\" content=\"https:\/\/norway.eramet.com\/wp-content\/uploads\/sites\/19\/2025\/04\/Eramet-logo.png\" \/>\n\t<meta property=\"og:image:width\" content=\"800\" \/>\n\t<meta property=\"og:image:height\" content=\"316\" \/>\n\t<meta property=\"og:image:type\" content=\"image\/png\" \/>\n<meta name=\"twitter:card\" content=\"summary_large_image\" \/>\n<script type=\"application\/ld+json\" class=\"yoast-schema-graph\">{\"@context\":\"https:\/\/schema.org\",\"@graph\":[{\"@type\":\"WebPage\",\"@id\":\"https:\/\/norway.eramet.com\/no\/forpliktelser\/vi-bidrar\/\",\"url\":\"https:\/\/norway.eramet.com\/no\/forpliktelser\/vi-bidrar\/\",\"name\":\"Vi bidrar! - Eramet Norway\",\"isPartOf\":{\"@id\":\"https:\/\/norway.eramet.com\/no\/#website\"},\"datePublished\":\"2024-02-06T17:03:02+00:00\",\"dateModified\":\"2025-07-09T13:00:44+00:00\",\"breadcrumb\":{\"@id\":\"https:\/\/norway.eramet.com\/no\/forpliktelser\/vi-bidrar\/#breadcrumb\"},\"inLanguage\":\"nb-NO\",\"potentialAction\":[{\"@type\":\"ReadAction\",\"target\":[\"https:\/\/norway.eramet.com\/no\/forpliktelser\/vi-bidrar\/\"]}]},{\"@type\":\"BreadcrumbList\",\"@id\":\"https:\/\/norway.eramet.com\/no\/forpliktelser\/vi-bidrar\/#breadcrumb\",\"itemListElement\":[{\"@type\":\"ListItem\",\"position\":1,\"name\":\"Eramet Norway\",\"item\":\"https:\/\/norway.eramet.com\/no\/\"},{\"@type\":\"ListItem\",\"position\":2,\"name\":\"Forpliktelser\",\"item\":\"https:\/\/norway.eramet.com\/no\/forpliktelser\/\"},{\"@type\":\"ListItem\",\"position\":3,\"name\":\"Vi bidrar!\"}]},{\"@type\":\"WebSite\",\"@id\":\"https:\/\/norway.eramet.com\/no\/#website\",\"url\":\"https:\/\/norway.eramet.com\/no\/\",\"name\":\"Eramet Norway\",\"description\":\"\",\"publisher\":{\"@id\":\"https:\/\/norway.eramet.com\/no\/#organization\"},\"potentialAction\":[{\"@type\":\"SearchAction\",\"target\":{\"@type\":\"EntryPoint\",\"urlTemplate\":\"https:\/\/norway.eramet.com\/no\/?s={search_term_string}\"},\"query-input\":{\"@type\":\"PropertyValueSpecification\",\"valueRequired\":true,\"valueName\":\"search_term_string\"}}],\"inLanguage\":\"nb-NO\"},{\"@type\":\"Organization\",\"@id\":\"https:\/\/norway.eramet.com\/no\/#organization\",\"name\":\"Eramet Norway\",\"url\":\"https:\/\/norway.eramet.com\/no\/\",\"logo\":{\"@type\":\"ImageObject\",\"inLanguage\":\"nb-NO\",\"@id\":\"https:\/\/norway.eramet.com\/no\/#\/schema\/logo\/image\/\",\"url\":\"https:\/\/norway.eramet.com\/wp-content\/uploads\/sites\/19\/2025\/04\/Eramet-logo.png\",\"contentUrl\":\"https:\/\/norway.eramet.com\/wp-content\/uploads\/sites\/19\/2025\/04\/Eramet-logo.png\",\"width\":800,\"height\":316,\"caption\":\"Eramet Norway\"},\"image\":{\"@id\":\"https:\/\/norway.eramet.com\/no\/#\/schema\/logo\/image\/\"}}]}<\/script>\n<!-- \/ Yoast SEO plugin. -->","yoast_head_json":{"title":"Vi bidrar! - Eramet Norway","robots":{"index":"index","follow":"follow","max-snippet":"max-snippet:-1","max-image-preview":"max-image-preview:large","max-video-preview":"max-video-preview:-1"},"canonical":"https:\/\/norway.eramet.com\/no\/forpliktelser\/vi-bidrar\/","og_locale":"nb_NO","og_type":"article","og_title":"Vi bidrar! - Eramet Norway","og_url":"https:\/\/norway.eramet.com\/no\/forpliktelser\/vi-bidrar\/","og_site_name":"Eramet Norway","article_modified_time":"2025-07-09T13:00:44+00:00","og_image":[{"width":800,"height":316,"url":"https:\/\/norway.eramet.com\/wp-content\/uploads\/sites\/19\/2025\/04\/Eramet-logo.png","type":"image\/png"}],"twitter_card":"summary_large_image","schema":{"@context":"https:\/\/schema.org","@graph":[{"@type":"WebPage","@id":"https:\/\/norway.eramet.com\/no\/forpliktelser\/vi-bidrar\/","url":"https:\/\/norway.eramet.com\/no\/forpliktelser\/vi-bidrar\/","name":"Vi bidrar! - Eramet Norway","isPartOf":{"@id":"https:\/\/norway.eramet.com\/no\/#website"},"datePublished":"2024-02-06T17:03:02+00:00","dateModified":"2025-07-09T13:00:44+00:00","breadcrumb":{"@id":"https:\/\/norway.eramet.com\/no\/forpliktelser\/vi-bidrar\/#breadcrumb"},"inLanguage":"nb-NO","potentialAction":[{"@type":"ReadAction","target":["https:\/\/norway.eramet.com\/no\/forpliktelser\/vi-bidrar\/"]}]},{"@type":"BreadcrumbList","@id":"https:\/\/norway.eramet.com\/no\/forpliktelser\/vi-bidrar\/#breadcrumb","itemListElement":[{"@type":"ListItem","position":1,"name":"Eramet Norway","item":"https:\/\/norway.eramet.com\/no\/"},{"@type":"ListItem","position":2,"name":"Forpliktelser","item":"https:\/\/norway.eramet.com\/no\/forpliktelser\/"},{"@type":"ListItem","position":3,"name":"Vi bidrar!"}]},{"@type":"WebSite","@id":"https:\/\/norway.eramet.com\/no\/#website","url":"https:\/\/norway.eramet.com\/no\/","name":"Eramet Norway","description":"","publisher":{"@id":"https:\/\/norway.eramet.com\/no\/#organization"},"potentialAction":[{"@type":"SearchAction","target":{"@type":"EntryPoint","urlTemplate":"https:\/\/norway.eramet.com\/no\/?s={search_term_string}"},"query-input":{"@type":"PropertyValueSpecification","valueRequired":true,"valueName":"search_term_string"}}],"inLanguage":"nb-NO"},{"@type":"Organization","@id":"https:\/\/norway.eramet.com\/no\/#organization","name":"Eramet Norway","url":"https:\/\/norway.eramet.com\/no\/","logo":{"@type":"ImageObject","inLanguage":"nb-NO","@id":"https:\/\/norway.eramet.com\/no\/#\/schema\/logo\/image\/","url":"https:\/\/norway.eramet.com\/wp-content\/uploads\/sites\/19\/2025\/04\/Eramet-logo.png","contentUrl":"https:\/\/norway.eramet.com\/wp-content\/uploads\/sites\/19\/2025\/04\/Eramet-logo.png","width":800,"height":316,"caption":"Eramet Norway"},"image":{"@id":"https:\/\/norway.eramet.com\/no\/#\/schema\/logo\/image\/"}}]}},"acf":[],"_links":{"self":[{"href":"https:\/\/norway.eramet.com\/no\/wp-json\/wp\/v2\/pages\/51965","targetHints":{"allow":["GET"]}}],"collection":[{"href":"https:\/\/norway.eramet.com\/no\/wp-json\/wp\/v2\/pages"}],"about":[{"href":"https:\/\/norway.eramet.com\/no\/wp-json\/wp\/v2\/types\/page"}],"author":[{"embeddable":true,"href":"https:\/\/norway.eramet.com\/no\/wp-json\/wp\/v2\/users\/4"}],"replies":[{"embeddable":true,"href":"https:\/\/norway.eramet.com\/no\/wp-json\/wp\/v2\/comments?post=51965"}],"version-history":[{"count":8,"href":"https:\/\/norway.eramet.com\/no\/wp-json\/wp\/v2\/pages\/51965\/revisions"}],"predecessor-version":[{"id":52403,"href":"https:\/\/norway.eramet.com\/no\/wp-json\/wp\/v2\/pages\/51965\/revisions\/52403"}],"up":[{"embeddable":true,"href":"https:\/\/norway.eramet.com\/no\/wp-json\/wp\/v2\/pages\/51972"}],"wp:attachment":[{"href":"https:\/\/norway.eramet.com\/no\/wp-json\/wp\/v2\/media?parent=51965"}],"curies":[{"name":"wp","href":"https:\/\/api.w.org\/{rel}","templated":true}]}}