{"id":51952,"date":"2024-08-08T16:49:05","date_gmt":"2024-08-08T14:49:05","guid":{"rendered":"https:\/\/norway.eramet.com\/?page_id=51952"},"modified":"2025-04-17T14:29:45","modified_gmt":"2025-04-17T12:29:45","slug":"kvinesdal","status":"publish","type":"page","link":"https:\/\/norway.eramet.com\/no\/aktiviteter\/lokasjoner\/kvinesdal\/","title":{"rendered":"Kvinesdal"},"content":{"rendered":"<div class=\"fusion-fullwidth fullwidth-box fusion-builder-row-1 fusion-flex-container has-pattern-background has-mask-background nonhundred-percent-fullwidth non-hundred-percent-height-scrolling\" style=\"--awb-border-radius-top-left:0px;--awb-border-radius-top-right:0px;--awb-border-radius-bottom-right:0px;--awb-border-radius-bottom-left:0px;--awb-flex-wrap:wrap;\" ><div class=\"fusion-builder-row fusion-row fusion-flex-align-items-flex-start fusion-flex-content-wrap\" style=\"max-width:1468.8px;margin-left: calc(-2% \/ 2 );margin-right: calc(-2% \/ 2 );\"><div class=\"fusion-layout-column fusion_builder_column fusion-builder-column-0 fusion_builder_column_1_2 1_2 fusion-flex-column\" style=\"--awb-bg-size:cover;--awb-width-large:50%;--awb-margin-top-large:0px;--awb-spacing-right-large:1.96%;--awb-margin-bottom-large:20px;--awb-spacing-left-large:1.96%;--awb-width-medium:50%;--awb-order-medium:0;--awb-spacing-right-medium:1.96%;--awb-spacing-left-medium:1.96%;--awb-width-small:100%;--awb-order-small:0;--awb-spacing-right-small:0.98%;--awb-spacing-left-small:0.98%;\"><div class=\"fusion-column-wrapper fusion-column-has-shadow fusion-flex-justify-content-flex-start fusion-content-layout-column\"><div class=\"fusion-text fusion-text-1\"><p>Smelteverket, som startet produksjonen i 1974, kan produsere flere spesialkvaliteter og bruker HC FeMnslag fra Sauda som r\u00e5stoff i sin produksjon. Energien gjenvinnes i verkets varmekraftverk, som produserer ca. 80 GWh elektrisk energi per \u00e5r, og overskuddsvarmen fra varmekraftverket brukes b\u00e5de internt og av eksterne kunder.<\/p>\n<ul>\n<li>Tre ovner<\/li>\n<li>Silikomangan: Standard SiMn og LC* SiMn<\/li>\n<li>Biprodukter for eksternt salg: Silica Green Stone (SiGS), resirkulert elektrisk og termisk energi. I tillegg sirkuleres store mengder biprodukter internt.<\/li>\n<\/ul>\n<p><em>* Lavkarbon<\/em><\/p>\n<\/div><\/div><\/div><div class=\"fusion-layout-column fusion_builder_column fusion-builder-column-1 fusion_builder_column_1_2 1_2 fusion-flex-column\" style=\"--awb-bg-size:cover;--awb-width-large:50%;--awb-margin-top-large:0px;--awb-spacing-right-large:1.96%;--awb-margin-bottom-large:20px;--awb-spacing-left-large:1.96%;--awb-width-medium:50%;--awb-order-medium:0;--awb-spacing-right-medium:1.96%;--awb-spacing-left-medium:1.96%;--awb-width-small:100%;--awb-order-small:0;--awb-spacing-right-small:0.98%;--awb-spacing-left-small:0.98%;\"><div class=\"fusion-column-wrapper fusion-column-has-shadow fusion-flex-justify-content-flex-start fusion-content-layout-column\"><div class=\"fusion-image-element \" style=\"--awb-caption-title-font-family:var(--h2_typography-font-family);--awb-caption-title-font-weight:var(--h2_typography-font-weight);--awb-caption-title-font-style:var(--h2_typography-font-style);--awb-caption-title-size:var(--h2_typography-font-size);--awb-caption-title-transform:var(--h2_typography-text-transform);--awb-caption-title-line-height:var(--h2_typography-line-height);--awb-caption-title-letter-spacing:var(--h2_typography-letter-spacing);\"><span class=\" fusion-imageframe imageframe-none imageframe-1 hover-type-none\"><img decoding=\"async\" width=\"2560\" height=\"1440\" alt=\"Eramet Norway sites\" title=\"2025-04-Eramet-Norway-sites\" src=\"https:\/\/norway.eramet.com\/wp-content\/uploads\/sites\/19\/2025\/04\/2025-04-Eramet-Norway-sites-scaled.jpg\" data-orig-src=\"https:\/\/norway.eramet.com\/wp-content\/uploads\/sites\/19\/2025\/04\/2025-04-Eramet-Norway-sites-scaled.jpg\" class=\"lazyload img-responsive wp-image-51850\" srcset=\"data:image\/svg+xml,%3Csvg%20xmlns%3D%27http%3A%2F%2Fwww.w3.org%2F2000%2Fsvg%27%20width%3D%272560%27%20height%3D%271440%27%20viewBox%3D%270%200%202560%201440%27%3E%3Crect%20width%3D%272560%27%20height%3D%271440%27%20fill-opacity%3D%220%22%2F%3E%3C%2Fsvg%3E\" data-srcset=\"https:\/\/norway.eramet.com\/wp-content\/uploads\/sites\/19\/2025\/04\/2025-04-Eramet-Norway-sites-200x113.jpg 200w, https:\/\/norway.eramet.com\/wp-content\/uploads\/sites\/19\/2025\/04\/2025-04-Eramet-Norway-sites-400x225.jpg 400w, https:\/\/norway.eramet.com\/wp-content\/uploads\/sites\/19\/2025\/04\/2025-04-Eramet-Norway-sites-600x338.jpg 600w, https:\/\/norway.eramet.com\/wp-content\/uploads\/sites\/19\/2025\/04\/2025-04-Eramet-Norway-sites-800x450.jpg 800w, https:\/\/norway.eramet.com\/wp-content\/uploads\/sites\/19\/2025\/04\/2025-04-Eramet-Norway-sites-1200x675.jpg 1200w, https:\/\/norway.eramet.com\/wp-content\/uploads\/sites\/19\/2025\/04\/2025-04-Eramet-Norway-sites-scaled.jpg 2560w\" data-sizes=\"auto\" data-orig-sizes=\"(max-width: 640px) 100vw, 800px\" \/><\/span><\/div><\/div><\/div><\/div><\/div>\n","protected":false},"excerpt":{"rendered":"","protected":false},"author":4,"featured_media":51185,"parent":51944,"menu_order":3,"comment_status":"closed","ping_status":"closed","template":"","meta":{"footnotes":""},"class_list":["post-51952","page","type-page","status-publish","has-post-thumbnail","hentry"],"yoast_head":"<!-- This site is optimized with the Yoast SEO plugin v26.8 - https:\/\/yoast.com\/product\/yoast-seo-wordpress\/ -->\n<title>Kvinesdal - Eramet Norway<\/title>\n<meta name=\"robots\" content=\"index, follow, max-snippet:-1, max-image-preview:large, max-video-preview:-1\" \/>\n<link rel=\"canonical\" href=\"https:\/\/norway.eramet.com\/no\/aktiviteter\/lokasjoner\/kvinesdal\/\" \/>\n<meta property=\"og:locale\" content=\"nb_NO\" \/>\n<meta property=\"og:type\" content=\"article\" \/>\n<meta property=\"og:title\" content=\"Kvinesdal - Eramet Norway\" \/>\n<meta property=\"og:url\" content=\"https:\/\/norway.eramet.com\/no\/aktiviteter\/lokasjoner\/kvinesdal\/\" \/>\n<meta property=\"og:site_name\" content=\"Eramet Norway\" \/>\n<meta property=\"article:modified_time\" content=\"2025-04-17T12:29:45+00:00\" \/>\n<meta property=\"og:image\" content=\"https:\/\/norway.eramet.com\/wp-content\/uploads\/sites\/19\/2024\/10\/Eramet-Norway-Kvinesdal.jpg\" \/>\n\t<meta property=\"og:image:width\" content=\"1920\" \/>\n\t<meta property=\"og:image:height\" content=\"1080\" \/>\n\t<meta property=\"og:image:type\" content=\"image\/jpeg\" \/>\n<meta name=\"twitter:card\" content=\"summary_large_image\" \/>\n<script type=\"application\/ld+json\" class=\"yoast-schema-graph\">{\"@context\":\"https:\/\/schema.org\",\"@graph\":[{\"@type\":\"WebPage\",\"@id\":\"https:\/\/norway.eramet.com\/no\/aktiviteter\/lokasjoner\/kvinesdal\/\",\"url\":\"https:\/\/norway.eramet.com\/no\/aktiviteter\/lokasjoner\/kvinesdal\/\",\"name\":\"Kvinesdal - Eramet Norway\",\"isPartOf\":{\"@id\":\"https:\/\/norway.eramet.com\/no\/#website\"},\"primaryImageOfPage\":{\"@id\":\"https:\/\/norway.eramet.com\/no\/aktiviteter\/lokasjoner\/kvinesdal\/#primaryimage\"},\"image\":{\"@id\":\"https:\/\/norway.eramet.com\/no\/aktiviteter\/lokasjoner\/kvinesdal\/#primaryimage\"},\"thumbnailUrl\":\"https:\/\/norway.eramet.com\/wp-content\/uploads\/sites\/19\/2024\/10\/Eramet-Norway-Kvinesdal.jpg\",\"datePublished\":\"2024-08-08T14:49:05+00:00\",\"dateModified\":\"2025-04-17T12:29:45+00:00\",\"breadcrumb\":{\"@id\":\"https:\/\/norway.eramet.com\/no\/aktiviteter\/lokasjoner\/kvinesdal\/#breadcrumb\"},\"inLanguage\":\"nb-NO\",\"potentialAction\":[{\"@type\":\"ReadAction\",\"target\":[\"https:\/\/norway.eramet.com\/no\/aktiviteter\/lokasjoner\/kvinesdal\/\"]}]},{\"@type\":\"ImageObject\",\"inLanguage\":\"nb-NO\",\"@id\":\"https:\/\/norway.eramet.com\/no\/aktiviteter\/lokasjoner\/kvinesdal\/#primaryimage\",\"url\":\"https:\/\/norway.eramet.com\/wp-content\/uploads\/sites\/19\/2024\/10\/Eramet-Norway-Kvinesdal.jpg\",\"contentUrl\":\"https:\/\/norway.eramet.com\/wp-content\/uploads\/sites\/19\/2024\/10\/Eramet-Norway-Kvinesdal.jpg\",\"width\":1920,\"height\":1080},{\"@type\":\"BreadcrumbList\",\"@id\":\"https:\/\/norway.eramet.com\/no\/aktiviteter\/lokasjoner\/kvinesdal\/#breadcrumb\",\"itemListElement\":[{\"@type\":\"ListItem\",\"position\":1,\"name\":\"Eramet Norway\",\"item\":\"https:\/\/norway.eramet.com\/no\/\"},{\"@type\":\"ListItem\",\"position\":2,\"name\":\"Aktiviteter\",\"item\":\"https:\/\/norway.eramet.com\/no\/aktiviteter\/\"},{\"@type\":\"ListItem\",\"position\":3,\"name\":\"Lokasjoner\",\"item\":\"https:\/\/norway.eramet.com\/no\/aktiviteter\/lokasjoner\/\"},{\"@type\":\"ListItem\",\"position\":4,\"name\":\"Kvinesdal\"}]},{\"@type\":\"WebSite\",\"@id\":\"https:\/\/norway.eramet.com\/no\/#website\",\"url\":\"https:\/\/norway.eramet.com\/no\/\",\"name\":\"Eramet Norway\",\"description\":\"\",\"publisher\":{\"@id\":\"https:\/\/norway.eramet.com\/no\/#organization\"},\"potentialAction\":[{\"@type\":\"SearchAction\",\"target\":{\"@type\":\"EntryPoint\",\"urlTemplate\":\"https:\/\/norway.eramet.com\/no\/?s={search_term_string}\"},\"query-input\":{\"@type\":\"PropertyValueSpecification\",\"valueRequired\":true,\"valueName\":\"search_term_string\"}}],\"inLanguage\":\"nb-NO\"},{\"@type\":\"Organization\",\"@id\":\"https:\/\/norway.eramet.com\/no\/#organization\",\"name\":\"Eramet Norway\",\"url\":\"https:\/\/norway.eramet.com\/no\/\",\"logo\":{\"@type\":\"ImageObject\",\"inLanguage\":\"nb-NO\",\"@id\":\"https:\/\/norway.eramet.com\/no\/#\/schema\/logo\/image\/\",\"url\":\"https:\/\/norway.eramet.com\/wp-content\/uploads\/sites\/19\/2025\/04\/Eramet-logo.png\",\"contentUrl\":\"https:\/\/norway.eramet.com\/wp-content\/uploads\/sites\/19\/2025\/04\/Eramet-logo.png\",\"width\":800,\"height\":316,\"caption\":\"Eramet Norway\"},\"image\":{\"@id\":\"https:\/\/norway.eramet.com\/no\/#\/schema\/logo\/image\/\"}}]}<\/script>\n<!-- \/ Yoast SEO plugin. -->","yoast_head_json":{"title":"Kvinesdal - Eramet Norway","robots":{"index":"index","follow":"follow","max-snippet":"max-snippet:-1","max-image-preview":"max-image-preview:large","max-video-preview":"max-video-preview:-1"},"canonical":"https:\/\/norway.eramet.com\/no\/aktiviteter\/lokasjoner\/kvinesdal\/","og_locale":"nb_NO","og_type":"article","og_title":"Kvinesdal - Eramet Norway","og_url":"https:\/\/norway.eramet.com\/no\/aktiviteter\/lokasjoner\/kvinesdal\/","og_site_name":"Eramet Norway","article_modified_time":"2025-04-17T12:29:45+00:00","og_image":[{"width":1920,"height":1080,"url":"https:\/\/norway.eramet.com\/wp-content\/uploads\/sites\/19\/2024\/10\/Eramet-Norway-Kvinesdal.jpg","type":"image\/jpeg"}],"twitter_card":"summary_large_image","schema":{"@context":"https:\/\/schema.org","@graph":[{"@type":"WebPage","@id":"https:\/\/norway.eramet.com\/no\/aktiviteter\/lokasjoner\/kvinesdal\/","url":"https:\/\/norway.eramet.com\/no\/aktiviteter\/lokasjoner\/kvinesdal\/","name":"Kvinesdal - Eramet Norway","isPartOf":{"@id":"https:\/\/norway.eramet.com\/no\/#website"},"primaryImageOfPage":{"@id":"https:\/\/norway.eramet.com\/no\/aktiviteter\/lokasjoner\/kvinesdal\/#primaryimage"},"image":{"@id":"https:\/\/norway.eramet.com\/no\/aktiviteter\/lokasjoner\/kvinesdal\/#primaryimage"},"thumbnailUrl":"https:\/\/norway.eramet.com\/wp-content\/uploads\/sites\/19\/2024\/10\/Eramet-Norway-Kvinesdal.jpg","datePublished":"2024-08-08T14:49:05+00:00","dateModified":"2025-04-17T12:29:45+00:00","breadcrumb":{"@id":"https:\/\/norway.eramet.com\/no\/aktiviteter\/lokasjoner\/kvinesdal\/#breadcrumb"},"inLanguage":"nb-NO","potentialAction":[{"@type":"ReadAction","target":["https:\/\/norway.eramet.com\/no\/aktiviteter\/lokasjoner\/kvinesdal\/"]}]},{"@type":"ImageObject","inLanguage":"nb-NO","@id":"https:\/\/norway.eramet.com\/no\/aktiviteter\/lokasjoner\/kvinesdal\/#primaryimage","url":"https:\/\/norway.eramet.com\/wp-content\/uploads\/sites\/19\/2024\/10\/Eramet-Norway-Kvinesdal.jpg","contentUrl":"https:\/\/norway.eramet.com\/wp-content\/uploads\/sites\/19\/2024\/10\/Eramet-Norway-Kvinesdal.jpg","width":1920,"height":1080},{"@type":"BreadcrumbList","@id":"https:\/\/norway.eramet.com\/no\/aktiviteter\/lokasjoner\/kvinesdal\/#breadcrumb","itemListElement":[{"@type":"ListItem","position":1,"name":"Eramet Norway","item":"https:\/\/norway.eramet.com\/no\/"},{"@type":"ListItem","position":2,"name":"Aktiviteter","item":"https:\/\/norway.eramet.com\/no\/aktiviteter\/"},{"@type":"ListItem","position":3,"name":"Lokasjoner","item":"https:\/\/norway.eramet.com\/no\/aktiviteter\/lokasjoner\/"},{"@type":"ListItem","position":4,"name":"Kvinesdal"}]},{"@type":"WebSite","@id":"https:\/\/norway.eramet.com\/no\/#website","url":"https:\/\/norway.eramet.com\/no\/","name":"Eramet Norway","description":"","publisher":{"@id":"https:\/\/norway.eramet.com\/no\/#organization"},"potentialAction":[{"@type":"SearchAction","target":{"@type":"EntryPoint","urlTemplate":"https:\/\/norway.eramet.com\/no\/?s={search_term_string}"},"query-input":{"@type":"PropertyValueSpecification","valueRequired":true,"valueName":"search_term_string"}}],"inLanguage":"nb-NO"},{"@type":"Organization","@id":"https:\/\/norway.eramet.com\/no\/#organization","name":"Eramet Norway","url":"https:\/\/norway.eramet.com\/no\/","logo":{"@type":"ImageObject","inLanguage":"nb-NO","@id":"https:\/\/norway.eramet.com\/no\/#\/schema\/logo\/image\/","url":"https:\/\/norway.eramet.com\/wp-content\/uploads\/sites\/19\/2025\/04\/Eramet-logo.png","contentUrl":"https:\/\/norway.eramet.com\/wp-content\/uploads\/sites\/19\/2025\/04\/Eramet-logo.png","width":800,"height":316,"caption":"Eramet Norway"},"image":{"@id":"https:\/\/norway.eramet.com\/no\/#\/schema\/logo\/image\/"}}]}},"acf":[],"_links":{"self":[{"href":"https:\/\/norway.eramet.com\/no\/wp-json\/wp\/v2\/pages\/51952","targetHints":{"allow":["GET"]}}],"collection":[{"href":"https:\/\/norway.eramet.com\/no\/wp-json\/wp\/v2\/pages"}],"about":[{"href":"https:\/\/norway.eramet.com\/no\/wp-json\/wp\/v2\/types\/page"}],"author":[{"embeddable":true,"href":"https:\/\/norway.eramet.com\/no\/wp-json\/wp\/v2\/users\/4"}],"replies":[{"embeddable":true,"href":"https:\/\/norway.eramet.com\/no\/wp-json\/wp\/v2\/comments?post=51952"}],"version-history":[{"count":3,"href":"https:\/\/norway.eramet.com\/no\/wp-json\/wp\/v2\/pages\/51952\/revisions"}],"predecessor-version":[{"id":52039,"href":"https:\/\/norway.eramet.com\/no\/wp-json\/wp\/v2\/pages\/51952\/revisions\/52039"}],"up":[{"embeddable":true,"href":"https:\/\/norway.eramet.com\/no\/wp-json\/wp\/v2\/pages\/51944"}],"wp:featuredmedia":[{"embeddable":true,"href":"https:\/\/norway.eramet.com\/no\/wp-json\/wp\/v2\/media\/51185"}],"wp:attachment":[{"href":"https:\/\/norway.eramet.com\/no\/wp-json\/wp\/v2\/media?parent=51952"}],"curies":[{"name":"wp","href":"https:\/\/api.w.org\/{rel}","templated":true}]}}