{"id":51937,"date":"2024-02-06T17:58:53","date_gmt":"2024-02-06T16:58:53","guid":{"rendered":"https:\/\/norway.eramet.com\/?page_id=51937"},"modified":"2025-07-04T15:50:04","modified_gmt":"2025-07-04T13:50:04","slug":"kvalitet","status":"publish","type":"page","link":"https:\/\/norway.eramet.com\/no\/aktiviteter\/kvalitet\/","title":{"rendered":"Kvalitet"},"content":{"rendered":"<p><div class=\"fusion-fullwidth fullwidth-box fusion-builder-row-1 fusion-flex-container has-pattern-background has-mask-background nonhundred-percent-fullwidth non-hundred-percent-height-scrolling\" style=\"--awb-border-radius-top-left:0px;--awb-border-radius-top-right:0px;--awb-border-radius-bottom-right:0px;--awb-border-radius-bottom-left:0px;--awb-flex-wrap:wrap;\" ><div class=\"fusion-builder-row fusion-row fusion-flex-align-items-flex-start fusion-flex-content-wrap\" style=\"max-width:1468.8px;margin-left: calc(-2% \/ 2 );margin-right: calc(-2% \/ 2 );\"><div class=\"fusion-layout-column fusion_builder_column fusion-builder-column-0 fusion_builder_column_1_1 1_1 fusion-flex-column\" style=\"--awb-padding-right:20%;--awb-bg-size:cover;--awb-width-large:100%;--awb-margin-top-large:0px;--awb-spacing-right-large:0.98%;--awb-margin-bottom-large:20px;--awb-spacing-left-large:0.98%;--awb-width-medium:100%;--awb-order-medium:0;--awb-spacing-right-medium:0.98%;--awb-spacing-left-medium:0.98%;--awb-width-small:100%;--awb-order-small:0;--awb-spacing-right-small:0.98%;--awb-spacing-left-small:0.98%;\"><div class=\"fusion-column-wrapper fusion-column-has-shadow fusion-flex-justify-content-flex-start fusion-content-layout-column\"><div class=\"fusion-text fusion-text-1\"><p>Hos Eramet Norway er v\u00e5r forpliktelse til kvalitet drivkraften bak b\u00e5de produktkvalitet og b\u00e6rekraft. Prosessene v\u00e5re styres av strenge milj\u00f8- og energistandarder, noe som sikrer at vi oppfyller og overg\u00e5r myndighetskravene samtidig som vi leverer manganlegeringer i verdensklasse.<\/p>\n<\/div><\/div><\/div><\/div><\/div><div class=\"fusion-fullwidth fullwidth-box fusion-builder-row-2 fusion-flex-container has-pattern-background has-mask-background nonhundred-percent-fullwidth non-hundred-percent-height-scrolling\" style=\"--awb-border-radius-top-left:0px;--awb-border-radius-top-right:0px;--awb-border-radius-bottom-right:0px;--awb-border-radius-bottom-left:0px;--awb-flex-wrap:wrap;\" ><div class=\"fusion-builder-row fusion-row fusion-flex-align-items-stretch fusion-flex-justify-content-center fusion-flex-content-wrap\" style=\"max-width:1468.8px;margin-left: calc(-2% \/ 2 );margin-right: calc(-2% \/ 2 );\"><div class=\"fusion-layout-column fusion_builder_column fusion-builder-column-1 fusion_builder_column_1_2 1_2 fusion-flex-column block-16-9\" style=\"--awb-bg-size:cover;--awb-width-large:50%;--awb-margin-top-large:0px;--awb-spacing-right-large:1.96%;--awb-margin-bottom-large:50px;--awb-spacing-left-large:1.96%;--awb-width-medium:50%;--awb-order-medium:0;--awb-spacing-right-medium:1.96%;--awb-spacing-left-medium:1.96%;--awb-width-small:100%;--awb-order-small:1;--awb-spacing-right-small:0.98%;--awb-spacing-left-small:0.98%;\"><div class=\"fusion-column-wrapper fusion-column-has-shadow fusion-flex-justify-content-flex-start fusion-content-layout-column\"><div class=\"fusion-image-element \" style=\"--awb-caption-title-font-family:var(--h2_typography-font-family);--awb-caption-title-font-weight:var(--h2_typography-font-weight);--awb-caption-title-font-style:var(--h2_typography-font-style);--awb-caption-title-size:var(--h2_typography-font-size);--awb-caption-title-transform:var(--h2_typography-text-transform);--awb-caption-title-line-height:var(--h2_typography-line-height);--awb-caption-title-letter-spacing:var(--h2_typography-letter-spacing);\"><span class=\" fusion-imageframe imageframe-none imageframe-1 hover-type-none\"><img decoding=\"async\" width=\"1920\" height=\"1080\" title=\"Quality&#8212;Environmental-Standards-and-Certifications\" src=\"https:\/\/norway.eramet.com\/wp-content\/uploads\/sites\/19\/2025\/02\/Quality-Environmental-Standards-and-Certifications.jpg\" data-orig-src=\"https:\/\/norway.eramet.com\/wp-content\/uploads\/sites\/19\/2025\/02\/Quality-Environmental-Standards-and-Certifications.jpg\" alt class=\"lazyload img-responsive wp-image-51606\" srcset=\"data:image\/svg+xml,%3Csvg%20xmlns%3D%27http%3A%2F%2Fwww.w3.org%2F2000%2Fsvg%27%20width%3D%271920%27%20height%3D%271080%27%20viewBox%3D%270%200%201920%201080%27%3E%3Crect%20width%3D%271920%27%20height%3D%271080%27%20fill-opacity%3D%220%22%2F%3E%3C%2Fsvg%3E\" data-srcset=\"https:\/\/norway.eramet.com\/wp-content\/uploads\/sites\/19\/2025\/02\/Quality-Environmental-Standards-and-Certifications-200x113.jpg 200w, https:\/\/norway.eramet.com\/wp-content\/uploads\/sites\/19\/2025\/02\/Quality-Environmental-Standards-and-Certifications-400x225.jpg 400w, https:\/\/norway.eramet.com\/wp-content\/uploads\/sites\/19\/2025\/02\/Quality-Environmental-Standards-and-Certifications-600x338.jpg 600w, https:\/\/norway.eramet.com\/wp-content\/uploads\/sites\/19\/2025\/02\/Quality-Environmental-Standards-and-Certifications-800x450.jpg 800w, https:\/\/norway.eramet.com\/wp-content\/uploads\/sites\/19\/2025\/02\/Quality-Environmental-Standards-and-Certifications-1200x675.jpg 1200w, https:\/\/norway.eramet.com\/wp-content\/uploads\/sites\/19\/2025\/02\/Quality-Environmental-Standards-and-Certifications.jpg 1920w\" data-sizes=\"auto\" data-orig-sizes=\"(max-width: 640px) 100vw, 800px\" \/><\/span><\/div><\/div><\/div><div class=\"fusion-layout-column fusion_builder_column fusion-builder-column-2 fusion_builder_column_1_2 1_2 fusion-flex-column\" style=\"--awb-bg-size:cover;--awb-width-large:50%;--awb-margin-top-large:0px;--awb-spacing-right-large:1.96%;--awb-margin-bottom-large:20px;--awb-spacing-left-large:1.96%;--awb-width-medium:50%;--awb-order-medium:0;--awb-spacing-right-medium:1.96%;--awb-spacing-left-medium:1.96%;--awb-width-small:100%;--awb-order-small:0;--awb-spacing-right-small:0.98%;--awb-spacing-left-small:0.98%;\"><div class=\"fusion-column-wrapper fusion-column-has-shadow fusion-flex-justify-content-flex-start fusion-content-layout-column\"><div class=\"fusion-text fusion-text-2\"><h2 class=\"fusion-responsive-typography-calculated\" style=\"--fontsize: 24; line-height: 1.2;\" data-fontsize=\"24\" data-lineheight=\"28.8px\">Milj\u00f8standarder og sertifiseringer<\/h2>\n<p>Eramet Norway f\u00f8lger strenge milj\u00f8protokoller, og samarbeider tett med norske myndigheter for \u00e5 opprettholde samsvar og sette m\u00e5l for kontinuerlig forbedring. Alle v\u00e5re tre prosessanlegg &#8211; Kvinesdal, Sauda og Porsgrunn &#8211; er sertifisert i henhold til:<\/p>\n<p>&nbsp;<\/p>\n<p><img decoding=\"async\" class=\"lazyload tiers aligncenter wp-image-51804 size-full\" src=\"https:\/\/norway.eramet.com\/wp-content\/uploads\/sites\/19\/2025\/03\/Final_ISO_Grey-2015-Registered-sign.png\" data-orig-src=\"https:\/\/norway.eramet.com\/wp-content\/uploads\/sites\/19\/2025\/03\/Final_ISO_Grey-2015-Registered-sign.png\" alt=\"\" width=\"335\" height=\"261\" srcset=\"data:image\/svg+xml,%3Csvg%20xmlns%3D%27http%3A%2F%2Fwww.w3.org%2F2000%2Fsvg%27%20width%3D%27335%27%20height%3D%27261%27%20viewBox%3D%270%200%20335%20261%27%3E%3Crect%20width%3D%27335%27%20height%3D%27261%27%20fill-opacity%3D%220%22%2F%3E%3C%2Fsvg%3E\" data-srcset=\"https:\/\/norway.eramet.com\/wp-content\/uploads\/sites\/19\/2025\/03\/Final_ISO_Grey-2015-Registered-sign-200x156.png 200w, https:\/\/norway.eramet.com\/wp-content\/uploads\/sites\/19\/2025\/03\/Final_ISO_Grey-2015-Registered-sign-300x234.png 300w, https:\/\/norway.eramet.com\/wp-content\/uploads\/sites\/19\/2025\/03\/Final_ISO_Grey-2015-Registered-sign.png 335w\" data-sizes=\"auto\" data-orig-sizes=\"(max-width: 335px) 100vw, 335px\" \/><\/p>\n<ul>\n<li><strong>ISO 14001<\/strong>: Den internasjonale standarden for milj\u00f8ledelsessystemer, som sikrer ansvarlig ressursbruk og minimal milj\u00f8p\u00e5virkning.<\/li>\n<li><strong>ISO 50001<\/strong>: Den globale standarden for energiledelse, som gjenspeiler v\u00e5rt engasjement for energieffektivitet og b\u00e6rekraftig praksis.<\/li>\n<li><strong>ISO 9001:<\/strong> Den internasjonale standarden for kvalitetsstyringssystemer som sikrer at vi konsekvent leverer produkter og tjenester som oppfyller kundenes og myndighetenes forventninger.<\/li>\n<\/ul>\n<\/div><\/div><\/div><div class=\"fusion-layout-column fusion_builder_column fusion-builder-column-3 fusion_builder_column_1_2 1_2 fusion-flex-column\" style=\"--awb-bg-size:cover;--awb-width-large:50%;--awb-margin-top-large:0px;--awb-spacing-right-large:1.96%;--awb-margin-bottom-large:20px;--awb-spacing-left-large:1.96%;--awb-width-medium:50%;--awb-order-medium:0;--awb-spacing-right-medium:1.96%;--awb-spacing-left-medium:1.96%;--awb-width-small:100%;--awb-order-small:2;--awb-spacing-right-small:0.98%;--awb-spacing-left-small:0.98%;\"><div class=\"fusion-column-wrapper fusion-column-has-shadow fusion-flex-justify-content-flex-start fusion-content-layout-column\"><div class=\"fusion-text fusion-text-3\"><h2 class=\"\" style=\"--fontsize: 30; line-height: 1.2;\" data-fontsize=\"30\" data-lineheight=\"36px\">Operasjonell dyktighet<\/h2>\n<p>Vi implementerer Eramet Production System (EPS) som er basert p\u00e5 beste praksis innen metallurgi for \u00e5 sikre:<\/p>\n<ul>\n<li>\n<p><strong>H\u00f8y produktp\u00e5litelighet<\/strong>: Avansert prosesskontroll sikrer jevn kvalitet slik at vi oppfyller de h\u00f8ye kravene som stilles av den globale st\u00e5lindustrien.<\/p>\n<\/li>\n<li>\n<p><strong>Ressursoptimalisering<\/strong>: Innovativ <a href=\"https:\/\/norway.eramet.com\/no\/forpliktelser\/miljo\/energi-og-klima\/\">energigjenvinning<\/a> og utnyttelse av biprodukter \u00f8ker effektiviteten og reduserer avfallsmengden.<\/p>\n<\/li>\n<li><strong>Lavt karbonfotavtrykk<\/strong>: Utslippene fra v\u00e5re \u201c<a href=\"https:\/\/www.eramet.com\/en\/activities\/manganese\/eralow\/\" target=\"_blank\" rel=\"noopener\"><strong>eraLow<\/strong><\/a>\u201d-manganlegeringer er 60 % lavere enn gjennomsnittet i bransjen, og vi arbeider for \u00e5 redusere dette fotavtrykket ytterligere gjennom bruk av biokarbon og karbonfangst -utnyttelse og -lagring (CCUS).<\/li>\n<\/ul>\n<\/div><\/div><\/div><div class=\"fusion-layout-column fusion_builder_column fusion-builder-column-4 fusion_builder_column_1_2 1_2 fusion-flex-column block-16-9\" style=\"--awb-bg-size:cover;--awb-width-large:50%;--awb-margin-top-large:0px;--awb-spacing-right-large:1.96%;--awb-margin-bottom-large:50px;--awb-spacing-left-large:1.96%;--awb-width-medium:50%;--awb-order-medium:0;--awb-spacing-right-medium:1.96%;--awb-spacing-left-medium:1.96%;--awb-width-small:100%;--awb-order-small:3;--awb-spacing-right-small:0.98%;--awb-spacing-left-small:0.98%;\"><div class=\"fusion-column-wrapper fusion-column-has-shadow fusion-flex-justify-content-flex-start fusion-content-layout-column\"><div class=\"fusion-image-element \" style=\"--awb-caption-title-font-family:var(--h2_typography-font-family);--awb-caption-title-font-weight:var(--h2_typography-font-weight);--awb-caption-title-font-style:var(--h2_typography-font-style);--awb-caption-title-size:var(--h2_typography-font-size);--awb-caption-title-transform:var(--h2_typography-text-transform);--awb-caption-title-line-height:var(--h2_typography-line-height);--awb-caption-title-letter-spacing:var(--h2_typography-letter-spacing);\"><span class=\" fusion-imageframe imageframe-none imageframe-2 hover-type-none\"><img decoding=\"async\" width=\"1920\" height=\"1080\" title=\"Quality&#8212;Operational-Excellence\" src=\"https:\/\/norway.eramet.com\/wp-content\/uploads\/sites\/19\/2025\/02\/Quality-Operational-Excellence.jpg\" data-orig-src=\"https:\/\/norway.eramet.com\/wp-content\/uploads\/sites\/19\/2025\/02\/Quality-Operational-Excellence.jpg\" alt class=\"lazyload img-responsive wp-image-51608\" srcset=\"data:image\/svg+xml,%3Csvg%20xmlns%3D%27http%3A%2F%2Fwww.w3.org%2F2000%2Fsvg%27%20width%3D%271920%27%20height%3D%271080%27%20viewBox%3D%270%200%201920%201080%27%3E%3Crect%20width%3D%271920%27%20height%3D%271080%27%20fill-opacity%3D%220%22%2F%3E%3C%2Fsvg%3E\" data-srcset=\"https:\/\/norway.eramet.com\/wp-content\/uploads\/sites\/19\/2025\/02\/Quality-Operational-Excellence-200x113.jpg 200w, https:\/\/norway.eramet.com\/wp-content\/uploads\/sites\/19\/2025\/02\/Quality-Operational-Excellence-400x225.jpg 400w, https:\/\/norway.eramet.com\/wp-content\/uploads\/sites\/19\/2025\/02\/Quality-Operational-Excellence-600x338.jpg 600w, https:\/\/norway.eramet.com\/wp-content\/uploads\/sites\/19\/2025\/02\/Quality-Operational-Excellence-800x450.jpg 800w, https:\/\/norway.eramet.com\/wp-content\/uploads\/sites\/19\/2025\/02\/Quality-Operational-Excellence-1200x675.jpg 1200w, https:\/\/norway.eramet.com\/wp-content\/uploads\/sites\/19\/2025\/02\/Quality-Operational-Excellence.jpg 1920w\" data-sizes=\"auto\" data-orig-sizes=\"(max-width: 640px) 100vw, 800px\" \/><\/span><\/div><\/div><\/div><div class=\"fusion-layout-column fusion_builder_column fusion-builder-column-5 fusion_builder_column_1_2 1_2 fusion-flex-column block-16-9\" style=\"--awb-bg-size:cover;--awb-width-large:50%;--awb-margin-top-large:0px;--awb-spacing-right-large:1.96%;--awb-margin-bottom-large:50px;--awb-spacing-left-large:1.96%;--awb-width-medium:50%;--awb-order-medium:0;--awb-spacing-right-medium:1.96%;--awb-spacing-left-medium:1.96%;--awb-width-small:100%;--awb-order-small:5;--awb-spacing-right-small:0.98%;--awb-spacing-left-small:0.98%;\"><div class=\"fusion-column-wrapper fusion-column-has-shadow fusion-flex-justify-content-flex-start fusion-content-layout-column\"><div class=\"fusion-image-element \" style=\"--awb-caption-title-font-family:var(--h2_typography-font-family);--awb-caption-title-font-weight:var(--h2_typography-font-weight);--awb-caption-title-font-style:var(--h2_typography-font-style);--awb-caption-title-size:var(--h2_typography-font-size);--awb-caption-title-transform:var(--h2_typography-text-transform);--awb-caption-title-line-height:var(--h2_typography-line-height);--awb-caption-title-letter-spacing:var(--h2_typography-letter-spacing);\"><span class=\" fusion-imageframe imageframe-none imageframe-3 hover-type-none\"><img decoding=\"async\" width=\"1920\" height=\"1080\" title=\"Quality&#8212;continuous-improvement\" src=\"https:\/\/norway.eramet.com\/wp-content\/uploads\/sites\/19\/2025\/02\/Quality-continuous-improvement.jpg\" data-orig-src=\"https:\/\/norway.eramet.com\/wp-content\/uploads\/sites\/19\/2025\/02\/Quality-continuous-improvement.jpg\" alt class=\"lazyload img-responsive wp-image-51610\" srcset=\"data:image\/svg+xml,%3Csvg%20xmlns%3D%27http%3A%2F%2Fwww.w3.org%2F2000%2Fsvg%27%20width%3D%271920%27%20height%3D%271080%27%20viewBox%3D%270%200%201920%201080%27%3E%3Crect%20width%3D%271920%27%20height%3D%271080%27%20fill-opacity%3D%220%22%2F%3E%3C%2Fsvg%3E\" data-srcset=\"https:\/\/norway.eramet.com\/wp-content\/uploads\/sites\/19\/2025\/02\/Quality-continuous-improvement-200x113.jpg 200w, https:\/\/norway.eramet.com\/wp-content\/uploads\/sites\/19\/2025\/02\/Quality-continuous-improvement-400x225.jpg 400w, https:\/\/norway.eramet.com\/wp-content\/uploads\/sites\/19\/2025\/02\/Quality-continuous-improvement-600x338.jpg 600w, https:\/\/norway.eramet.com\/wp-content\/uploads\/sites\/19\/2025\/02\/Quality-continuous-improvement-800x450.jpg 800w, https:\/\/norway.eramet.com\/wp-content\/uploads\/sites\/19\/2025\/02\/Quality-continuous-improvement-1200x675.jpg 1200w, https:\/\/norway.eramet.com\/wp-content\/uploads\/sites\/19\/2025\/02\/Quality-continuous-improvement.jpg 1920w\" data-sizes=\"auto\" data-orig-sizes=\"(max-width: 640px) 100vw, 800px\" \/><\/span><\/div><\/div><\/div><div class=\"fusion-layout-column fusion_builder_column fusion-builder-column-6 fusion_builder_column_1_2 1_2 fusion-flex-column\" style=\"--awb-bg-size:cover;--awb-width-large:50%;--awb-margin-top-large:0px;--awb-spacing-right-large:1.96%;--awb-margin-bottom-large:20px;--awb-spacing-left-large:1.96%;--awb-width-medium:50%;--awb-order-medium:0;--awb-spacing-right-medium:1.96%;--awb-spacing-left-medium:1.96%;--awb-width-small:100%;--awb-order-small:4;--awb-spacing-right-small:0.98%;--awb-spacing-left-small:0.98%;\"><div class=\"fusion-column-wrapper fusion-column-has-shadow fusion-flex-justify-content-flex-start fusion-content-layout-column\"><div class=\"fusion-text fusion-text-4\"><h2>Kontinuerlig forbedring<\/h2>\n<p>Gjennom samarbeid med forskningsinstitusjoner og bruk av beste praksis fremmer Eramet Norway en kultur preget av innovasjon og ansvarlighet. Dette arbeidet sikrer at produktene v\u00e5re ikke bare oppfyller de tekniske spesifikasjonene, men ogs\u00e5 er i tr\u00e5d med b\u00e6rekraftsm\u00e5lene v\u00e5re. Dette doble fokuset p\u00e5 kvalitet og milj\u00f8forvaltning gj\u00f8r oss til en p\u00e5litelig partner for st\u00e5lprodusenter over hele verden.<\/p>\n<p>Eramet Norways satsing p\u00e5 kvalitet gj\u00f8r det mulig for industrien \u00e5 bygge sterkere og mer b\u00e6rekraftige infrastrukturer, samtidig som milj\u00f8et ivaretas.<\/p>\n<\/div><\/div><\/div><\/div><\/div><\/p>\n","protected":false},"excerpt":{"rendered":"","protected":false},"author":4,"featured_media":0,"parent":51926,"menu_order":3,"comment_status":"closed","ping_status":"closed","template":"","meta":{"footnotes":""},"class_list":["post-51937","page","type-page","status-publish","hentry"],"yoast_head":"<!-- This site is optimized with the Yoast SEO plugin v26.8 - https:\/\/yoast.com\/product\/yoast-seo-wordpress\/ -->\n<title>Kvalitet - Eramet Norway<\/title>\n<meta name=\"robots\" content=\"index, follow, max-snippet:-1, max-image-preview:large, max-video-preview:-1\" \/>\n<link rel=\"canonical\" href=\"https:\/\/norway.eramet.com\/no\/aktiviteter\/kvalitet\/\" \/>\n<meta property=\"og:locale\" content=\"nb_NO\" \/>\n<meta property=\"og:type\" content=\"article\" \/>\n<meta property=\"og:title\" content=\"Kvalitet - Eramet Norway\" \/>\n<meta property=\"og:url\" content=\"https:\/\/norway.eramet.com\/no\/aktiviteter\/kvalitet\/\" \/>\n<meta property=\"og:site_name\" content=\"Eramet Norway\" \/>\n<meta property=\"article:modified_time\" content=\"2025-07-04T13:50:04+00:00\" \/>\n<meta property=\"og:image\" content=\"https:\/\/norway.eramet.com\/wp-content\/uploads\/sites\/19\/2025\/03\/Final_ISO_Grey-2015-Registered-sign.png\" \/>\n<meta name=\"twitter:card\" content=\"summary_large_image\" \/>\n<meta name=\"twitter:label1\" content=\"Ansl. lesetid\" \/>\n\t<meta name=\"twitter:data1\" content=\"3 minutter\" \/>\n<script type=\"application\/ld+json\" class=\"yoast-schema-graph\">{\"@context\":\"https:\/\/schema.org\",\"@graph\":[{\"@type\":\"WebPage\",\"@id\":\"https:\/\/norway.eramet.com\/no\/aktiviteter\/kvalitet\/\",\"url\":\"https:\/\/norway.eramet.com\/no\/aktiviteter\/kvalitet\/\",\"name\":\"Kvalitet - Eramet Norway\",\"isPartOf\":{\"@id\":\"https:\/\/norway.eramet.com\/no\/#website\"},\"primaryImageOfPage\":{\"@id\":\"https:\/\/norway.eramet.com\/no\/aktiviteter\/kvalitet\/#primaryimage\"},\"image\":{\"@id\":\"https:\/\/norway.eramet.com\/no\/aktiviteter\/kvalitet\/#primaryimage\"},\"thumbnailUrl\":\"https:\/\/norway.eramet.com\/wp-content\/uploads\/sites\/19\/2025\/03\/Final_ISO_Grey-2015-Registered-sign.png\",\"datePublished\":\"2024-02-06T16:58:53+00:00\",\"dateModified\":\"2025-07-04T13:50:04+00:00\",\"breadcrumb\":{\"@id\":\"https:\/\/norway.eramet.com\/no\/aktiviteter\/kvalitet\/#breadcrumb\"},\"inLanguage\":\"nb-NO\",\"potentialAction\":[{\"@type\":\"ReadAction\",\"target\":[\"https:\/\/norway.eramet.com\/no\/aktiviteter\/kvalitet\/\"]}]},{\"@type\":\"ImageObject\",\"inLanguage\":\"nb-NO\",\"@id\":\"https:\/\/norway.eramet.com\/no\/aktiviteter\/kvalitet\/#primaryimage\",\"url\":\"https:\/\/norway.eramet.com\/wp-content\/uploads\/sites\/19\/2025\/03\/Final_ISO_Grey-2015-Registered-sign.png\",\"contentUrl\":\"https:\/\/norway.eramet.com\/wp-content\/uploads\/sites\/19\/2025\/03\/Final_ISO_Grey-2015-Registered-sign.png\"},{\"@type\":\"BreadcrumbList\",\"@id\":\"https:\/\/norway.eramet.com\/no\/aktiviteter\/kvalitet\/#breadcrumb\",\"itemListElement\":[{\"@type\":\"ListItem\",\"position\":1,\"name\":\"Eramet Norway\",\"item\":\"https:\/\/norway.eramet.com\/no\/\"},{\"@type\":\"ListItem\",\"position\":2,\"name\":\"Aktiviteter\",\"item\":\"https:\/\/norway.eramet.com\/no\/aktiviteter\/\"},{\"@type\":\"ListItem\",\"position\":3,\"name\":\"Kvalitet\"}]},{\"@type\":\"WebSite\",\"@id\":\"https:\/\/norway.eramet.com\/no\/#website\",\"url\":\"https:\/\/norway.eramet.com\/no\/\",\"name\":\"Eramet Norway\",\"description\":\"\",\"publisher\":{\"@id\":\"https:\/\/norway.eramet.com\/no\/#organization\"},\"potentialAction\":[{\"@type\":\"SearchAction\",\"target\":{\"@type\":\"EntryPoint\",\"urlTemplate\":\"https:\/\/norway.eramet.com\/no\/?s={search_term_string}\"},\"query-input\":{\"@type\":\"PropertyValueSpecification\",\"valueRequired\":true,\"valueName\":\"search_term_string\"}}],\"inLanguage\":\"nb-NO\"},{\"@type\":\"Organization\",\"@id\":\"https:\/\/norway.eramet.com\/no\/#organization\",\"name\":\"Eramet Norway\",\"url\":\"https:\/\/norway.eramet.com\/no\/\",\"logo\":{\"@type\":\"ImageObject\",\"inLanguage\":\"nb-NO\",\"@id\":\"https:\/\/norway.eramet.com\/no\/#\/schema\/logo\/image\/\",\"url\":\"https:\/\/norway.eramet.com\/wp-content\/uploads\/sites\/19\/2025\/04\/Eramet-logo.png\",\"contentUrl\":\"https:\/\/norway.eramet.com\/wp-content\/uploads\/sites\/19\/2025\/04\/Eramet-logo.png\",\"width\":800,\"height\":316,\"caption\":\"Eramet Norway\"},\"image\":{\"@id\":\"https:\/\/norway.eramet.com\/no\/#\/schema\/logo\/image\/\"}}]}<\/script>\n<!-- \/ Yoast SEO plugin. -->","yoast_head_json":{"title":"Kvalitet - Eramet Norway","robots":{"index":"index","follow":"follow","max-snippet":"max-snippet:-1","max-image-preview":"max-image-preview:large","max-video-preview":"max-video-preview:-1"},"canonical":"https:\/\/norway.eramet.com\/no\/aktiviteter\/kvalitet\/","og_locale":"nb_NO","og_type":"article","og_title":"Kvalitet - Eramet Norway","og_url":"https:\/\/norway.eramet.com\/no\/aktiviteter\/kvalitet\/","og_site_name":"Eramet Norway","article_modified_time":"2025-07-04T13:50:04+00:00","og_image":[{"url":"https:\/\/norway.eramet.com\/wp-content\/uploads\/sites\/19\/2025\/03\/Final_ISO_Grey-2015-Registered-sign.png","type":"","width":"","height":""}],"twitter_card":"summary_large_image","twitter_misc":{"Ansl. lesetid":"3 minutter"},"schema":{"@context":"https:\/\/schema.org","@graph":[{"@type":"WebPage","@id":"https:\/\/norway.eramet.com\/no\/aktiviteter\/kvalitet\/","url":"https:\/\/norway.eramet.com\/no\/aktiviteter\/kvalitet\/","name":"Kvalitet - Eramet Norway","isPartOf":{"@id":"https:\/\/norway.eramet.com\/no\/#website"},"primaryImageOfPage":{"@id":"https:\/\/norway.eramet.com\/no\/aktiviteter\/kvalitet\/#primaryimage"},"image":{"@id":"https:\/\/norway.eramet.com\/no\/aktiviteter\/kvalitet\/#primaryimage"},"thumbnailUrl":"https:\/\/norway.eramet.com\/wp-content\/uploads\/sites\/19\/2025\/03\/Final_ISO_Grey-2015-Registered-sign.png","datePublished":"2024-02-06T16:58:53+00:00","dateModified":"2025-07-04T13:50:04+00:00","breadcrumb":{"@id":"https:\/\/norway.eramet.com\/no\/aktiviteter\/kvalitet\/#breadcrumb"},"inLanguage":"nb-NO","potentialAction":[{"@type":"ReadAction","target":["https:\/\/norway.eramet.com\/no\/aktiviteter\/kvalitet\/"]}]},{"@type":"ImageObject","inLanguage":"nb-NO","@id":"https:\/\/norway.eramet.com\/no\/aktiviteter\/kvalitet\/#primaryimage","url":"https:\/\/norway.eramet.com\/wp-content\/uploads\/sites\/19\/2025\/03\/Final_ISO_Grey-2015-Registered-sign.png","contentUrl":"https:\/\/norway.eramet.com\/wp-content\/uploads\/sites\/19\/2025\/03\/Final_ISO_Grey-2015-Registered-sign.png"},{"@type":"BreadcrumbList","@id":"https:\/\/norway.eramet.com\/no\/aktiviteter\/kvalitet\/#breadcrumb","itemListElement":[{"@type":"ListItem","position":1,"name":"Eramet Norway","item":"https:\/\/norway.eramet.com\/no\/"},{"@type":"ListItem","position":2,"name":"Aktiviteter","item":"https:\/\/norway.eramet.com\/no\/aktiviteter\/"},{"@type":"ListItem","position":3,"name":"Kvalitet"}]},{"@type":"WebSite","@id":"https:\/\/norway.eramet.com\/no\/#website","url":"https:\/\/norway.eramet.com\/no\/","name":"Eramet Norway","description":"","publisher":{"@id":"https:\/\/norway.eramet.com\/no\/#organization"},"potentialAction":[{"@type":"SearchAction","target":{"@type":"EntryPoint","urlTemplate":"https:\/\/norway.eramet.com\/no\/?s={search_term_string}"},"query-input":{"@type":"PropertyValueSpecification","valueRequired":true,"valueName":"search_term_string"}}],"inLanguage":"nb-NO"},{"@type":"Organization","@id":"https:\/\/norway.eramet.com\/no\/#organization","name":"Eramet Norway","url":"https:\/\/norway.eramet.com\/no\/","logo":{"@type":"ImageObject","inLanguage":"nb-NO","@id":"https:\/\/norway.eramet.com\/no\/#\/schema\/logo\/image\/","url":"https:\/\/norway.eramet.com\/wp-content\/uploads\/sites\/19\/2025\/04\/Eramet-logo.png","contentUrl":"https:\/\/norway.eramet.com\/wp-content\/uploads\/sites\/19\/2025\/04\/Eramet-logo.png","width":800,"height":316,"caption":"Eramet Norway"},"image":{"@id":"https:\/\/norway.eramet.com\/no\/#\/schema\/logo\/image\/"}}]}},"acf":[],"_links":{"self":[{"href":"https:\/\/norway.eramet.com\/no\/wp-json\/wp\/v2\/pages\/51937","targetHints":{"allow":["GET"]}}],"collection":[{"href":"https:\/\/norway.eramet.com\/no\/wp-json\/wp\/v2\/pages"}],"about":[{"href":"https:\/\/norway.eramet.com\/no\/wp-json\/wp\/v2\/types\/page"}],"author":[{"embeddable":true,"href":"https:\/\/norway.eramet.com\/no\/wp-json\/wp\/v2\/users\/4"}],"replies":[{"embeddable":true,"href":"https:\/\/norway.eramet.com\/no\/wp-json\/wp\/v2\/comments?post=51937"}],"version-history":[{"count":8,"href":"https:\/\/norway.eramet.com\/no\/wp-json\/wp\/v2\/pages\/51937\/revisions"}],"predecessor-version":[{"id":52336,"href":"https:\/\/norway.eramet.com\/no\/wp-json\/wp\/v2\/pages\/51937\/revisions\/52336"}],"up":[{"embeddable":true,"href":"https:\/\/norway.eramet.com\/no\/wp-json\/wp\/v2\/pages\/51926"}],"wp:attachment":[{"href":"https:\/\/norway.eramet.com\/no\/wp-json\/wp\/v2\/media?parent=51937"}],"curies":[{"name":"wp","href":"https:\/\/api.w.org\/{rel}","templated":true}]}}