{"id":51916,"date":"2024-02-06T00:00:37","date_gmt":"2024-02-05T23:00:37","guid":{"rendered":"https:\/\/norway.eramet.com\/?page_id=51916"},"modified":"2025-08-06T11:22:52","modified_gmt":"2025-08-06T09:22:52","slug":"var-visjon","status":"publish","type":"page","link":"https:\/\/norway.eramet.com\/no\/om-oss\/var-visjon\/","title":{"rendered":"V\u00e5r visjon"},"content":{"rendered":"<div class=\"fusion-fullwidth fullwidth-box fusion-builder-row-1 fusion-flex-container has-pattern-background has-mask-background nonhundred-percent-fullwidth non-hundred-percent-height-scrolling\" style=\"--awb-border-radius-top-left:0px;--awb-border-radius-top-right:0px;--awb-border-radius-bottom-right:0px;--awb-border-radius-bottom-left:0px;--awb-flex-wrap:wrap;\" ><div class=\"fusion-builder-row fusion-row fusion-flex-align-items-stretch fusion-flex-justify-content-center fusion-flex-content-wrap\" style=\"max-width:1468.8px;margin-left: calc(-2% \/ 2 );margin-right: calc(-2% \/ 2 );\"><div class=\"fusion-layout-column fusion_builder_column fusion-builder-column-0 fusion_builder_column_1_2 1_2 fusion-flex-column block-16-9\" style=\"--awb-bg-size:cover;--awb-width-large:50%;--awb-margin-top-large:0px;--awb-spacing-right-large:1.96%;--awb-margin-bottom-large:50px;--awb-spacing-left-large:1.96%;--awb-width-medium:50%;--awb-order-medium:0;--awb-spacing-right-medium:1.96%;--awb-spacing-left-medium:1.96%;--awb-width-small:100%;--awb-order-small:0;--awb-spacing-right-small:0.98%;--awb-spacing-left-small:0.98%;\"><div class=\"fusion-column-wrapper fusion-column-has-shadow fusion-flex-justify-content-flex-start fusion-content-layout-column\"><div class=\"fusion-image-element \" style=\"--awb-caption-title-font-family:var(--h2_typography-font-family);--awb-caption-title-font-weight:var(--h2_typography-font-weight);--awb-caption-title-font-style:var(--h2_typography-font-style);--awb-caption-title-size:var(--h2_typography-font-size);--awb-caption-title-transform:var(--h2_typography-text-transform);--awb-caption-title-line-height:var(--h2_typography-line-height);--awb-caption-title-letter-spacing:var(--h2_typography-letter-spacing);\"><span class=\" fusion-imageframe imageframe-none imageframe-1 hover-type-none\"><img decoding=\"async\" width=\"1920\" height=\"1080\" title=\"Work-place-safety\" src=\"https:\/\/norway.eramet.com\/wp-content\/uploads\/sites\/19\/2025\/01\/Work-place-safety.jpg\" data-orig-src=\"https:\/\/norway.eramet.com\/wp-content\/uploads\/sites\/19\/2025\/01\/Work-place-safety.jpg\" alt class=\"lazyload img-responsive wp-image-51314\" srcset=\"data:image\/svg+xml,%3Csvg%20xmlns%3D%27http%3A%2F%2Fwww.w3.org%2F2000%2Fsvg%27%20width%3D%271920%27%20height%3D%271080%27%20viewBox%3D%270%200%201920%201080%27%3E%3Crect%20width%3D%271920%27%20height%3D%271080%27%20fill-opacity%3D%220%22%2F%3E%3C%2Fsvg%3E\" data-srcset=\"https:\/\/norway.eramet.com\/wp-content\/uploads\/sites\/19\/2025\/01\/Work-place-safety-200x113.jpg 200w, https:\/\/norway.eramet.com\/wp-content\/uploads\/sites\/19\/2025\/01\/Work-place-safety-400x225.jpg 400w, https:\/\/norway.eramet.com\/wp-content\/uploads\/sites\/19\/2025\/01\/Work-place-safety-600x338.jpg 600w, https:\/\/norway.eramet.com\/wp-content\/uploads\/sites\/19\/2025\/01\/Work-place-safety-800x450.jpg 800w, https:\/\/norway.eramet.com\/wp-content\/uploads\/sites\/19\/2025\/01\/Work-place-safety-1200x675.jpg 1200w, https:\/\/norway.eramet.com\/wp-content\/uploads\/sites\/19\/2025\/01\/Work-place-safety.jpg 1920w\" data-sizes=\"auto\" data-orig-sizes=\"(max-width: 640px) 100vw, 800px\" \/><\/span><\/div><\/div><\/div><div class=\"fusion-layout-column fusion_builder_column fusion-builder-column-1 fusion_builder_column_1_2 1_2 fusion-flex-column\" style=\"--awb-bg-size:cover;--awb-width-large:50%;--awb-margin-top-large:0px;--awb-spacing-right-large:1.96%;--awb-margin-bottom-large:20px;--awb-spacing-left-large:1.96%;--awb-width-medium:50%;--awb-order-medium:0;--awb-spacing-right-medium:1.96%;--awb-spacing-left-medium:1.96%;--awb-width-small:100%;--awb-order-small:0;--awb-spacing-right-small:0.98%;--awb-spacing-left-small:0.98%;\"><div class=\"fusion-column-wrapper fusion-column-has-shadow fusion-flex-justify-content-flex-start fusion-content-layout-column\"><div class=\"fusion-text fusion-text-1\"><h2>\u00c5 tilby v\u00e5re ansatte og underleverand\u00f8rer en trygg arbeidsplass, med null skader og ulykker<\/h2>\n<p>Vi \u00f8nsker at arbeidsplassen v\u00e5r skal v\u00e6re trygg, med null ulykker. Hos Eramet er helse og sikkerhet p\u00e5 arbeidsplassen en kjerneverdi. Vi legger stor vekt p\u00e5 forebygging, oppl\u00e6ring og stiller alt n\u00f8dvendig verneutstyr til r\u00e5dighet for \u00e5 ivareta sikkerheten til teamene v\u00e5re (ansatte og underleverand\u00f8rer).<\/p>\n<p>V\u00e5r filosofi er at alle skal v\u00e6re like friske n\u00e5r de g\u00e5r hjem som de var da de kom.<\/p>\n<\/div><\/div><\/div><div class=\"fusion-layout-column fusion_builder_column fusion-builder-column-2 fusion_builder_column_1_2 1_2 fusion-flex-column\" style=\"--awb-bg-size:cover;--awb-width-large:50%;--awb-margin-top-large:0px;--awb-spacing-right-large:1.96%;--awb-margin-bottom-large:20px;--awb-spacing-left-large:1.96%;--awb-width-medium:50%;--awb-order-medium:0;--awb-spacing-right-medium:1.96%;--awb-spacing-left-medium:1.96%;--awb-width-small:100%;--awb-order-small:0;--awb-spacing-right-small:0.98%;--awb-spacing-left-small:0.98%;\"><div class=\"fusion-column-wrapper fusion-column-has-shadow fusion-flex-justify-content-flex-start fusion-content-layout-column\"><div class=\"fusion-text fusion-text-2\"><h2>Vi skal ha det laveste klima- og milj\u00f8fotavtrykket<\/h2>\n<p>Vi m\u00e5 lede an i det &laquo;gr\u00f8nne skiftet&raquo; for \u00e5 v\u00e6re kundenes f\u00f8rstevalg og oppn\u00e5 gode arbeidsforhold for smelteverkene v\u00e5re.<\/p>\n<\/div><\/div><\/div><div class=\"fusion-layout-column fusion_builder_column fusion-builder-column-3 fusion_builder_column_1_2 1_2 fusion-flex-column block-16-9\" style=\"--awb-bg-size:cover;--awb-width-large:50%;--awb-margin-top-large:0px;--awb-spacing-right-large:1.96%;--awb-margin-bottom-large:50px;--awb-spacing-left-large:1.96%;--awb-width-medium:50%;--awb-order-medium:0;--awb-spacing-right-medium:1.96%;--awb-spacing-left-medium:1.96%;--awb-width-small:100%;--awb-order-small:0;--awb-spacing-right-small:0.98%;--awb-spacing-left-small:0.98%;\"><div class=\"fusion-column-wrapper fusion-column-has-shadow fusion-flex-justify-content-flex-start fusion-content-layout-column\"><div class=\"fusion-image-element \" style=\"--awb-caption-title-font-family:var(--h2_typography-font-family);--awb-caption-title-font-weight:var(--h2_typography-font-weight);--awb-caption-title-font-style:var(--h2_typography-font-style);--awb-caption-title-size:var(--h2_typography-font-size);--awb-caption-title-transform:var(--h2_typography-text-transform);--awb-caption-title-line-height:var(--h2_typography-line-height);--awb-caption-title-letter-spacing:var(--h2_typography-letter-spacing);\"><span class=\" fusion-imageframe imageframe-none imageframe-2 hover-type-none\"><img decoding=\"async\" width=\"1920\" height=\"1080\" title=\"Lowest-climate-footprint\" src=\"https:\/\/norway.eramet.com\/wp-content\/uploads\/sites\/19\/2025\/01\/Lowest-climate-footprint.jpg\" data-orig-src=\"https:\/\/norway.eramet.com\/wp-content\/uploads\/sites\/19\/2025\/01\/Lowest-climate-footprint.jpg\" alt class=\"lazyload img-responsive wp-image-51306\" srcset=\"data:image\/svg+xml,%3Csvg%20xmlns%3D%27http%3A%2F%2Fwww.w3.org%2F2000%2Fsvg%27%20width%3D%271920%27%20height%3D%271080%27%20viewBox%3D%270%200%201920%201080%27%3E%3Crect%20width%3D%271920%27%20height%3D%271080%27%20fill-opacity%3D%220%22%2F%3E%3C%2Fsvg%3E\" data-srcset=\"https:\/\/norway.eramet.com\/wp-content\/uploads\/sites\/19\/2025\/01\/Lowest-climate-footprint-200x113.jpg 200w, https:\/\/norway.eramet.com\/wp-content\/uploads\/sites\/19\/2025\/01\/Lowest-climate-footprint-400x225.jpg 400w, https:\/\/norway.eramet.com\/wp-content\/uploads\/sites\/19\/2025\/01\/Lowest-climate-footprint-600x338.jpg 600w, https:\/\/norway.eramet.com\/wp-content\/uploads\/sites\/19\/2025\/01\/Lowest-climate-footprint-800x450.jpg 800w, https:\/\/norway.eramet.com\/wp-content\/uploads\/sites\/19\/2025\/01\/Lowest-climate-footprint-1200x675.jpg 1200w, https:\/\/norway.eramet.com\/wp-content\/uploads\/sites\/19\/2025\/01\/Lowest-climate-footprint.jpg 1920w\" data-sizes=\"auto\" data-orig-sizes=\"(max-width: 640px) 100vw, 800px\" \/><\/span><\/div><\/div><\/div><div class=\"fusion-layout-column fusion_builder_column fusion-builder-column-4 fusion_builder_column_1_2 1_2 fusion-flex-column block-16-9\" style=\"--awb-bg-size:cover;--awb-width-large:50%;--awb-margin-top-large:0px;--awb-spacing-right-large:1.96%;--awb-margin-bottom-large:50px;--awb-spacing-left-large:1.96%;--awb-width-medium:50%;--awb-order-medium:0;--awb-spacing-right-medium:1.96%;--awb-spacing-left-medium:1.96%;--awb-width-small:100%;--awb-order-small:0;--awb-spacing-right-small:0.98%;--awb-spacing-left-small:0.98%;\"><div class=\"fusion-column-wrapper fusion-column-has-shadow fusion-flex-justify-content-flex-start fusion-content-layout-column\"><div class=\"fusion-image-element \" style=\"--awb-caption-title-font-family:var(--h2_typography-font-family);--awb-caption-title-font-weight:var(--h2_typography-font-weight);--awb-caption-title-font-style:var(--h2_typography-font-style);--awb-caption-title-size:var(--h2_typography-font-size);--awb-caption-title-transform:var(--h2_typography-text-transform);--awb-caption-title-line-height:var(--h2_typography-line-height);--awb-caption-title-letter-spacing:var(--h2_typography-letter-spacing);\"><span class=\" fusion-imageframe imageframe-none imageframe-3 hover-type-none\"><img decoding=\"async\" width=\"1920\" height=\"1080\" title=\"Operational-growth-and-excellence\" src=\"https:\/\/norway.eramet.com\/wp-content\/uploads\/sites\/19\/2025\/01\/Operational-growth-and-excellence.jpg\" data-orig-src=\"https:\/\/norway.eramet.com\/wp-content\/uploads\/sites\/19\/2025\/01\/Operational-growth-and-excellence.jpg\" alt class=\"lazyload img-responsive wp-image-51308\" srcset=\"data:image\/svg+xml,%3Csvg%20xmlns%3D%27http%3A%2F%2Fwww.w3.org%2F2000%2Fsvg%27%20width%3D%271920%27%20height%3D%271080%27%20viewBox%3D%270%200%201920%201080%27%3E%3Crect%20width%3D%271920%27%20height%3D%271080%27%20fill-opacity%3D%220%22%2F%3E%3C%2Fsvg%3E\" data-srcset=\"https:\/\/norway.eramet.com\/wp-content\/uploads\/sites\/19\/2025\/01\/Operational-growth-and-excellence-200x113.jpg 200w, https:\/\/norway.eramet.com\/wp-content\/uploads\/sites\/19\/2025\/01\/Operational-growth-and-excellence-400x225.jpg 400w, https:\/\/norway.eramet.com\/wp-content\/uploads\/sites\/19\/2025\/01\/Operational-growth-and-excellence-600x338.jpg 600w, https:\/\/norway.eramet.com\/wp-content\/uploads\/sites\/19\/2025\/01\/Operational-growth-and-excellence-800x450.jpg 800w, https:\/\/norway.eramet.com\/wp-content\/uploads\/sites\/19\/2025\/01\/Operational-growth-and-excellence-1200x675.jpg 1200w, https:\/\/norway.eramet.com\/wp-content\/uploads\/sites\/19\/2025\/01\/Operational-growth-and-excellence.jpg 1920w\" data-sizes=\"auto\" data-orig-sizes=\"(max-width: 640px) 100vw, 800px\" \/><\/span><\/div><\/div><\/div><div class=\"fusion-layout-column fusion_builder_column fusion-builder-column-5 fusion_builder_column_1_2 1_2 fusion-flex-column\" style=\"--awb-bg-size:cover;--awb-width-large:50%;--awb-margin-top-large:0px;--awb-spacing-right-large:1.96%;--awb-margin-bottom-large:20px;--awb-spacing-left-large:1.96%;--awb-width-medium:50%;--awb-order-medium:0;--awb-spacing-right-medium:1.96%;--awb-spacing-left-medium:1.96%;--awb-width-small:100%;--awb-order-small:0;--awb-spacing-right-small:0.98%;--awb-spacing-left-small:0.98%;\"><div class=\"fusion-column-wrapper fusion-column-has-shadow fusion-flex-justify-content-flex-start fusion-content-layout-column\"><div class=\"fusion-text fusion-text-3\"><h2>\u00c5 v\u00e6re en verdiskaper basert p\u00e5 fremragende drift og vekst<\/h2>\n<p>Vi m\u00e5 gj\u00f8re oss fortjent til \u00e5 vokse gjennom h\u00f8yt kundefokus og kontinuerlig forbedring av v\u00e5re prestasjoner og resultater.<\/p>\n<\/div><\/div><\/div><div class=\"fusion-layout-column fusion_builder_column fusion-builder-column-6 fusion_builder_column_1_2 1_2 fusion-flex-column\" style=\"--awb-bg-size:cover;--awb-width-large:50%;--awb-margin-top-large:0px;--awb-spacing-right-large:1.96%;--awb-margin-bottom-large:20px;--awb-spacing-left-large:1.96%;--awb-width-medium:50%;--awb-order-medium:0;--awb-spacing-right-medium:1.96%;--awb-spacing-left-medium:1.96%;--awb-width-small:100%;--awb-order-small:0;--awb-spacing-right-small:0.98%;--awb-spacing-left-small:0.98%;\"><div class=\"fusion-column-wrapper fusion-column-has-shadow fusion-flex-justify-content-flex-start fusion-content-layout-column\"><div class=\"fusion-text fusion-text-4\"><h2>\u00c5 v\u00e6re en l\u00e6rende organisasjon<\/h2>\n<p>Vi m\u00e5 videreutvikle v\u00e5re ansatte og v\u00e6re attraktive for nye talenter.<\/p>\n<\/div><\/div><\/div><div class=\"fusion-layout-column fusion_builder_column fusion-builder-column-7 fusion_builder_column_1_2 1_2 fusion-flex-column block-16-9\" style=\"--awb-bg-size:cover;--awb-width-large:50%;--awb-margin-top-large:0px;--awb-spacing-right-large:1.96%;--awb-margin-bottom-large:50px;--awb-spacing-left-large:1.96%;--awb-width-medium:50%;--awb-order-medium:0;--awb-spacing-right-medium:1.96%;--awb-spacing-left-medium:1.96%;--awb-width-small:100%;--awb-order-small:0;--awb-spacing-right-small:0.98%;--awb-spacing-left-small:0.98%;\"><div class=\"fusion-column-wrapper fusion-column-has-shadow fusion-flex-justify-content-flex-start fusion-content-layout-column\"><div class=\"fusion-image-element \" style=\"--awb-caption-title-font-family:var(--h2_typography-font-family);--awb-caption-title-font-weight:var(--h2_typography-font-weight);--awb-caption-title-font-style:var(--h2_typography-font-style);--awb-caption-title-size:var(--h2_typography-font-size);--awb-caption-title-transform:var(--h2_typography-text-transform);--awb-caption-title-line-height:var(--h2_typography-line-height);--awb-caption-title-letter-spacing:var(--h2_typography-letter-spacing);\"><span class=\" fusion-imageframe imageframe-none imageframe-4 hover-type-none\"><img decoding=\"async\" width=\"800\" height=\"450\" title=\"Eramet-Norway-Sauda\" src=\"https:\/\/norway.eramet.com\/wp-content\/uploads\/sites\/19\/2025\/07\/Eramet-Norway-Sauda.jpg\" data-orig-src=\"https:\/\/norway.eramet.com\/wp-content\/uploads\/sites\/19\/2025\/07\/Eramet-Norway-Sauda-800x450.jpg\" alt class=\"lazyload img-responsive wp-image-52390\" srcset=\"data:image\/svg+xml,%3Csvg%20xmlns%3D%27http%3A%2F%2Fwww.w3.org%2F2000%2Fsvg%27%20width%3D%271920%27%20height%3D%271080%27%20viewBox%3D%270%200%201920%201080%27%3E%3Crect%20width%3D%271920%27%20height%3D%271080%27%20fill-opacity%3D%220%22%2F%3E%3C%2Fsvg%3E\" data-srcset=\"https:\/\/norway.eramet.com\/wp-content\/uploads\/sites\/19\/2025\/07\/Eramet-Norway-Sauda-200x113.jpg 200w, https:\/\/norway.eramet.com\/wp-content\/uploads\/sites\/19\/2025\/07\/Eramet-Norway-Sauda-400x225.jpg 400w, https:\/\/norway.eramet.com\/wp-content\/uploads\/sites\/19\/2025\/07\/Eramet-Norway-Sauda-600x338.jpg 600w, https:\/\/norway.eramet.com\/wp-content\/uploads\/sites\/19\/2025\/07\/Eramet-Norway-Sauda-800x450.jpg 800w, https:\/\/norway.eramet.com\/wp-content\/uploads\/sites\/19\/2025\/07\/Eramet-Norway-Sauda-1200x675.jpg 1200w, https:\/\/norway.eramet.com\/wp-content\/uploads\/sites\/19\/2025\/07\/Eramet-Norway-Sauda.jpg 1920w\" data-sizes=\"auto\" data-orig-sizes=\"(max-width: 640px) 100vw, 800px\" \/><\/span><\/div><\/div><\/div><div class=\"fusion-layout-column fusion_builder_column fusion-builder-column-8 fusion_builder_column_1_2 1_2 fusion-flex-column block-16-9\" style=\"--awb-bg-size:cover;--awb-width-large:50%;--awb-margin-top-large:0px;--awb-spacing-right-large:1.96%;--awb-margin-bottom-large:50px;--awb-spacing-left-large:1.96%;--awb-width-medium:50%;--awb-order-medium:0;--awb-spacing-right-medium:1.96%;--awb-spacing-left-medium:1.96%;--awb-width-small:100%;--awb-order-small:0;--awb-spacing-right-small:0.98%;--awb-spacing-left-small:0.98%;\"><div class=\"fusion-column-wrapper fusion-column-has-shadow fusion-flex-justify-content-flex-start fusion-content-layout-column\"><div class=\"fusion-image-element \" style=\"--awb-caption-title-font-family:var(--h2_typography-font-family);--awb-caption-title-font-weight:var(--h2_typography-font-weight);--awb-caption-title-font-style:var(--h2_typography-font-style);--awb-caption-title-size:var(--h2_typography-font-size);--awb-caption-title-transform:var(--h2_typography-text-transform);--awb-caption-title-line-height:var(--h2_typography-line-height);--awb-caption-title-letter-spacing:var(--h2_typography-letter-spacing);\"><span class=\" fusion-imageframe imageframe-none imageframe-5 hover-type-none\"><img decoding=\"async\" width=\"1920\" height=\"1080\" title=\"Responsible-business-partner\" src=\"https:\/\/norway.eramet.com\/wp-content\/uploads\/sites\/19\/2025\/01\/Responsible-business-partner.jpg\" data-orig-src=\"https:\/\/norway.eramet.com\/wp-content\/uploads\/sites\/19\/2025\/01\/Responsible-business-partner.jpg\" alt class=\"lazyload img-responsive wp-image-51312\" srcset=\"data:image\/svg+xml,%3Csvg%20xmlns%3D%27http%3A%2F%2Fwww.w3.org%2F2000%2Fsvg%27%20width%3D%271920%27%20height%3D%271080%27%20viewBox%3D%270%200%201920%201080%27%3E%3Crect%20width%3D%271920%27%20height%3D%271080%27%20fill-opacity%3D%220%22%2F%3E%3C%2Fsvg%3E\" data-srcset=\"https:\/\/norway.eramet.com\/wp-content\/uploads\/sites\/19\/2025\/01\/Responsible-business-partner-200x113.jpg 200w, https:\/\/norway.eramet.com\/wp-content\/uploads\/sites\/19\/2025\/01\/Responsible-business-partner-400x225.jpg 400w, https:\/\/norway.eramet.com\/wp-content\/uploads\/sites\/19\/2025\/01\/Responsible-business-partner-600x338.jpg 600w, https:\/\/norway.eramet.com\/wp-content\/uploads\/sites\/19\/2025\/01\/Responsible-business-partner-800x450.jpg 800w, https:\/\/norway.eramet.com\/wp-content\/uploads\/sites\/19\/2025\/01\/Responsible-business-partner-1200x675.jpg 1200w, https:\/\/norway.eramet.com\/wp-content\/uploads\/sites\/19\/2025\/01\/Responsible-business-partner.jpg 1920w\" data-sizes=\"auto\" data-orig-sizes=\"(max-width: 640px) 100vw, 800px\" \/><\/span><\/div><\/div><\/div><div class=\"fusion-layout-column fusion_builder_column fusion-builder-column-9 fusion_builder_column_1_2 1_2 fusion-flex-column\" style=\"--awb-bg-size:cover;--awb-width-large:50%;--awb-margin-top-large:0px;--awb-spacing-right-large:1.96%;--awb-margin-bottom-large:20px;--awb-spacing-left-large:1.96%;--awb-width-medium:50%;--awb-order-medium:0;--awb-spacing-right-medium:1.96%;--awb-spacing-left-medium:1.96%;--awb-width-small:100%;--awb-order-small:0;--awb-spacing-right-small:0.98%;--awb-spacing-left-small:0.98%;\"><div class=\"fusion-column-wrapper fusion-column-has-shadow fusion-flex-justify-content-flex-start fusion-content-layout-column\"><div class=\"fusion-text fusion-text-5\"><h2>\u00c5 v\u00e6re en ansvarlig og innovativ forretningspartner<\/h2>\n<p>Vi skal skape tillit blant v\u00e5re interessenter og legge grunnlaget for et godt samarbeid med lokalsamfunnene vi er en del av, og med leverand\u00f8rer, forskningsinstitusjoner og offentlige akt\u00f8rer.<\/p>\n<\/div><\/div><\/div><\/div><\/div>\n","protected":false},"excerpt":{"rendered":"","protected":false},"author":4,"featured_media":0,"parent":51914,"menu_order":1,"comment_status":"closed","ping_status":"closed","template":"","meta":{"footnotes":""},"class_list":["post-51916","page","type-page","status-publish","hentry"],"yoast_head":"<!-- This site is optimized with the Yoast SEO plugin v26.8 - https:\/\/yoast.com\/product\/yoast-seo-wordpress\/ -->\n<title>V\u00e5r visjon - Eramet Norway<\/title>\n<meta name=\"robots\" content=\"index, follow, max-snippet:-1, max-image-preview:large, max-video-preview:-1\" \/>\n<link rel=\"canonical\" href=\"https:\/\/norway.eramet.com\/no\/om-oss\/var-visjon\/\" \/>\n<meta property=\"og:locale\" content=\"nb_NO\" \/>\n<meta property=\"og:type\" content=\"article\" \/>\n<meta property=\"og:title\" content=\"V\u00e5r visjon - Eramet Norway\" \/>\n<meta property=\"og:url\" content=\"https:\/\/norway.eramet.com\/no\/om-oss\/var-visjon\/\" \/>\n<meta property=\"og:site_name\" content=\"Eramet Norway\" \/>\n<meta property=\"article:modified_time\" content=\"2025-08-06T09:22:52+00:00\" \/>\n<meta property=\"og:image\" content=\"https:\/\/norway.eramet.com\/wp-content\/uploads\/sites\/19\/2025\/04\/Eramet-logo.png\" \/>\n\t<meta property=\"og:image:width\" content=\"800\" \/>\n\t<meta property=\"og:image:height\" content=\"316\" \/>\n\t<meta property=\"og:image:type\" content=\"image\/png\" \/>\n<meta name=\"twitter:card\" content=\"summary_large_image\" \/>\n<meta name=\"twitter:label1\" content=\"Ansl. lesetid\" \/>\n\t<meta name=\"twitter:data1\" content=\"2 minutter\" \/>\n<script type=\"application\/ld+json\" class=\"yoast-schema-graph\">{\"@context\":\"https:\/\/schema.org\",\"@graph\":[{\"@type\":\"WebPage\",\"@id\":\"https:\/\/norway.eramet.com\/no\/om-oss\/var-visjon\/\",\"url\":\"https:\/\/norway.eramet.com\/no\/om-oss\/var-visjon\/\",\"name\":\"V\u00e5r visjon - Eramet Norway\",\"isPartOf\":{\"@id\":\"https:\/\/norway.eramet.com\/no\/#website\"},\"datePublished\":\"2024-02-05T23:00:37+00:00\",\"dateModified\":\"2025-08-06T09:22:52+00:00\",\"breadcrumb\":{\"@id\":\"https:\/\/norway.eramet.com\/no\/om-oss\/var-visjon\/#breadcrumb\"},\"inLanguage\":\"nb-NO\",\"potentialAction\":[{\"@type\":\"ReadAction\",\"target\":[\"https:\/\/norway.eramet.com\/no\/om-oss\/var-visjon\/\"]}]},{\"@type\":\"BreadcrumbList\",\"@id\":\"https:\/\/norway.eramet.com\/no\/om-oss\/var-visjon\/#breadcrumb\",\"itemListElement\":[{\"@type\":\"ListItem\",\"position\":1,\"name\":\"Eramet Norway\",\"item\":\"https:\/\/norway.eramet.com\/no\/\"},{\"@type\":\"ListItem\",\"position\":2,\"name\":\"Eramet Norway\",\"item\":\"https:\/\/norway.eramet.com\/no\/about-us\/\"},{\"@type\":\"ListItem\",\"position\":3,\"name\":\"V\u00e5r visjon\"}]},{\"@type\":\"WebSite\",\"@id\":\"https:\/\/norway.eramet.com\/no\/#website\",\"url\":\"https:\/\/norway.eramet.com\/no\/\",\"name\":\"Eramet Norway\",\"description\":\"\",\"publisher\":{\"@id\":\"https:\/\/norway.eramet.com\/no\/#organization\"},\"potentialAction\":[{\"@type\":\"SearchAction\",\"target\":{\"@type\":\"EntryPoint\",\"urlTemplate\":\"https:\/\/norway.eramet.com\/no\/?s={search_term_string}\"},\"query-input\":{\"@type\":\"PropertyValueSpecification\",\"valueRequired\":true,\"valueName\":\"search_term_string\"}}],\"inLanguage\":\"nb-NO\"},{\"@type\":\"Organization\",\"@id\":\"https:\/\/norway.eramet.com\/no\/#organization\",\"name\":\"Eramet Norway\",\"url\":\"https:\/\/norway.eramet.com\/no\/\",\"logo\":{\"@type\":\"ImageObject\",\"inLanguage\":\"nb-NO\",\"@id\":\"https:\/\/norway.eramet.com\/no\/#\/schema\/logo\/image\/\",\"url\":\"https:\/\/norway.eramet.com\/wp-content\/uploads\/sites\/19\/2025\/04\/Eramet-logo.png\",\"contentUrl\":\"https:\/\/norway.eramet.com\/wp-content\/uploads\/sites\/19\/2025\/04\/Eramet-logo.png\",\"width\":800,\"height\":316,\"caption\":\"Eramet Norway\"},\"image\":{\"@id\":\"https:\/\/norway.eramet.com\/no\/#\/schema\/logo\/image\/\"}}]}<\/script>\n<!-- \/ Yoast SEO plugin. -->","yoast_head_json":{"title":"V\u00e5r visjon - Eramet Norway","robots":{"index":"index","follow":"follow","max-snippet":"max-snippet:-1","max-image-preview":"max-image-preview:large","max-video-preview":"max-video-preview:-1"},"canonical":"https:\/\/norway.eramet.com\/no\/om-oss\/var-visjon\/","og_locale":"nb_NO","og_type":"article","og_title":"V\u00e5r visjon - Eramet Norway","og_url":"https:\/\/norway.eramet.com\/no\/om-oss\/var-visjon\/","og_site_name":"Eramet Norway","article_modified_time":"2025-08-06T09:22:52+00:00","og_image":[{"width":800,"height":316,"url":"https:\/\/norway.eramet.com\/wp-content\/uploads\/sites\/19\/2025\/04\/Eramet-logo.png","type":"image\/png"}],"twitter_card":"summary_large_image","twitter_misc":{"Ansl. lesetid":"2 minutter"},"schema":{"@context":"https:\/\/schema.org","@graph":[{"@type":"WebPage","@id":"https:\/\/norway.eramet.com\/no\/om-oss\/var-visjon\/","url":"https:\/\/norway.eramet.com\/no\/om-oss\/var-visjon\/","name":"V\u00e5r visjon - Eramet Norway","isPartOf":{"@id":"https:\/\/norway.eramet.com\/no\/#website"},"datePublished":"2024-02-05T23:00:37+00:00","dateModified":"2025-08-06T09:22:52+00:00","breadcrumb":{"@id":"https:\/\/norway.eramet.com\/no\/om-oss\/var-visjon\/#breadcrumb"},"inLanguage":"nb-NO","potentialAction":[{"@type":"ReadAction","target":["https:\/\/norway.eramet.com\/no\/om-oss\/var-visjon\/"]}]},{"@type":"BreadcrumbList","@id":"https:\/\/norway.eramet.com\/no\/om-oss\/var-visjon\/#breadcrumb","itemListElement":[{"@type":"ListItem","position":1,"name":"Eramet Norway","item":"https:\/\/norway.eramet.com\/no\/"},{"@type":"ListItem","position":2,"name":"Eramet Norway","item":"https:\/\/norway.eramet.com\/no\/about-us\/"},{"@type":"ListItem","position":3,"name":"V\u00e5r visjon"}]},{"@type":"WebSite","@id":"https:\/\/norway.eramet.com\/no\/#website","url":"https:\/\/norway.eramet.com\/no\/","name":"Eramet Norway","description":"","publisher":{"@id":"https:\/\/norway.eramet.com\/no\/#organization"},"potentialAction":[{"@type":"SearchAction","target":{"@type":"EntryPoint","urlTemplate":"https:\/\/norway.eramet.com\/no\/?s={search_term_string}"},"query-input":{"@type":"PropertyValueSpecification","valueRequired":true,"valueName":"search_term_string"}}],"inLanguage":"nb-NO"},{"@type":"Organization","@id":"https:\/\/norway.eramet.com\/no\/#organization","name":"Eramet Norway","url":"https:\/\/norway.eramet.com\/no\/","logo":{"@type":"ImageObject","inLanguage":"nb-NO","@id":"https:\/\/norway.eramet.com\/no\/#\/schema\/logo\/image\/","url":"https:\/\/norway.eramet.com\/wp-content\/uploads\/sites\/19\/2025\/04\/Eramet-logo.png","contentUrl":"https:\/\/norway.eramet.com\/wp-content\/uploads\/sites\/19\/2025\/04\/Eramet-logo.png","width":800,"height":316,"caption":"Eramet Norway"},"image":{"@id":"https:\/\/norway.eramet.com\/no\/#\/schema\/logo\/image\/"}}]}},"acf":[],"_links":{"self":[{"href":"https:\/\/norway.eramet.com\/no\/wp-json\/wp\/v2\/pages\/51916","targetHints":{"allow":["GET"]}}],"collection":[{"href":"https:\/\/norway.eramet.com\/no\/wp-json\/wp\/v2\/pages"}],"about":[{"href":"https:\/\/norway.eramet.com\/no\/wp-json\/wp\/v2\/types\/page"}],"author":[{"embeddable":true,"href":"https:\/\/norway.eramet.com\/no\/wp-json\/wp\/v2\/users\/4"}],"replies":[{"embeddable":true,"href":"https:\/\/norway.eramet.com\/no\/wp-json\/wp\/v2\/comments?post=51916"}],"version-history":[{"count":11,"href":"https:\/\/norway.eramet.com\/no\/wp-json\/wp\/v2\/pages\/51916\/revisions"}],"predecessor-version":[{"id":52437,"href":"https:\/\/norway.eramet.com\/no\/wp-json\/wp\/v2\/pages\/51916\/revisions\/52437"}],"up":[{"embeddable":true,"href":"https:\/\/norway.eramet.com\/no\/wp-json\/wp\/v2\/pages\/51914"}],"wp:attachment":[{"href":"https:\/\/norway.eramet.com\/no\/wp-json\/wp\/v2\/media?parent=51916"}],"curies":[{"name":"wp","href":"https:\/\/api.w.org\/{rel}","templated":true}]}}